{"id":812,"date":"2025-11-18T15:39:27","date_gmt":"2025-11-18T20:39:27","guid":{"rendered":"https:\/\/eorc-creo.ca\/home\/"},"modified":"2026-03-13T16:26:38","modified_gmt":"2026-03-13T20:26:38","slug":"home","status":"publish","type":"page","link":"https:\/\/eorc-creo.ca\/fr\/","title":{"rendered":"Accueil"},"content":{"rendered":"<div class=\"wpb-content-wrapper\"><p>[vc_row type=\u00a0\u00bbin_grid\u00a0\u00bb text_align=\u00a0\u00bbcenter\u00a0\u00bb background_position=\u00a0\u00bb\u00a0\u00bb css=\u00a0\u00bb.vc_custom_1773433596896{background-image: url(https:\/\/eorc-creo.ca\/wp-content\/uploads\/2026\/03\/eorc-creo-homepage-banner-v1.jpg?id=1483) !important;background-position: center !important;background-repeat: no-repeat !important;background-size: cover !important;}\u00a0\u00bb min_height=\u00a0\u00bb535&Prime; el_class=\u00a0\u00bbacc-title-row shape-with-bar\u00a0\u00bb][vc_column][vc_single_image image=\u00a0\u00bb1491&Prime; img_size=\u00a0\u00bbfull\u00a0\u00bb css=\u00a0\u00bb\u00a0\u00bb][\/vc_column][\/vc_row][vc_row type=\u00a0\u00bbin_grid\u00a0\u00bb text_align=\u00a0\u00bbinherit\u00a0\u00bb background_position=\u00a0\u00bb\u00a0\u00bb css=\u00a0\u00bb.vc_custom_1763566732518{background-position: center !important;background-repeat: no-repeat !important;background-size: cover !important;}\u00a0\u00bb el_class=\u00a0\u00bbacc-title-text-row padding-100&Prime;][vc_column][vc_row_inner equal_height=\u00a0\u00bbyes\u00a0\u00bb type=\u00a0\u00bbfull_width\u00a0\u00bb text_align=\u00a0\u00bbinherit\u00a0\u00bb background_position=\u00a0\u00bb\u00a0\u00bb el_class=\u00a0\u00bbacc-title-text-inner-row\u00a0\u00bb][vc_column_inner el_class=\u00a0\u00bbtext-right\u00a0\u00bb width=\u00a0\u00bb1\/3&Prime;][vc_column_text css=\u00a0\u00bb\u00a0\u00bb el_class=\u00a0\u00bbacc-title\u00a0\u00bb]<\/p>\n<h2>Ensemble, b\u00e2tissons des communaut\u00e9s plus fortes<\/h2>\n<p>[\/vc_column_text][vc_column_text css=\u00a0\u00bb\u00a0\u00bb]<a class=\"dist-btn type3 btn-fleche\" href=\"https:\/\/eorc-creo.ca\/fr\/programmes\/\" target=\"_self\">Voir les programmes<\/a><br \/>\n<a class=\"dist-btn type2 btn-fleche\" href=\"https:\/\/eorc-creo.ca\/fr\/impliquez-vous\/faire-un-don\/\" target=\"_self\">Faire un don<\/a>[\/vc_column_text][\/vc_column_inner][vc_column_inner el_class=\u00a0\u00bbmax-width-95 margin-left-auto\u00a0\u00bb width=\u00a0\u00bb2\/3&Prime;][vc_column_text css=\u00a0\u00bb\u00a0\u00bb el_class=\u00a0\u00bblarge\u00a0\u00bb]Nous offrons des services de soutien confidentiels et culturellement sensibles aux individus et aux familles. Nous sommes l\u00e0 pour vous aider \u00e0 acc\u00e9der aux bonnes ressources, trouver du soutien et cr\u00e9er des liens au sein de votre communaut\u00e9.[\/vc_column_text][\/vc_column_inner][\/vc_row_inner][\/vc_column][\/vc_row][vc_row type=\u00a0\u00bbin_grid\u00a0\u00bb text_align=\u00a0\u00bbinherit\u00a0\u00bb background_position=\u00a0\u00bb\u00a0\u00bb css=\u00a0\u00bb.vc_custom_1761155177438{background-color: #D1D082 !important;}\u00a0\u00bb el_class=\u00a0\u00bbpadding-100&Prime;][vc_column][vc_row_inner type=\u00a0\u00bbfull_width\u00a0\u00bb text_align=\u00a0\u00bbcenter\u00a0\u00bb background_position=\u00a0\u00bb\u00a0\u00bb][vc_column_inner][vc_column_text css=\u00a0\u00bb\u00a0\u00bb el_class=\u00a0\u00bbline-after-h2-center line-after-h2&Prime;]<\/p>\n<h2>Acc\u00e8s rapide aux services<\/h2>\n<p>[\/vc_column_text][\/vc_column_inner][\/vc_row_inner][\/vc_column][\/vc_row][vc_row type=\u00a0\u00bbfull_width\u00a0\u00bb text_align=\u00a0\u00bbinherit\u00a0\u00bb background_position=\u00a0\u00bb\u00a0\u00bb el_class=\u00a0\u00bbacc-who-we-are-row\u00a0\u00bb][vc_column][vc_row_inner equal_height=\u00a0\u00bbyes\u00a0\u00bb type=\u00a0\u00bbfull_width\u00a0\u00bb text_align=\u00a0\u00bbinherit\u00a0\u00bb background_position=\u00a0\u00bb\u00a0\u00bb el_class=\u00a0\u00bbacc-who-we-are-inner-row\u00a0\u00bb][vc_column_inner width=\u00a0\u00bb1\/2&Prime;][vc_column_text css=\u00a0\u00bb\u00a0\u00bb]<\/p>\n<h2>Qui nous sommes<\/h2>\n<p>[\/vc_column_text][vc_column_text css=\u00a0\u00bb\u00a0\u00bb]Depuis plus de 45 ans, le CREO est une ressource communautaire de confiance \u00e0 Ottawa, offrant des services de soutien complets aux individus et aux familles confront\u00e9s \u00e0 des situations de crise.<\/p>\n<p>Notre \u00e9quipe de professionnels et de b\u00e9n\u00e9voles form\u00e9s travaille ensemble pour cr\u00e9er un environnement s\u00e9curitaire et accueillant o\u00f9 chacun peut acc\u00e9der \u00e0 l\u2019aide dont il a besoin, sans jugement ni obstacles.[\/vc_column_text][vc_separator color=\u00a0\u00bbcustom\u00a0\u00bb border_width=\u00a0\u00bb2&Prime; css=\u00a0\u00bb\u00a0\u00bb][vc_column_text css=\u00a0\u00bb\u00a0\u00bb]<\/p>\n<div class=\"who-we-are-crisis-row\">\n<div class=\"who-we-are-crisis-col\">\n<p class=\"who-we-are-crisis-big-text\">15+<\/p>\n<p class=\"who-we-are-crisis-text\">Programmes diff\u00e9rents offerts<\/p>\n<\/div>\n<\/div>\n<p>[\/vc_column_text]<a href=\"\/fr\/a-propos\/\" target=\"_self\" class=\"dist-btn\">En savoir plus sur nous<\/a>[\/vc_column_inner][vc_column_inner width=\u00a0\u00bb1\/2&Prime; css=\u00a0\u00bb.vc_custom_1761156847389{background-image: url(https:\/\/eorc-creo.ca\/wp-content\/uploads\/2025\/10\/eorc-who-we-are-img.jpg?id=125) !important;}\u00a0\u00bb][\/vc_column_inner][\/vc_row_inner][\/vc_column][\/vc_row][vc_row type=\u00a0\u00bbin_grid\u00a0\u00bb text_align=\u00a0\u00bbinherit\u00a0\u00bb background_position=\u00a0\u00bb\u00a0\u00bb css=\u00a0\u00bb.vc_custom_1761158347438{background-image: url(https:\/\/eorc-creo.ca\/wp-content\/uploads\/2025\/10\/eorc-get-involved-bg.jpg?id=130) !important;background-position: center !important;background-repeat: no-repeat !important;background-size: cover !important;}\u00a0\u00bb el_class=\u00a0\u00bbpadding-100&Prime;][vc_column][vc_row_inner type=\u00a0\u00bbfull_width\u00a0\u00bb text_align=\u00a0\u00bbcenter\u00a0\u00bb background_position=\u00a0\u00bb\u00a0\u00bb el_class=\u00a0\u00bbpadding-b-50&Prime;][vc_column_inner][vc_column_text css=\u00a0\u00bb\u00a0\u00bb el_class=\u00a0\u00bbline-after-h2-center line-after-h2 white-text\u00a0\u00bb]<\/p>\n<h2>S\u2019impliquer<\/h2>\n<p>[\/vc_column_text][vc_column_text css=\u00a0\u00bb\u00a0\u00bb el_class=\u00a0\u00bbwhite-text large\u00a0\u00bb]Joignez-vous \u00e0 notre communaut\u00e9 de personnes engag\u00e9es qui contribuent \u00e0 cr\u00e9er un changement positif \u00e0 Ottawa.<br \/>\nIl existe de nombreuses fa\u00e7ons de soutenir notre mission.[\/vc_column_text][\/vc_column_inner][\/vc_row_inner][vc_row_inner equal_height=\u00a0\u00bbyes\u00a0\u00bb type=\u00a0\u00bbfull_width\u00a0\u00bb text_align=\u00a0\u00bbinherit\u00a0\u00bb background_position=\u00a0\u00bb\u00a0\u00bb el_class=\u00a0\u00bbget-involved-links-row\u00a0\u00bb][vc_column_inner width=\u00a0\u00bb1\/4&Prime;][vc_single_image image=\u00a0\u00bb782&Prime; img_size=\u00a0\u00bbfull\u00a0\u00bb alignment=\u00a0\u00bbright\u00a0\u00bb css=\u00a0\u00bb.vc_custom_1761159154767{margin-bottom: 5px !important;}\u00a0\u00bb][vc_column_text css=\u00a0\u00bb.vc_custom_1769719448336{margin-bottom: 10px !important;}\u00a0\u00bb]<\/p>\n<h4>Faire un don<\/h4>\n<p>[\/vc_column_text][vc_column_text css=\u00a0\u00bb.vc_custom_1769719456670{margin-bottom: 20px !important;}\u00a0\u00bb el_class=\u00a0\u00bbget-involved-text\u00a0\u00bb]Soutenez nos programmes par un don ponctuel ou mensuel[\/vc_column_text]<a href=\"\" target=\"_self\" class=\"dist-btn type4\">En savoir plus<\/a>[vc_column_text css=\u00a0\u00bb\u00a0\u00bb el_class=\u00a0\u00bbget-involved-link\u00a0\u00bb]<a href=\"https:\/\/eorc-creo.ca\/fr\/impliquez-vous\/faire-un-don\/\">Link<\/a>[\/vc_column_text][\/vc_column_inner][vc_column_inner width=\u00a0\u00bb1\/4&Prime;][vc_single_image image=\u00a0\u00bb796&Prime; img_size=\u00a0\u00bbfull\u00a0\u00bb alignment=\u00a0\u00bbright\u00a0\u00bb css=\u00a0\u00bb.vc_custom_1761747419322{margin-bottom: 5px !important;}\u00a0\u00bb][vc_column_text css=\u00a0\u00bb.vc_custom_1769719470396{margin-bottom: 10px !important;}\u00a0\u00bb]<\/p>\n<h4>B\u00e9n\u00e9volat<\/h4>\n<p>[\/vc_column_text][vc_column_text css=\u00a0\u00bb.vc_custom_1769719478871{margin-bottom: 20px !important;}\u00a0\u00bb el_class=\u00a0\u00bbget-involved-text\u00a0\u00bb]Partagez votre temps et vos comp\u00e9tences pour aider les membres de la communaut\u00e9[\/vc_column_text]<a href=\"\" target=\"_self\" class=\"dist-btn type4\">En savoir plus<\/a>[vc_column_text css=\u00a0\u00bb\u00a0\u00bb el_class=\u00a0\u00bbget-involved-link\u00a0\u00bb]<a href=\"https:\/\/eorc-creo.ca\/fr\/impliquez-vous\/benevoles\/\">Link<\/a>[\/vc_column_text][\/vc_column_inner][vc_column_inner width=\u00a0\u00bb1\/4&Prime;][vc_single_image image=\u00a0\u00bb797&Prime; img_size=\u00a0\u00bbfull\u00a0\u00bb alignment=\u00a0\u00bbright\u00a0\u00bb css=\u00a0\u00bb.vc_custom_1761747427300{margin-bottom: 5px !important;}\u00a0\u00bb][vc_column_text css=\u00a0\u00bb.vc_custom_1769719492778{margin-bottom: 10px !important;}\u00a0\u00bb]<\/p>\n<h4>Carri\u00e8res<\/h4>\n<p>[\/vc_column_text][vc_column_text css=\u00a0\u00bb.vc_custom_1769719499683{margin-bottom: 20px !important;}\u00a0\u00bb el_class=\u00a0\u00bbget-involved-text\u00a0\u00bb]Rejoignez notre \u00e9quipe de professionnels d\u00e9vou\u00e9s[\/vc_column_text]<a href=\"\" target=\"_self\" class=\"dist-btn type4\">En savoir plus<\/a>[vc_column_text css=\u00a0\u00bb\u00a0\u00bb el_class=\u00a0\u00bbget-involved-link\u00a0\u00bb]<a href=\"https:\/\/eorc-creo.ca\/fr\/carrieres\/\">Link<\/a>[\/vc_column_text][\/vc_column_inner][vc_column_inner width=\u00a0\u00bb1\/4&Prime;][vc_single_image image=\u00a0\u00bb798&Prime; img_size=\u00a0\u00bbfull\u00a0\u00bb alignment=\u00a0\u00bbright\u00a0\u00bb css=\u00a0\u00bb.vc_custom_1761747432933{margin-bottom: 5px !important;}\u00a0\u00bb][vc_column_text css=\u00a0\u00bb.vc_custom_1769719516415{margin-bottom: 10px !important;}\u00a0\u00bb]<\/p>\n<h4>\u00c9tudiants<\/h4>\n<p>[\/vc_column_text][vc_column_text css=\u00a0\u00bb.vc_custom_1769719526488{margin-bottom: 20px !important;}\u00a0\u00bb el_class=\u00a0\u00bbget-involved-text\u00a0\u00bb]Stages pratiques et possibilit\u00e9s de placement disponibles[\/vc_column_text]<a href=\"\" target=\"_self\" class=\"dist-btn type4\">En savoir plus<\/a>[vc_column_text css=\u00a0\u00bb\u00a0\u00bb el_class=\u00a0\u00bbget-involved-link\u00a0\u00bb]<a href=\"https:\/\/eorc-creo.ca\/fr\/impliquez-vous\/stages-pour-etudiants\/\">Link<\/a>[\/vc_column_text][\/vc_column_inner][\/vc_row_inner][\/vc_column][\/vc_row][vc_row type=\u00a0\u00bbin_grid\u00a0\u00bb text_align=\u00a0\u00bbinherit\u00a0\u00bb background_position=\u00a0\u00bb\u00a0\u00bb el_class=\u00a0\u00bbcommunity-trust-impact-row padding-100&Prime;][vc_column][vc_row_inner type=\u00a0\u00bbfull_width\u00a0\u00bb text_align=\u00a0\u00bbcenter\u00a0\u00bb background_position=\u00a0\u00bb\u00a0\u00bb el_class=\u00a0\u00bbpadding-b-50&Prime;][vc_column_inner][vc_column_text css=\u00a0\u00bb\u00a0\u00bb el_class=\u00a0\u00bbline-after-h2-center line-after-h2&Prime;]<\/p>\n<h2>Confiance et impact communautaire<\/h2>\n<p>[\/vc_column_text][\/vc_column_inner][\/vc_row_inner][vc_row_inner equal_height=\u00a0\u00bbyes\u00a0\u00bb content_placement=\u00a0\u00bbmiddle\u00a0\u00bb type=\u00a0\u00bbfull_width\u00a0\u00bb text_align=\u00a0\u00bbinherit\u00a0\u00bb background_position=\u00a0\u00bb\u00a0\u00bb el_class=\u00a0\u00bbcommunity-trust-impact-inner-row\u00a0\u00bb][vc_column_inner width=\u00a0\u00bb7\/12&Prime;][vc_column_text css=\u00a0\u00bb\u00a0\u00bb]<\/p>\n<p class=\"testimonial-text\">\u00ab Je suis tellement reconnaissante envers vous tous pour m\u2019avoir aid\u00e9e durant une p\u00e9riode difficile en tant que nouvelle arrivante. Gr\u00e2ce \u00e0 vous et aux ressources que vous m\u2019avez fournies, j\u2019ai pu trouver un emploi et je fonctionne maintenant mieux. Vous continuez \u00e9galement \u00e0 m\u2019aider avec le programme alimentaire d\u2019urgence. \u00bb<\/p>\n<p class=\"testimonial-participant\">Participant(e) au Programme de ressources, r\u00e9f\u00e9rences et sensibilisation<\/p>\n<p>[\/vc_column_text][vc_column_text css=\u00a0\u00bb\u00a0\u00bb]<\/p>\n<p class=\"testimonial-text\">\u00ab Je pense souvent \u00e0 l\u2019incroyable soutien et aux conseils que vous m\u2019avez apport\u00e9s lorsque je me suis s\u00e9par\u00e9e et que je devais naviguer \u00e0 la fois mon dossier de violence domestique et les proc\u00e9dures devant le tribunal de la famille. Je suis vraiment reconnaissante pour tout ce que vous avez fait pour m\u2019aider dans cette p\u00e9riode si difficile. \u00bb<\/p>\n<p class=\"testimonial-participant\">Participant(e) au Programme de violence fond\u00e9e sur le genre<\/p>\n<p>[\/vc_column_text][\/vc_column_inner][vc_column_inner width=\u00a0\u00bb5\/12&Prime;][vc_column_text css=\u00a0\u00bb\u00a0\u00bb]<\/p>\n<div class=\"impact-metrics-row\">\n<div class=\"impact-metrics-col\">\n<p class=\"impact-metrics-big-text\">5,000+<\/p>\n<p class=\"impact-metrics-text\">Personnes soutenues chaque ann\u00e9e<\/p>\n<\/div>\n<div class=\"impact-metrics-col\">\n<p class=\"impact-metrics-big-text\">98%<\/p>\n<p class=\"impact-metrics-text\">Taux de satisfaction des clients<\/p>\n<\/div>\n<div class=\"impact-metrics-col\">\n<p class=\"impact-metrics-big-text\">40+<\/p>\n<p class=\"impact-metrics-text\">Ans au service de la communaut\u00e9<\/p>\n<\/div>\n<div class=\"impact-metrics-col\">\n<p class=\"impact-metrics-big-text\">100+<\/p>\n<p class=\"impact-metrics-text\">B\u00e9n\u00e9voles form\u00e9s<\/p>\n<\/div>\n<\/div>\n<p>[\/vc_column_text][\/vc_column_inner][\/vc_row_inner][\/vc_column][\/vc_row]<\/p>\n<\/div>","protected":false},"excerpt":{"rendered":"<p>[vc_row type=\u00a0\u00bbin_grid\u00a0\u00bb text_align=\u00a0\u00bbcenter\u00a0\u00bb background_position=\u00a0\u00bb\u00a0\u00bb css=\u00a0\u00bb.vc_custom_1773433596896{background-image: url(https:\/\/eorc-creo.ca\/wp-content\/uploads\/2026\/03\/eorc-creo-homepage-banner-v1.jpg?id=1483) !important;background-position: center !important;background-repeat: no-repeat !important;background-size: cover !important;}\u00a0\u00bb min_height=\u00a0\u00bb535&Prime; el_class=\u00a0\u00bbacc-title-row shape-with-bar\u00a0\u00bb][vc_column][vc_single_image image=\u00a0\u00bb1491&Prime; img_size=\u00a0\u00bbfull\u00a0\u00bb css=\u00a0\u00bb\u00a0\u00bb][\/vc_column][\/vc_row][vc_row type=\u00a0\u00bbin_grid\u00a0\u00bb text_align=\u00a0\u00bbinherit\u00a0\u00bb background_position=\u00a0\u00bb\u00a0\u00bb css=\u00a0\u00bb.vc_custom_1763566732518{background-position: center !important;background-repeat: no-repeat !important;background-size: cover !important;}\u00a0\u00bb el_class=\u00a0\u00bbacc-title-text-row padding-100&Prime;][vc_column][vc_row_inner equal_height=\u00a0\u00bbyes\u00a0\u00bb type=\u00a0\u00bbfull_width\u00a0\u00bb text_align=\u00a0\u00bbinherit\u00a0\u00bb background_position=\u00a0\u00bb\u00a0\u00bb el_class=\u00a0\u00bbacc-title-text-inner-row\u00a0\u00bb][vc_column_inner el_class=\u00a0\u00bbtext-right\u00a0\u00bb width=\u00a0\u00bb1\/3&Prime;][vc_column_text css=\u00a0\u00bb\u00a0\u00bb el_class=\u00a0\u00bbacc-title\u00a0\u00bb] Ensemble, b\u00e2tissons des communaut\u00e9s plus fortes [\/vc_column_text][vc_column_text css=\u00a0\u00bb\u00a0\u00bb]Voir les programmes Faire un don[\/vc_column_text][\/vc_column_inner][vc_column_inner el_class=\u00a0\u00bbmax-width-95 margin-left-auto\u00a0\u00bb [&hellip;]<\/p>\n","protected":false},"author":1,"featured_media":0,"parent":0,"menu_order":0,"comment_status":"closed","ping_status":"closed","template":"","meta":{"_acf_changed":false,"_seopress_robots_primary_cat":"","_seopress_titles_title":"","_seopress_titles_desc":"","_seopress_robots_index":"","footnotes":""},"class_list":["post-812","page","type-page","status-publish","hentry"],"acf":[],"_links":{"self":[{"href":"https:\/\/eorc-creo.ca\/fr\/wp-json\/wp\/v2\/pages\/812","targetHints":{"allow":["GET"]}}],"collection":[{"href":"https:\/\/eorc-creo.ca\/fr\/wp-json\/wp\/v2\/pages"}],"about":[{"href":"https:\/\/eorc-creo.ca\/fr\/wp-json\/wp\/v2\/types\/page"}],"author":[{"embeddable":true,"href":"https:\/\/eorc-creo.ca\/fr\/wp-json\/wp\/v2\/users\/1"}],"replies":[{"embeddable":true,"href":"https:\/\/eorc-creo.ca\/fr\/wp-json\/wp\/v2\/comments?post=812"}],"version-history":[{"count":11,"href":"https:\/\/eorc-creo.ca\/fr\/wp-json\/wp\/v2\/pages\/812\/revisions"}],"predecessor-version":[{"id":1493,"href":"https:\/\/eorc-creo.ca\/fr\/wp-json\/wp\/v2\/pages\/812\/revisions\/1493"}],"wp:attachment":[{"href":"https:\/\/eorc-creo.ca\/fr\/wp-json\/wp\/v2\/media?parent=812"}],"curies":[{"name":"wp","href":"https:\/\/api.w.org\/{rel}","templated":true}]}}