{"id":1266,"date":"2025-10-27T14:05:36","date_gmt":"2025-10-27T18:05:36","guid":{"rendered":"https:\/\/eorc-creo.ca\/?page_id=1266"},"modified":"2026-04-20T09:06:50","modified_gmt":"2026-04-20T13:06:50","slug":"programmes","status":"publish","type":"page","link":"https:\/\/eorc-creo.ca\/fr\/programmes\/","title":{"rendered":"Programmes"},"content":{"rendered":"<div class=\"wpb-content-wrapper\"><p>[vc_row type=\u00a0\u00bbin_grid\u00a0\u00bb text_align=\u00a0\u00bbcenter\u00a0\u00bb background_position=\u00a0\u00bb\u00a0\u00bb css=\u00a0\u00bb.vc_custom_1761671692813{background-image: url(https:\/\/eorc-creo.ca\/wp-content\/uploads\/2025\/10\/eorc-gbvs-title-img.jpg?id=175) !important;background-position: center !important;background-repeat: no-repeat !important;background-size: cover !important;}\u00a0\u00bb min_height=\u00a0\u00bb535&Prime; el_class=\u00a0\u00bbarchive-programs-title-row title-img-row shape-with-bar\u00a0\u00bb][vc_column][\/vc_column][\/vc_row][vc_row type=\u00a0\u00bbin_grid\u00a0\u00bb text_align=\u00a0\u00bbinherit\u00a0\u00bb background_position=\u00a0\u00bb\u00a0\u00bb el_class=\u00a0\u00bbarchive-programs-title-text-row padding-100&Prime;][vc_column][vc_row_inner type=\u00a0\u00bbfull_width\u00a0\u00bb text_align=\u00a0\u00bbinherit\u00a0\u00bb background_position=\u00a0\u00bb\u00a0\u00bb el_class=\u00a0\u00bbarchive-programs-title-inner-text-row\u00a0\u00bb][vc_column_inner el_class=\u00a0\u00bbmax-width-95&Prime; width=\u00a0\u00bb7\/12&Prime;][vc_column_text css=\u00a0\u00bb\u00a0\u00bb el_class=\u00a0\u00bbline-after-h2&Prime;]<\/p>\n<h1>Nos programmes et services<\/h1>\n<p>[\/vc_column_text][vc_column_text css=\u00a0\u00bb\u00a0\u00bb el_class=\u00a0\u00bblarge\u00a0\u00bb]Au CREO, nous offrons une vaste gamme de programmes et de services pour soutenir les individus et les familles \u00e0 toutes les \u00e9tapes de la vie. De l\u2019intervention en situation de crise et du counselling aux services pour les a\u00een\u00e9s, les aidants, les enfants, les jeunes et les familles, notre \u00e9quipe est l\u00e0 pour vous aider.[\/vc_column_text][\/vc_column_inner][vc_column_inner el_class=\u00a0\u00bbmax-width-95 margin-0-auto\u00a0\u00bb width=\u00a0\u00bb5\/12&Prime;][vc_column_text css=\u00a0\u00bb\u00a0\u00bb el_class=\u00a0\u00bbcrisis-support-available-title\u00a0\u00bb]<\/p>\n<h4>Domaines d&rsquo;intervention<\/h4>\n<p>[\/vc_column_text][vc_column_text css=\u00a0\u00bb\u00a0\u00bb el_class=\u00a0\u00bblarge crisis-support-available-text\u00a0\u00bb]D\u00e9couvrez notre large \u00e9ventail de programmes con\u00e7us pour vous accompagner, vous et vos proches, gr\u00e2ce \u00e0 des soins accessibles, inclusifs et bienveillants.[\/vc_column_text][vc_column_text css=\u00a0\u00bb.vc_custom_1776690384954{margin-bottom: 20px !important;}\u00a0\u00bb]<\/p>\n<div class=\"crisis-need-help-now-row\">\n<div class=\"crisis-need-help-now-col\">\n<div class=\"crisis-need-help-now-icon\"><\/div>\n<\/div>\n<div class=\"crisis-need-help-now-col\">\n<p class=\"dist-btn type4\">Explorez<\/p>\n<\/div>\n<\/div>\n<p>[\/vc_column_text][vc_column_text css=\u00a0\u00bb\u00a0\u00bb]<a class=\"crisis-need-help-now-link\" href=\"#programsArea\">Link<\/a>[\/vc_column_text][\/vc_column_inner][\/vc_row_inner][\/vc_column][\/vc_row][vc_row type=\u00a0\u00bbin_grid\u00a0\u00bb text_align=\u00a0\u00bbinherit\u00a0\u00bb background_position=\u00a0\u00bb\u00a0\u00bb el_class=\u00a0\u00bbpadding-100 how-can-we-help-row\u00a0\u00bb][vc_column][vc_row_inner type=\u00a0\u00bbfull_width\u00a0\u00bb text_align=\u00a0\u00bbcenter\u00a0\u00bb background_position=\u00a0\u00bb\u00a0\u00bb el_class=\u00a0\u00bbpadding-b-100&Prime;][vc_column_inner][vc_column_text css=\u00a0\u00bb\u00a0\u00bb el_class=\u00a0\u00bbline-after-h2-center line-after-h2 white-text\u00a0\u00bb]<\/p>\n<h2>Comment nous pouvons vous aider<\/h2>\n<p>[\/vc_column_text][vc_column_text css=\u00a0\u00bb\u00a0\u00bb el_class=\u00a0\u00bbwhite-text large\u00a0\u00bb]Nos programmes sont con\u00e7us pour vous rencontrer l\u00e0 o\u00f9 vous \u00eates, offrant un soutien imm\u00e9diat et des solutions \u00e0 long terme. Tous les services sont gratuits, confidentiels et disponibles en anglais et en fran\u00e7ais.[\/vc_column_text][\/vc_column_inner][\/vc_row_inner][vc_row_inner equal_height=\u00a0\u00bbyes\u00a0\u00bb type=\u00a0\u00bbfull_width\u00a0\u00bb text_align=\u00a0\u00bbinherit\u00a0\u00bb background_position=\u00a0\u00bb\u00a0\u00bb el_class=\u00a0\u00bbhow-can-we-help-inner-row\u00a0\u00bb][vc_column_inner width=\u00a0\u00bb1\/3&Prime;][vc_column_text css=\u00a0\u00bb\u00a0\u00bb]<\/p>\n<h4>S\u00fbr et confidentiel<\/h4>\n<p>[\/vc_column_text][vc_column_text css=\u00a0\u00bb\u00a0\u00bb el_class=\u00a0\u00bbget-involved-text\u00a0\u00bb]Soutenez nos programmes par un don ponctuel ou mensuel[\/vc_column_text][\/vc_column_inner][vc_column_inner width=\u00a0\u00bb1\/3&Prime;][vc_column_text css=\u00a0\u00bb\u00a0\u00bb]<\/p>\n<h4>Fiable et r\u00e9actif<\/h4>\n<p>[\/vc_column_text][vc_column_text css=\u00a0\u00bb\u00a0\u00bb el_class=\u00a0\u00bbget-involved-text\u00a0\u00bb]Vous pouvez compter sur notre personnel d\u00e9vou\u00e9 pour r\u00e9pondre avec soin et vous orienter vers le bon soutien au moment o\u00f9 vous en avez besoin.[\/vc_column_text][\/vc_column_inner][vc_column_inner width=\u00a0\u00bb1\/3&Prime;][vc_column_text css=\u00a0\u00bb\u00a0\u00bb]<\/p>\n<h4>Culturellement sensible<\/h4>\n<p>[\/vc_column_text][vc_column_text css=\u00a0\u00bb\u00a0\u00bb el_class=\u00a0\u00bbget-involved-text\u00a0\u00bb]Services offerts dans le respect des origines, cultures et situations individuelles.[\/vc_column_text][\/vc_column_inner][\/vc_row_inner][\/vc_column][\/vc_row][vc_row type=\u00a0\u00bbfull_width\u00a0\u00bb text_align=\u00a0\u00bbinherit\u00a0\u00bb background_position=\u00a0\u00bb\u00a0\u00bb css=\u00a0\u00bb.vc_custom_1761671671544{margin-top: -26px !important;}\u00a0\u00bb][vc_column]<div class=\"dist-shortcode-container wpb_content_element\">  <div class=\"shape-ligne \">\r\n          <svg viewBox=\"0 0 2560 42\" preserveAspectRatio=\"xMaxYMid slice\" aria-hidden=\"true\" style=\"top: 0px;\">\r\n        <path d=\"M2560,25.4v16.5h-257.9c-9,0-16-.8-21.5-2-4.2-.9-7.5-2-10.1-3.3-4.1-1.9-6.8-4.1-9.2-6.4-2.5-2.3-4.4-4.9-6.2-7.7-.9-1.4-2.6-2.8-4.7-3.8-1.1-.4-2.2-.8-3.3-1-1.1-.3-2.2-.3-3.1-.3-2.2,0-3.9.4-5.3.9s-2.5,1.2-3.4,1.8c-6.5,4.9-12.3,8.6-17.7,11.4-4,2.2-7.9,3.8-12,5.2-5.9,2-12.3,3.3-19.9,4.2-7.6.8-16.5,1.2-27.4,1.2H836.7L0,42.4v-16.9h2158c10.9,0,19.8-.3,27.4-1.1,7.6-.9,13.8-2.2,19.9-4.2,4-1.4,7.9-3.1,12-5.2,5.4-2.8,11.2-6.5,17.7-11.4.9-.6,2-1.3,3.4-1.8,1.4-.5,3.1-.9,5.3-.9s2,0,3.1.3c1.1.1,2.2.5,3.3,1,2,.9,3.7,2.4,4.7,3.8,2,2.7,3.9,5.4,6.2,7.7,2.3,2.4,5.1,4.5,9.2,6.4,2.8,1.3,6.1,2.4,10.1,3.3h.3c5.4,1.3,12.4,2,21.5,2h257.9Z\" fill=\"#354F4A\"><\/path>\r\n      <\/svg>\r\n          <svg viewBox=\"0 0 2560 42\" preserveAspectRatio=\"xMaxYMid slice\" aria-hidden=\"true\" style=\"top: 15px;\">\r\n        <path d=\"M2560,25.4v16.5h-257.9c-9,0-16-.8-21.5-2-4.2-.9-7.5-2-10.1-3.3-4.1-1.9-6.8-4.1-9.2-6.4-2.5-2.3-4.4-4.9-6.2-7.7-.9-1.4-2.6-2.8-4.7-3.8-1.1-.4-2.2-.8-3.3-1-1.1-.3-2.2-.3-3.1-.3-2.2,0-3.9.4-5.3.9s-2.5,1.2-3.4,1.8c-6.5,4.9-12.3,8.6-17.7,11.4-4,2.2-7.9,3.8-12,5.2-5.9,2-12.3,3.3-19.9,4.2-7.6.8-16.5,1.2-27.4,1.2H836.7L0,42.4v-16.9h2158c10.9,0,19.8-.3,27.4-1.1,7.6-.9,13.8-2.2,19.9-4.2,4-1.4,7.9-3.1,12-5.2,5.4-2.8,11.2-6.5,17.7-11.4.9-.6,2-1.3,3.4-1.8,1.4-.5,3.1-.9,5.3-.9s2,0,3.1.3c1.1.1,2.2.5,3.3,1,2,.9,3.7,2.4,4.7,3.8,2,2.7,3.9,5.4,6.2,7.7,2.3,2.4,5.1,4.5,9.2,6.4,2.8,1.3,6.1,2.4,10.1,3.3h.3c5.4,1.3,12.4,2,21.5,2h257.9Z\" fill=\"#F06153\"><\/path>\r\n      <\/svg>\r\n          <svg viewBox=\"0 0 2560 42\" preserveAspectRatio=\"xMaxYMid slice\" aria-hidden=\"true\" style=\"top: 30px;\">\r\n        <path d=\"M2560,25.4v16.5h-257.9c-9,0-16-.8-21.5-2-4.2-.9-7.5-2-10.1-3.3-4.1-1.9-6.8-4.1-9.2-6.4-2.5-2.3-4.4-4.9-6.2-7.7-.9-1.4-2.6-2.8-4.7-3.8-1.1-.4-2.2-.8-3.3-1-1.1-.3-2.2-.3-3.1-.3-2.2,0-3.9.4-5.3.9s-2.5,1.2-3.4,1.8c-6.5,4.9-12.3,8.6-17.7,11.4-4,2.2-7.9,3.8-12,5.2-5.9,2-12.3,3.3-19.9,4.2-7.6.8-16.5,1.2-27.4,1.2H836.7L0,42.4v-16.9h2158c10.9,0,19.8-.3,27.4-1.1,7.6-.9,13.8-2.2,19.9-4.2,4-1.4,7.9-3.1,12-5.2,5.4-2.8,11.2-6.5,17.7-11.4.9-.6,2-1.3,3.4-1.8,1.4-.5,3.1-.9,5.3-.9s2,0,3.1.3c1.1.1,2.2.5,3.3,1,2,.9,3.7,2.4,4.7,3.8,2,2.7,3.9,5.4,6.2,7.7,2.3,2.4,5.1,4.5,9.2,6.4,2.8,1.3,6.1,2.4,10.1,3.3h.3c5.4,1.3,12.4,2,21.5,2h257.9Z\" fill=\"#FBAF2C\"><\/path>\r\n      <\/svg>\r\n          <svg viewBox=\"0 0 2560 42\" preserveAspectRatio=\"xMaxYMid slice\" aria-hidden=\"true\" style=\"top: 45px;\">\r\n        <path d=\"M2560,25.4v16.5h-257.9c-9,0-16-.8-21.5-2-4.2-.9-7.5-2-10.1-3.3-4.1-1.9-6.8-4.1-9.2-6.4-2.5-2.3-4.4-4.9-6.2-7.7-.9-1.4-2.6-2.8-4.7-3.8-1.1-.4-2.2-.8-3.3-1-1.1-.3-2.2-.3-3.1-.3-2.2,0-3.9.4-5.3.9s-2.5,1.2-3.4,1.8c-6.5,4.9-12.3,8.6-17.7,11.4-4,2.2-7.9,3.8-12,5.2-5.9,2-12.3,3.3-19.9,4.2-7.6.8-16.5,1.2-27.4,1.2H836.7L0,42.4v-16.9h2158c10.9,0,19.8-.3,27.4-1.1,7.6-.9,13.8-2.2,19.9-4.2,4-1.4,7.9-3.1,12-5.2,5.4-2.8,11.2-6.5,17.7-11.4.9-.6,2-1.3,3.4-1.8,1.4-.5,3.1-.9,5.3-.9s2,0,3.1.3c1.1.1,2.2.5,3.3,1,2,.9,3.7,2.4,4.7,3.8,2,2.7,3.9,5.4,6.2,7.7,2.3,2.4,5.1,4.5,9.2,6.4,2.8,1.3,6.1,2.4,10.1,3.3h.3c5.4,1.3,12.4,2,21.5,2h257.9Z\" fill=\"#E5E2DA\"><\/path>\r\n      <\/svg>\r\n          <svg viewBox=\"0 0 2560 42\" preserveAspectRatio=\"xMaxYMid slice\" aria-hidden=\"true\" style=\"top: 60px;\">\r\n        <path d=\"M2560,25.4v16.5h-257.9c-9,0-16-.8-21.5-2-4.2-.9-7.5-2-10.1-3.3-4.1-1.9-6.8-4.1-9.2-6.4-2.5-2.3-4.4-4.9-6.2-7.7-.9-1.4-2.6-2.8-4.7-3.8-1.1-.4-2.2-.8-3.3-1-1.1-.3-2.2-.3-3.1-.3-2.2,0-3.9.4-5.3.9s-2.5,1.2-3.4,1.8c-6.5,4.9-12.3,8.6-17.7,11.4-4,2.2-7.9,3.8-12,5.2-5.9,2-12.3,3.3-19.9,4.2-7.6.8-16.5,1.2-27.4,1.2H836.7L0,42.4v-16.9h2158c10.9,0,19.8-.3,27.4-1.1,7.6-.9,13.8-2.2,19.9-4.2,4-1.4,7.9-3.1,12-5.2,5.4-2.8,11.2-6.5,17.7-11.4.9-.6,2-1.3,3.4-1.8,1.4-.5,3.1-.9,5.3-.9s2,0,3.1.3c1.1.1,2.2.5,3.3,1,2,.9,3.7,2.4,4.7,3.8,2,2.7,3.9,5.4,6.2,7.7,2.3,2.4,5.1,4.5,9.2,6.4,2.8,1.3,6.1,2.4,10.1,3.3h.3c5.4,1.3,12.4,2,21.5,2h257.9Z\" fill=\"#F4A4B2\"><\/path>\r\n      <\/svg>\r\n      <\/div>\r\n  <\/div>[\/vc_column][\/vc_row][vc_row type=\u00a0\u00bbfull_width\u00a0\u00bb text_align=\u00a0\u00bbinherit\u00a0\u00bb background_position=\u00a0\u00bb\u00a0\u00bb el_class=\u00a0\u00bbpadding-100 programs-area-row\u00a0\u00bb el_id=\u00a0\u00bbprogramsArea\u00a0\u00bb][vc_column][vc_row_inner type=\u00a0\u00bbin_grid\u00a0\u00bb text_align=\u00a0\u00bbcenter\u00a0\u00bb background_position=\u00a0\u00bb\u00a0\u00bb el_class=\u00a0\u00bbpadding-b-100&Prime;][vc_column_inner][vc_column_text css=\u00a0\u00bb\u00a0\u00bb el_class=\u00a0\u00bbline-after-h2-center line-after-h2&Prime;]<\/p>\n<h2>Domaines de programme<\/h2>\n<p>[\/vc_column_text][\/vc_column_inner][\/vc_row_inner][vc_row_inner type=\u00a0\u00bbfull_width\u00a0\u00bb text_align=\u00a0\u00bbinherit\u00a0\u00bb background_position=\u00a0\u00bb\u00a0\u00bb el_class=\u00a0\u00bbprograms-category-row\u00a0\u00bb][vc_column_inner]<div class=\"dist-shortcode-container wpb_content_element\">    <div class=\"blog-listing-holder\">\r\n        <div class=\"container\">\r\n            <div class=\"blog-listing-inner\">\r\n                                    <article id=\"page-1295\" class=\"blog-listing-item color-1\">\r\n                        <div class=\"blog-listing-article-inner\">\r\n                            <div class=\"blog-listing-content\">\r\n                                                                    <div class=\"blog-listing-icon\"\r\n                                        style=\"-webkit-mask-image:url('https:\/\/eorc-creo.ca\/wp-content\/uploads\/2025\/10\/eorc-community-programs-icon.svg');\r\n                                               mask-image:url('https:\/\/eorc-creo.ca\/wp-content\/uploads\/2025\/10\/eorc-community-programs-icon.svg');\">\r\n                                    <\/div>\r\n                                \r\n                                <h4 class=\"blog-listing-title\">D\u00e9veloppement et engagement communautaires<\/h4>\r\n\r\n                                <div class=\"blog-listing-desc\">\r\n                                    <p>Le CREO travaille avec les r\u00e9sident\u00b7es, partenaires et organismes locaux pour renforcer et connecter les communaut\u00e9s. Par le biais de sensibilisation, plaidoyer, \u00e9ducation et initiatives collaboratives, ces programmes r\u00e9pondent aux besoins locaux, r\u00e9duisent les obstacles et favorisent l\u2019\u00e9quit\u00e9, l\u2019inclusion et le changement social.<\/p>\n                                <\/div>\r\n\r\n                                <div class=\"blog-listing-small-desc\">\r\n                                                                            <div class=\"term-small-description\"><p>Pour : Tous les membres de la communaut\u00e9<br \/>\nRendez-vous flexibles disponibles<\/p>\n<\/div>\r\n                                                                    <\/div>\r\n\r\n                                <p class=\"dist-btn\">En savoir plus<\/p>\r\n                            <\/div>\r\n\r\n                            <a class=\"category-link\" href=\"https:\/\/eorc-creo.ca\/fr\/programmes\/developpement-et-engagement-communautaires\/\"><\/a>\r\n                        <\/div>\r\n                    <\/article>\r\n                                        <article id=\"page-1283\" class=\"blog-listing-item color-2\">\r\n                        <div class=\"blog-listing-article-inner\">\r\n                            <div class=\"blog-listing-content\">\r\n                                                                    <div class=\"blog-listing-icon\"\r\n                                        style=\"-webkit-mask-image:url('https:\/\/eorc-creo.ca\/wp-content\/uploads\/2025\/10\/eorc-resource-programs-icon.svg');\r\n                                               mask-image:url('https:\/\/eorc-creo.ca\/wp-content\/uploads\/2025\/10\/eorc-resource-programs-icon.svg');\">\r\n                                    <\/div>\r\n                                \r\n                                <h4 class=\"blog-listing-title\">Ressources, r\u00e9f\u00e9rences et liaison<\/h4>\r\n\r\n                                <div class=\"blog-listing-desc\">\r\n                                    <p>\u00c9couter vos besoins, vous connecter aux bonnes ressources et vous guider \u00e0 chaque \u00e9tape \u2014 afin que vous puissiez acc\u00e9der au soutien dont vous avez besoin pour vous \u00e9panouir.<\/p>\n                                <\/div>\r\n\r\n                                <div class=\"blog-listing-small-desc\">\r\n                                                                            <div class=\"term-small-description\"><p>Trouver les bonnes ressources<br \/>\nVous guider \u00e0 chaque \u00e9tape<\/p>\n<\/div>\r\n                                                                    <\/div>\r\n\r\n                                <p class=\"dist-btn\">En savoir plus<\/p>\r\n                            <\/div>\r\n\r\n                            <a class=\"category-link\" href=\"https:\/\/eorc-creo.ca\/fr\/programmes\/ressources-references-et-liaison\/\"><\/a>\r\n                        <\/div>\r\n                    <\/article>\r\n                                        <article id=\"page-1287\" class=\"blog-listing-item color-3\">\r\n                        <div class=\"blog-listing-article-inner\">\r\n                            <div class=\"blog-listing-content\">\r\n                                                                    <div class=\"blog-listing-icon\"\r\n                                        style=\"-webkit-mask-image:url('https:\/\/eorc-creo.ca\/wp-content\/uploads\/2025\/10\/eorc-senior-programs-icon.svg');\r\n                                               mask-image:url('https:\/\/eorc-creo.ca\/wp-content\/uploads\/2025\/10\/eorc-senior-programs-icon.svg');\">\r\n                                    <\/div>\r\n                                \r\n                                <h4 class=\"blog-listing-title\">Services de soutien aux a\u00een\u00e9s et aux adultes avec incapacit\u00e9s physiques<\/h4>\r\n\r\n                                <div class=\"blog-listing-desc\">\r\n                                    <p>Offrir une gamme de services pour aider les a\u00een\u00e9s et adultes ayant une incapacit\u00e9 physique \u00e0 vivre en toute s\u00e9curit\u00e9, de mani\u00e8re autonome et avec dignit\u00e9 dans leur domicile et leur communaut\u00e9.<\/p>\n                                <\/div>\r\n\r\n                                <div class=\"blog-listing-small-desc\">\r\n                                                                            <div class=\"term-small-description\"><p>Pour : Adultes de 55 ans et plus et leurs aidants<br \/>\nVisites \u00e0 domicile disponibles<\/p>\n<\/div>\r\n                                                                    <\/div>\r\n\r\n                                <p class=\"dist-btn\">En savoir plus<\/p>\r\n                            <\/div>\r\n\r\n                            <a class=\"category-link\" href=\"https:\/\/eorc-creo.ca\/fr\/programmes\/services-de-soutien-aux-aines-et-aux-adultes-avec-incapacites-physiques\/\"><\/a>\r\n                        <\/div>\r\n                    <\/article>\r\n                                        <article id=\"page-1272\" class=\"blog-listing-item color-4\">\r\n                        <div class=\"blog-listing-article-inner\">\r\n                            <div class=\"blog-listing-content\">\r\n                                                                    <div class=\"blog-listing-icon\"\r\n                                        style=\"-webkit-mask-image:url('https:\/\/eorc-creo.ca\/wp-content\/uploads\/2025\/10\/eorc-youth-programs-icon.svg');\r\n                                               mask-image:url('https:\/\/eorc-creo.ca\/wp-content\/uploads\/2025\/10\/eorc-youth-programs-icon.svg');\">\r\n                                    <\/div>\r\n                                \r\n                                <h4 class=\"blog-listing-title\">Soutien aux enfants et aux jeunes<\/h4>\r\n\r\n                                <div class=\"blog-listing-desc\">\r\n                                    <p>Offrir des programmes adapt\u00e9s \u00e0 l\u2019\u00e2ge pour promouvoir le bien-\u00eatre, la r\u00e9silience et un d\u00e9veloppement sain. Nos services aident les jeunes \u00e0 renforcer leur confiance, \u00e0 faire face aux d\u00e9fis et \u00e0 s\u2019\u00e9panouir dans leur communaut\u00e9.<\/p>\n                                <\/div>\r\n\r\n                                <div class=\"blog-listing-small-desc\">\r\n                                                                            <div class=\"term-small-description\"><p>Tranche d\u2019\u00e2ge : 5-24 ans<br \/>\nProgrammes scolaires disponibles<\/p>\n<\/div>\r\n                                                                    <\/div>\r\n\r\n                                <p class=\"dist-btn\">En savoir plus<\/p>\r\n                            <\/div>\r\n\r\n                            <a class=\"category-link\" href=\"https:\/\/eorc-creo.ca\/fr\/programmes\/soutien-aux-enfants-et-aux-jeunes\/\"><\/a>\r\n                        <\/div>\r\n                    <\/article>\r\n                                        <article id=\"page-1279\" class=\"blog-listing-item color-1\">\r\n                        <div class=\"blog-listing-article-inner\">\r\n                            <div class=\"blog-listing-content\">\r\n                                \r\n                                <h4 class=\"blog-listing-title\">Soutien contre la violence fond\u00e9e sur le genre<\/h4>\r\n\r\n                                <div class=\"blog-listing-desc\">\r\n                                                                    <\/div>\r\n\r\n                                <div class=\"blog-listing-small-desc\">\r\n                                                                    <\/div>\r\n\r\n                                <p class=\"dist-btn\">En savoir plus<\/p>\r\n                            <\/div>\r\n\r\n                            <a class=\"category-link\" href=\"https:\/\/eorc-creo.ca\/fr\/programmes\/soutien-contre-la-violence-fondee-sur-le-genre\/\"><\/a>\r\n                        <\/div>\r\n                    <\/article>\r\n                                <\/div>\r\n        <\/div>\r\n    <\/div>\r\n    <\/div>[\/vc_column_inner][\/vc_row_inner][\/vc_column][\/vc_row]<\/p>\n<\/div>","protected":false},"excerpt":{"rendered":"<p>[vc_row type=\u00a0\u00bbin_grid\u00a0\u00bb text_align=\u00a0\u00bbcenter\u00a0\u00bb background_position=\u00a0\u00bb\u00a0\u00bb css=\u00a0\u00bb.vc_custom_1761671692813{background-image: url(https:\/\/eorc-creo.ca\/wp-content\/uploads\/2025\/10\/eorc-gbvs-title-img.jpg?id=175) !important;background-position: center !important;background-repeat: no-repeat !important;background-size: cover !important;}\u00a0\u00bb min_height=\u00a0\u00bb535&Prime; el_class=\u00a0\u00bbarchive-programs-title-row title-img-row shape-with-bar\u00a0\u00bb][vc_column][\/vc_column][\/vc_row][vc_row type=\u00a0\u00bbin_grid\u00a0\u00bb text_align=\u00a0\u00bbinherit\u00a0\u00bb background_position=\u00a0\u00bb\u00a0\u00bb el_class=\u00a0\u00bbarchive-programs-title-text-row padding-100&Prime;][vc_column][vc_row_inner type=\u00a0\u00bbfull_width\u00a0\u00bb text_align=\u00a0\u00bbinherit\u00a0\u00bb background_position=\u00a0\u00bb\u00a0\u00bb el_class=\u00a0\u00bbarchive-programs-title-inner-text-row\u00a0\u00bb][vc_column_inner el_class=\u00a0\u00bbmax-width-95&Prime; width=\u00a0\u00bb7\/12&Prime;][vc_column_text css=\u00a0\u00bb\u00a0\u00bb el_class=\u00a0\u00bbline-after-h2&Prime;] Nos programmes et services [\/vc_column_text][vc_column_text css=\u00a0\u00bb\u00a0\u00bb el_class=\u00a0\u00bblarge\u00a0\u00bb]Au CREO, nous offrons une vaste gamme de programmes et de services pour soutenir les individus et les familles [&hellip;]<\/p>\n","protected":false},"author":1,"featured_media":0,"parent":0,"menu_order":0,"comment_status":"closed","ping_status":"closed","template":"","meta":{"_acf_changed":false,"_seopress_robots_primary_cat":"","_seopress_titles_title":"","_seopress_titles_desc":"","_seopress_robots_index":"","footnotes":""},"class_list":["post-1266","page","type-page","status-publish","hentry"],"acf":[],"_links":{"self":[{"href":"https:\/\/eorc-creo.ca\/fr\/wp-json\/wp\/v2\/pages\/1266","targetHints":{"allow":["GET"]}}],"collection":[{"href":"https:\/\/eorc-creo.ca\/fr\/wp-json\/wp\/v2\/pages"}],"about":[{"href":"https:\/\/eorc-creo.ca\/fr\/wp-json\/wp\/v2\/types\/page"}],"author":[{"embeddable":true,"href":"https:\/\/eorc-creo.ca\/fr\/wp-json\/wp\/v2\/users\/1"}],"replies":[{"embeddable":true,"href":"https:\/\/eorc-creo.ca\/fr\/wp-json\/wp\/v2\/comments?post=1266"}],"version-history":[{"count":4,"href":"https:\/\/eorc-creo.ca\/fr\/wp-json\/wp\/v2\/pages\/1266\/revisions"}],"predecessor-version":[{"id":1507,"href":"https:\/\/eorc-creo.ca\/fr\/wp-json\/wp\/v2\/pages\/1266\/revisions\/1507"}],"wp:attachment":[{"href":"https:\/\/eorc-creo.ca\/fr\/wp-json\/wp\/v2\/media?parent=1266"}],"curies":[{"name":"wp","href":"https:\/\/api.w.org\/{rel}","templated":true}]}}