{"id":1261,"date":"2025-11-17T14:57:42","date_gmt":"2025-11-17T19:57:42","guid":{"rendered":"https:\/\/eorc-creo.ca\/hiding-your-tracks\/"},"modified":"2026-01-29T12:29:02","modified_gmt":"2026-01-29T17:29:02","slug":"masquer-vos-traces","status":"publish","type":"page","link":"https:\/\/eorc-creo.ca\/fr\/masquer-vos-traces\/","title":{"rendered":"Masquer vos traces"},"content":{"rendered":"<div class=\"wpb-content-wrapper\"><p>[vc_row type=\u00a0\u00bbin_grid\u00a0\u00bb text_align=\u00a0\u00bbcenter\u00a0\u00bb background_position=\u00a0\u00bb\u00a0\u00bb css=\u00a0\u00bb.vc_custom_1761671692813{background-image: url(https:\/\/eorc-creo.ca\/wp-content\/uploads\/2025\/10\/eorc-gbvs-title-img.jpg?id=175) !important;background-position: center !important;background-repeat: no-repeat !important;background-size: cover !important;}\u00a0\u00bb min_height=\u00a0\u00bb535&Prime; el_class=\u00a0\u00bbarchive-programs-title-row title-img-row shape-with-bar\u00a0\u00bb][vc_column][\/vc_column][\/vc_row][vc_row type=\u00a0\u00bbin_grid\u00a0\u00bb text_align=\u00a0\u00bbinherit\u00a0\u00bb background_position=\u00a0\u00bb\u00a0\u00bb el_class=\u00a0\u00bbarchive-programs-title-text-row padding-100&Prime;][vc_column][vc_row_inner type=\u00a0\u00bbfull_width\u00a0\u00bb text_align=\u00a0\u00bbinherit\u00a0\u00bb background_position=\u00a0\u00bb\u00a0\u00bb el_class=\u00a0\u00bbarchive-programs-title-inner-text-row\u00a0\u00bb][vc_column_inner el_class=\u00a0\u00bbmax-width-95&Prime;][vc_column_text css=\u00a0\u00bb\u00a0\u00bb el_class=\u00a0\u00bbline-after-h2&Prime;]<\/p>\n<h1>Masquer vos traces<\/h1>\n<p>[\/vc_column_text][vc_column_text css=\u00a0\u00bb\u00a0\u00bb el_class=\u00a0\u00bblarge\u00a0\u00bb]Dans le monde num\u00e9rique d\u2019aujourd\u2019hui, chaque clic, recherche et visite de site Web peut laisser une trace. Pour beaucoup, cela est sans cons\u00e9quence. Toutefois, pour les personnes qui vivent dans une relation dangereuse ou contr\u00f4lante, ces traces num\u00e9riques peuvent repr\u00e9senter un risque s\u00e9rieux. Cette page vise \u00e0 vous aider \u00e0 comprendre le fonctionnement des navigateurs Web, ce que r\u00e9v\u00e8le votre historique de navigation et les mesures que vous pouvez prendre pour prot\u00e9ger votre vie priv\u00e9e \u2014 surtout lorsque votre s\u00e9curit\u00e9 est en jeu. Que vous planifiiez une prochaine \u00e9tape ou que vous cherchiez simplement \u00e0 rester discret\u00b7\u00e8te, savoir g\u00e9rer votre activit\u00e9 en ligne est un outil puissant.[\/vc_column_text][\/vc_column_inner][\/vc_row_inner][\/vc_column][\/vc_row][vc_row type=\u00a0\u00bbin_grid\u00a0\u00bb text_align=\u00a0\u00bbinherit\u00a0\u00bb background_position=\u00a0\u00bb\u00a0\u00bb el_class=\u00a0\u00bbpadding-100&Prime;][vc_column][vc_row_inner type=\u00a0\u00bbfull_width\u00a0\u00bb text_align=\u00a0\u00bbinherit\u00a0\u00bb background_position=\u00a0\u00bb\u00a0\u00bb el_class=\u00a0\u00bbbenefits-getting-involved-row marg-bot-50&Prime;][vc_column_inner][vc_column_text css=\u00a0\u00bb\u00a0\u00bb el_class=\u00a0\u00bbline-after-h2&Prime;]<\/p>\n<h2>Qu\u2019est-ce qu\u2019un navigateur Web ?<\/h2>\n<p>[\/vc_column_text][vc_column_text css=\u00a0\u00bb\u00a0\u00bb]Un navigateur Web est essentiellement un portail num\u00e9rique qui permet d\u2019acc\u00e9der \u00e0 Internet. Chaque fois que vous utilisez un programme dans lequel vous saisissez une adresse Web pour acc\u00e9der \u00e0 un site (comme www.google.com), vous utilisez un navigateur Web. Il existe un grand nombre de navigateurs, mais parmi les plus populaires, on retrouve Google Chrome, Mozilla Firefox, Microsoft Edge et Safari.[\/vc_column_text][\/vc_column_inner][\/vc_row_inner][vc_row_inner type=\u00a0\u00bbfull_width\u00a0\u00bb text_align=\u00a0\u00bbinherit\u00a0\u00bb background_position=\u00a0\u00bb\u00a0\u00bb el_class=\u00a0\u00bbbenefits-getting-involved-row marg-bot-50&Prime;][vc_column_inner][vc_column_text css=\u00a0\u00bb\u00a0\u00bb el_class=\u00a0\u00bbline-after-h2&Prime;]<\/p>\n<h2>Avantages et risques potentiels de la suppression de l\u2019historique de navigation<\/h2>\n<p>[\/vc_column_text][vc_column_text css=\u00a0\u00bb\u00a0\u00bb]Supprimer votre historique de navigation peut \u00eatre utile si vous vous trouvez dans l\u2019une des situations suivantes :<\/p>\n<ul>\n<li>Vous soup\u00e7onnez que votre partenaire surveille votre activit\u00e9 en ligne, par exemple parce qu\u2019il ou elle conna\u00eet des d\u00e9tails pr\u00e9cis que vous ne lui avez jamais communiqu\u00e9s, ou savait que vous participeriez \u00e0 un \u00e9v\u00e9nement pour lequel vous vous \u00eates inscrit\u00b7e en ligne.<\/li>\n<li>Vous planifiez de quitter un partenaire violent et vous utilisez Internet pour organiser votre d\u00e9part (recherches d\u2019information, communications avec des amis ou des membres de la famille, achats de fournitures, r\u00e9servations d\u2019h\u00f4tel, etc.).<\/li>\n<li>Vous avez quitt\u00e9 une situation de violence, mais vous craignez que votre agresseur ait install\u00e9 un logiciel sur votre t\u00e9l\u00e9phone ou votre ordinateur portable permettant de surveiller votre activit\u00e9 \u00e0 distance.<\/li>\n<\/ul>\n<p>Il est important de noter que la suppression de l\u2019historique de navigation comporte aussi certains risques. Si vous ne supprimiez pas votre historique auparavant, votre agresseur pourrait devenir suspicieux s\u2019il remarque que votre historique est soudainement vide. Une solution de rechange pourrait \u00eatre d\u2019utiliser le mode navigation priv\u00e9e (ou \u00ab Incognito \u00bb), qui emp\u00eache le navigateur d\u2019enregistrer les sites visit\u00e9s sans avoir \u00e0 supprimer l\u2019historique existant (nous expliquons comment activer ce mode dans notre article de blogue consacr\u00e9 aux conseils g\u00e9n\u00e9raux en mati\u00e8re de s\u00e9curit\u00e9 technologique).[\/vc_column_text][\/vc_column_inner][\/vc_row_inner][vc_row_inner type=\u00a0\u00bbfull_width\u00a0\u00bb text_align=\u00a0\u00bbinherit\u00a0\u00bb background_position=\u00a0\u00bb\u00a0\u00bb el_class=\u00a0\u00bbbenefits-getting-involved-row marg-bot-50&Prime;][vc_column_inner][vc_column_text css=\u00a0\u00bb\u00a0\u00bb el_class=\u00a0\u00bbline-after-h2&Prime;]<\/p>\n<h2>Effacer l\u2019historique selon le navigateur<\/h2>\n<p>[\/vc_column_text]\t\t<div class=\"dist-accordion\" data-type=\"accordion\">\r\n\t\t\t\t\t<div class=\"dist-accordion-section has-icon icon-position-right\">\r\n\t\t\t<div class=\"dist-accordion-title\">\r\n                <h4>Google chrome<\/h4>\r\n                                <span class=\"dist-accordion-icon\">\r\n                    <span class=\"dist-accordion-icon-1\"><i class=\"far fa-chevron-down\"><\/i><\/span>\r\n                                    <\/span>\r\n                            <\/div>\r\n\t\t\t<div class=\"dist-accordion-content\">[vc_column_text css=\u00a0\u00bb\u00a0\u00bb]<\/p>\n<ol>\n<li>Ouvrez le navigateur Chrome.<\/li>\n<li>Cliquez sur l\u2019ic\u00f4ne du menu situ\u00e9e dans le coin sup\u00e9rieur droit de la fen\u00eatre.<\/li>\n<li>Passez la souris sur Plus d\u2019outils, puis s\u00e9lectionnez Effacer les donn\u00e9es de navigation.<\/li>\n<li>Choisissez la p\u00e9riode \u00e0 supprimer : la derni\u00e8re heure, le dernier jour, la derni\u00e8re semaine, les quatre derni\u00e8res semaines ou depuis le d\u00e9but.<\/li>\n<li>S\u00e9lectionnez les types de donn\u00e9es \u00e0 supprimer en cochant ou d\u00e9cochant les cases.<\/li>\n<li>Cliquez sur Effacer les donn\u00e9es de navigation.<\/li>\n<\/ol>\n<p>[\/vc_column_text]<\/div>\r\n\t\t<\/div>\r\n\t\t\t\t<div class=\"dist-accordion-section has-icon icon-position-right\">\r\n\t\t\t<div class=\"dist-accordion-title\">\r\n                <h4>Google Chrome sur t\u00e9l\u00e9phone ou tablette Android<\/h4>\r\n                                <span class=\"dist-accordion-icon\">\r\n                    <span class=\"dist-accordion-icon-1\"><i class=\"far fa-chevron-down\"><\/i><\/span>\r\n                                    <\/span>\r\n                            <\/div>\r\n\t\t\t<div class=\"dist-accordion-content\">[vc_column_text css=\u00a0\u00bb\u00a0\u00bb]<\/p>\n<ol>\n<li>Ouvrez le navigateur Google Chrome sur votre appareil Android.<\/li>\n<li>Touchez l\u2019ic\u00f4ne Plus (trois points) dans le coin sup\u00e9rieur droit, \u00e0 c\u00f4t\u00e9 de la barre d\u2019adresse.<\/li>\n<li>Dans le menu d\u00e9roulant, touchez Historique.<\/li>\n<li>Touchez Effacer les donn\u00e9es de navigation\u2026 au bas de l\u2019\u00e9cran.<\/li>\n<li>S\u00e9lectionnez les cases appropri\u00e9es.<\/li>\n<li>Touchez Effacer les donn\u00e9es de navigation.<\/li>\n<\/ol>\n<p>[\/vc_column_text]<\/div>\r\n\t\t<\/div>\r\n\t\t\t\t<div class=\"dist-accordion-section has-icon icon-position-right\">\r\n\t\t\t<div class=\"dist-accordion-title\">\r\n                <h4>Google Chrome sur iPhone ou iPad<\/h4>\r\n                                <span class=\"dist-accordion-icon\">\r\n                    <span class=\"dist-accordion-icon-1\"><i class=\"far fa-chevron-down\"><\/i><\/span>\r\n                                    <\/span>\r\n                            <\/div>\r\n\t\t\t<div class=\"dist-accordion-content\">[vc_column_text css=\u00a0\u00bb\u00a0\u00bb]<\/p>\n<ol>\n<li>Ouvrez le navigateur Google Chrome sur votre iPhone ou iPad.<\/li>\n<li>Touchez l\u2019ic\u00f4ne Plus (trois points) dans le coin sup\u00e9rieur droit, \u00e0 c\u00f4t\u00e9 de la barre d\u2019adresse.<\/li>\n<li>Touchez Historique.<\/li>\n<li>Touchez Effacer les donn\u00e9es de navigation.<\/li>\n<li>S\u00e9lectionnez les cases appropri\u00e9es.<\/li>\n<li>Touchez Effacer les donn\u00e9es de navigation.<\/li>\n<\/ol>\n<p>[\/vc_column_text]<\/div>\r\n\t\t<\/div>\r\n\t\t\t\t<div class=\"dist-accordion-section has-icon icon-position-right\">\r\n\t\t\t<div class=\"dist-accordion-title\">\r\n                <h4>Mozilla Firefox<\/h4>\r\n                                <span class=\"dist-accordion-icon\">\r\n                    <span class=\"dist-accordion-icon-1\"><i class=\"far fa-chevron-down\"><\/i><\/span>\r\n                                    <\/span>\r\n                            <\/div>\r\n\t\t\t<div class=\"dist-accordion-content\">[vc_column_text css=\u00a0\u00bb\u00a0\u00bb]<\/p>\n<ol>\n<li>Ouvrez le navigateur Firefox.<\/li>\n<li>Cliquez sur Menu dans le coin sup\u00e9rieur droit de l\u2019\u00e9cran.<\/li>\n<li>Cliquez sur Historique.<\/li>\n<li>Cliquez sur Effacer l\u2019historique r\u00e9cent.<\/li>\n<li>S\u00e9lectionnez la p\u00e9riode \u00e0 effacer.<\/li>\n<li>Cliquez sur la fl\u00e8che D\u00e9tails et choisissez les \u00e9l\u00e9ments \u00e0 supprimer.<\/li>\n<li>Cliquez sur Effacer maintenant.<\/li>\n<\/ol>\n<p>[\/vc_column_text]<\/div>\r\n\t\t<\/div>\r\n\t\t\t\t<div class=\"dist-accordion-section has-icon icon-position-right\">\r\n\t\t\t<div class=\"dist-accordion-title\">\r\n                <h4>Safari<\/h4>\r\n                                <span class=\"dist-accordion-icon\">\r\n                    <span class=\"dist-accordion-icon-1\"><i class=\"far fa-chevron-down\"><\/i><\/span>\r\n                                    <\/span>\r\n                            <\/div>\r\n\t\t\t<div class=\"dist-accordion-content\">[vc_column_text css=\u00a0\u00bb\u00a0\u00bb]<\/p>\n<ol>\n<li>Ouvrez la vue Afficher tout l\u2019historique.<\/li>\n<li>Pour supprimer des \u00e9l\u00e9ments pr\u00e9cis, cliquez avec le bouton droit et s\u00e9lectionnez Supprimer, ou appuyez sur Supprimer pour effacer les \u00e9l\u00e9ments s\u00e9lectionn\u00e9s.<\/li>\n<li>Pour tout effacer, cliquez sur Effacer l\u2019historique.<\/li>\n<li>Utilisez le menu d\u00e9roulant pour choisir la p\u00e9riode \u00e0 supprimer.<\/li>\n<li>Cliquez sur Effacer l\u2019historique.<\/li>\n<\/ol>\n<p>[\/vc_column_text]<\/div>\r\n\t\t<\/div>\r\n\t\t\t\t<div class=\"dist-accordion-section has-icon icon-position-right\">\r\n\t\t\t<div class=\"dist-accordion-title\">\r\n                <h4>Safari sur iPhone ou iPad<\/h4>\r\n                                <span class=\"dist-accordion-icon\">\r\n                    <span class=\"dist-accordion-icon-1\"><i class=\"far fa-chevron-down\"><\/i><\/span>\r\n                                    <\/span>\r\n                            <\/div>\r\n\t\t\t<div class=\"dist-accordion-content\">[vc_column_text css=\u00a0\u00bb\u00a0\u00bb]<\/p>\n<ol>\n<li>Ouvrez le navigateur Safari sur votre appareil mobile.<\/li>\n<li>Faites d\u00e9filer vers le haut jusqu\u2019\u00e0 voir la barre d\u2019adresse en haut de l\u2019\u00e9cran et la barre d\u2019outils en bas.<\/li>\n<li>Dans la barre d\u2019outils du bas, touchez la quatri\u00e8me ic\u00f4ne \u00e0 partir de la gauche (ic\u00f4ne de livre).<\/li>\n<li>Touchez l\u2019ic\u00f4ne Historique (en forme d\u2019horloge).<\/li>\n<li>Touchez Effacer dans le coin inf\u00e9rieur droit de l\u2019\u00e9cran.<\/li>\n<\/ol>\n<p>[\/vc_column_text]<\/div>\r\n\t\t<\/div>\r\n\t\t\t\t<div class=\"dist-accordion-section has-icon icon-position-right\">\r\n\t\t\t<div class=\"dist-accordion-title\">\r\n                <h4>Microsoft Edge<\/h4>\r\n                                <span class=\"dist-accordion-icon\">\r\n                    <span class=\"dist-accordion-icon-1\"><i class=\"far fa-chevron-down\"><\/i><\/span>\r\n                                    <\/span>\r\n                            <\/div>\r\n\t\t\t<div class=\"dist-accordion-content\">[vc_column_text css=\u00a0\u00bb\u00a0\u00bb]<\/p>\n<ol>\n<li>Ouvrez le navigateur Microsoft Edge.<\/li>\n<li>Cliquez sur l\u2019ic\u00f4ne Param\u00e8tres et plus dans le coin sup\u00e9rieur droit.<\/li>\n<li>Dans le menu d\u00e9roulant, s\u00e9lectionnez Param\u00e8tres.<\/li>\n<li>Dans le menu de gauche, cliquez sur Confidentialit\u00e9, recherche et services.<\/li>\n<li>En haut de la page, dans la section Effacer les donn\u00e9es de navigation, cliquez sur Choisir les \u00e9l\u00e9ments \u00e0 effacer.<\/li>\n<li>Assurez-vous que la case Historique de navigation est coch\u00e9e, puis cliquez sur Effacer maintenant.<\/li>\n<\/ol>\n<p>[\/vc_column_text]<\/div>\r\n\t\t<\/div>\r\n\t\t\t\t<div class=\"dist-accordion-section has-icon icon-position-right\">\r\n\t\t\t<div class=\"dist-accordion-title\">\r\n                <h4>Microsoft Internet Explorer 7<\/h4>\r\n                                <span class=\"dist-accordion-icon\">\r\n                    <span class=\"dist-accordion-icon-1\"><i class=\"far fa-chevron-down\"><\/i><\/span>\r\n                                    <\/span>\r\n                            <\/div>\r\n\t\t\t<div class=\"dist-accordion-content\">[vc_column_text css=\u00a0\u00bb\u00a0\u00bb]<\/p>\n<ol>\n<li>Ouvrez le navigateur Microsoft Internet Explorer.<\/li>\n<li>Cliquez sur Outils dans le coin sup\u00e9rieur droit.<\/li>\n<li>S\u00e9lectionnez Options Internet dans le menu d\u00e9roulant.<\/li>\n<li>Sous l\u2019onglet G\u00e9n\u00e9ral, dans la section Historique de navigation, cliquez sur Supprimer..<\/li>\n<li>Cochez les cases correspondant aux donn\u00e9es \u00e0 effacer.<\/li>\n<li>Cliquez sur Supprimer.<\/li>\n<\/ol>\n<p>[\/vc_column_text]<\/div>\r\n\t\t<\/div>\r\n\t\t\t\t<\/div>\r\n\t\t[\/vc_column_inner][\/vc_row_inner][\/vc_column][\/vc_row]<\/p>\n<\/div>","protected":false},"excerpt":{"rendered":"<p>[vc_row type=\u00a0\u00bbin_grid\u00a0\u00bb text_align=\u00a0\u00bbcenter\u00a0\u00bb background_position=\u00a0\u00bb\u00a0\u00bb css=\u00a0\u00bb.vc_custom_1761671692813{background-image: url(https:\/\/eorc-creo.ca\/wp-content\/uploads\/2025\/10\/eorc-gbvs-title-img.jpg?id=175) !important;background-position: center !important;background-repeat: no-repeat !important;background-size: cover !important;}\u00a0\u00bb min_height=\u00a0\u00bb535&Prime; el_class=\u00a0\u00bbarchive-programs-title-row title-img-row shape-with-bar\u00a0\u00bb][vc_column][\/vc_column][\/vc_row][vc_row type=\u00a0\u00bbin_grid\u00a0\u00bb text_align=\u00a0\u00bbinherit\u00a0\u00bb background_position=\u00a0\u00bb\u00a0\u00bb el_class=\u00a0\u00bbarchive-programs-title-text-row padding-100&Prime;][vc_column][vc_row_inner type=\u00a0\u00bbfull_width\u00a0\u00bb text_align=\u00a0\u00bbinherit\u00a0\u00bb background_position=\u00a0\u00bb\u00a0\u00bb el_class=\u00a0\u00bbarchive-programs-title-inner-text-row\u00a0\u00bb][vc_column_inner el_class=\u00a0\u00bbmax-width-95&Prime;][vc_column_text css=\u00a0\u00bb\u00a0\u00bb el_class=\u00a0\u00bbline-after-h2&Prime;] Masquer vos traces [\/vc_column_text][vc_column_text css=\u00a0\u00bb\u00a0\u00bb el_class=\u00a0\u00bblarge\u00a0\u00bb]Dans le monde num\u00e9rique d\u2019aujourd\u2019hui, chaque clic, recherche et visite de site Web peut laisser une trace. Pour beaucoup, cela est [&hellip;]<\/p>\n","protected":false},"author":1,"featured_media":0,"parent":0,"menu_order":0,"comment_status":"closed","ping_status":"closed","template":"","meta":{"_acf_changed":false,"_seopress_robots_primary_cat":"","_seopress_titles_title":"","_seopress_titles_desc":"","_seopress_robots_index":"","footnotes":""},"class_list":["post-1261","page","type-page","status-publish","hentry"],"acf":[],"_links":{"self":[{"href":"https:\/\/eorc-creo.ca\/fr\/wp-json\/wp\/v2\/pages\/1261","targetHints":{"allow":["GET"]}}],"collection":[{"href":"https:\/\/eorc-creo.ca\/fr\/wp-json\/wp\/v2\/pages"}],"about":[{"href":"https:\/\/eorc-creo.ca\/fr\/wp-json\/wp\/v2\/types\/page"}],"author":[{"embeddable":true,"href":"https:\/\/eorc-creo.ca\/fr\/wp-json\/wp\/v2\/users\/1"}],"replies":[{"embeddable":true,"href":"https:\/\/eorc-creo.ca\/fr\/wp-json\/wp\/v2\/comments?post=1261"}],"version-history":[{"count":2,"href":"https:\/\/eorc-creo.ca\/fr\/wp-json\/wp\/v2\/pages\/1261\/revisions"}],"predecessor-version":[{"id":1263,"href":"https:\/\/eorc-creo.ca\/fr\/wp-json\/wp\/v2\/pages\/1261\/revisions\/1263"}],"wp:attachment":[{"href":"https:\/\/eorc-creo.ca\/fr\/wp-json\/wp\/v2\/media?parent=1261"}],"curies":[{"name":"wp","href":"https:\/\/api.w.org\/{rel}","templated":true}]}}