{"id":1252,"date":"2025-11-18T12:09:39","date_gmt":"2025-11-18T17:09:39","guid":{"rendered":"https:\/\/eorc-creo.ca\/impliquez-vous\/student-placements\/"},"modified":"2026-02-02T11:00:13","modified_gmt":"2026-02-02T16:00:13","slug":"stages-pour-etudiants","status":"publish","type":"page","link":"https:\/\/eorc-creo.ca\/fr\/impliquez-vous\/stages-pour-etudiants\/","title":{"rendered":"Stages pour \u00e9tudiants"},"content":{"rendered":"<div class=\"wpb-content-wrapper\"><p>[vc_row type=\u00a0\u00bbin_grid\u00a0\u00bb text_align=\u00a0\u00bbcenter\u00a0\u00bb background_position=\u00a0\u00bb\u00a0\u00bb css=\u00a0\u00bb.vc_custom_1765307073720{background-image: url(https:\/\/eorc-creo.ca\/wp-content\/uploads\/2025\/12\/eorc-student-placements-title-bg.jpg?id=1024) !important;background-position: center !important;background-repeat: no-repeat !important;background-size: cover !important;}\u00a0\u00bb min_height=\u00a0\u00bb535&Prime; el_class=\u00a0\u00bblight-green-image-title-shape title-img-row shape-with-bar\u00a0\u00bb][vc_column][\/vc_column][\/vc_row][vc_row type=\u00a0\u00bbin_grid\u00a0\u00bb text_align=\u00a0\u00bbinherit\u00a0\u00bb background_position=\u00a0\u00bb\u00a0\u00bb el_class=\u00a0\u00bbimage-title-text-row padding-100&Prime; css=\u00a0\u00bb.vc_custom_1761751943953{background-color: #D1D082 !important;}\u00a0\u00bb][vc_column][vc_row_inner type=\u00a0\u00bbfull_width\u00a0\u00bb text_align=\u00a0\u00bbinherit\u00a0\u00bb background_position=\u00a0\u00bb\u00a0\u00bb el_class=\u00a0\u00bbimage-title-inner-text-row padding-b-50&Prime;][vc_column_inner el_class=\u00a0\u00bbmax-width-95&Prime;][vc_column_text css=\u00a0\u00bb\u00a0\u00bb el_class=\u00a0\u00bbline-after-h2&Prime;]<\/p>\n<h1>Stages pour \u00e9tudiants<\/h1>\n<p>[\/vc_column_text][vc_column_text css=\u00a0\u00bb\u00a0\u00bb el_class=\u00a0\u00bblarge\u00a0\u00bb]Acqu\u00e9rez une exp\u00e9rience pratique en travail social, counseling et services communautaires gr\u00e2ce \u00e0 nos programmes de stage. Nous vous invitons \u00e0 remplir le formulaire en ligne ci-dessous et \u00e0 joindre votre lettre de motivation ainsi que votre CV.[\/vc_column_text][\/vc_column_inner][\/vc_row_inner][vc_row_inner type=\u00a0\u00bbfull_width\u00a0\u00bb text_align=\u00a0\u00bbinherit\u00a0\u00bb background_position=\u00a0\u00bb\u00a0\u00bb el_class=\u00a0\u00bbbenefits-getting-involved-row\u00a0\u00bb][vc_column_inner]\n<div class=\"wpcf7 no-js\" id=\"wpcf7-f1380-o1\" lang=\"fr-CA\" dir=\"ltr\" data-wpcf7-id=\"1380\">\n<div class=\"screen-reader-response\"><p role=\"status\" aria-live=\"polite\" aria-atomic=\"true\"><\/p> <ul><\/ul><\/div>\n<form action=\"\/fr\/wp-json\/wp\/v2\/pages\/1252#wpcf7-f1380-o1\" method=\"post\" class=\"wpcf7-form init\" aria-label=\"Contact form\" enctype=\"multipart\/form-data\" novalidate=\"novalidate\" data-status=\"init\">\n<fieldset class=\"hidden-fields-container\"><input type=\"hidden\" name=\"_wpcf7\" value=\"1380\" \/><input type=\"hidden\" name=\"_wpcf7_version\" value=\"6.1.5\" \/><input type=\"hidden\" name=\"_wpcf7_locale\" value=\"fr_CA\" \/><input type=\"hidden\" name=\"_wpcf7_unit_tag\" value=\"wpcf7-f1380-o1\" \/><input type=\"hidden\" name=\"_wpcf7_container_post\" value=\"0\" \/><input type=\"hidden\" name=\"_wpcf7_posted_data_hash\" value=\"\" \/><input type=\"hidden\" name=\"_wpcf7cf_hidden_group_fields\" value=\"[]\" \/><input type=\"hidden\" name=\"_wpcf7cf_hidden_groups\" value=\"[]\" \/><input type=\"hidden\" name=\"_wpcf7cf_visible_groups\" value=\"[]\" \/><input type=\"hidden\" name=\"_wpcf7cf_repeaters\" value=\"[]\" \/><input type=\"hidden\" name=\"_wpcf7cf_steps\" value=\"{}\" \/><input type=\"hidden\" name=\"_wpcf7cf_options\" value=\"{&quot;form_id&quot;:1380,&quot;conditions&quot;:[{&quot;then_field&quot;:&quot;language-other&quot;,&quot;and_rules&quot;:[{&quot;if_field&quot;:&quot;spoke-languages&quot;,&quot;operator&quot;:&quot;equals&quot;,&quot;if_value&quot;:&quot;Other&quot;}]}],&quot;settings&quot;:{&quot;animation&quot;:&quot;yes&quot;,&quot;animation_intime&quot;:&quot;200&quot;,&quot;animation_outtime&quot;:&quot;200&quot;,&quot;conditions_ui&quot;:&quot;normal&quot;,&quot;notice_dismissed&quot;:&quot;&quot;,&quot;regex_numeric&quot;:&quot;^[0-9]+$&quot;,&quot;regex_alphabetic&quot;:&quot;^[a-zA-Z]+$&quot;,&quot;regex_alphanumeric&quot;:&quot;^[a-zA-Z0-9]+$&quot;,&quot;regex_date&quot;:&quot;^(0?[1-9]|1[012])[- .](0?[1-9]|[12][0-9]|3[01])[- \\\/.](19|20)?[0-9]{2}$&quot;,&quot;regex_email&quot;:&quot;^[a-zA-Z0-9._%-]+@[a-zA-Z0-9.-]+.[a-zA-Z]{2,4}$&quot;,&quot;regex_numeric_label&quot;:&quot;numeric&quot;,&quot;regex_alphabetic_label&quot;:&quot;alphabetic&quot;,&quot;regex_alphanumeric_label&quot;:&quot;alphanumeric&quot;,&quot;regex_date_label&quot;:&quot;date&quot;,&quot;regex_email_label&quot;:&quot;email&quot;,&quot;regex_custom_1&quot;:&quot;&quot;,&quot;regex_custom_2&quot;:&quot;&quot;,&quot;regex_custom_3&quot;:&quot;&quot;,&quot;regex_custom_4&quot;:&quot;&quot;,&quot;regex_custom_5&quot;:&quot;&quot;,&quot;regex_custom_1_label&quot;:&quot;custom 1&quot;,&quot;regex_custom_2_label&quot;:&quot;custom 2&quot;,&quot;regex_custom_3_label&quot;:&quot;custom 3&quot;,&quot;regex_custom_4_label&quot;:&quot;custom 4&quot;,&quot;regex_custom_5_label&quot;:&quot;custom 5&quot;}}\" \/>\n<\/fieldset>\n<div class=\"vc_row\">\n\t<div class=\"vc_col-sm-12 marg-bot-20\">\n\t\t<h3>Informations sur l\u2019\u00e9tudiant(e)\n\t\t<\/h3>\n\t<\/div>\n\t<div class=\"vc_col-sm-6\">\n\t\t<p><span class=\"wpcf7-form-control-wrap\" data-name=\"your-f-name\"><input size=\"40\" maxlength=\"400\" class=\"wpcf7-form-control wpcf7-text wpcf7-validates-as-required form-input\" autocomplete=\"name\" aria-required=\"true\" aria-invalid=\"false\" placeholder=\"Pr\u00e9nom\" value=\"\" type=\"text\" name=\"your-f-name\" \/><\/span>\n\t\t<\/p>\n\t<\/div>\n\t<div class=\"vc_col-sm-6\">\n\t\t<p><span class=\"wpcf7-form-control-wrap\" data-name=\"your-l-name\"><input size=\"40\" maxlength=\"400\" class=\"wpcf7-form-control wpcf7-text wpcf7-validates-as-required form-input\" autocomplete=\"name\" aria-required=\"true\" aria-invalid=\"false\" placeholder=\"Nom\" value=\"\" type=\"text\" name=\"your-l-name\" \/><\/span>\n\t\t<\/p>\n\t<\/div>\n<\/div>\n<div class=\"vc_row\">\n\t<div class=\"vc_col-sm-12\">\n\t\t<p><span class=\"wpcf7-form-control-wrap\" data-name=\"pronoun\"><input size=\"40\" maxlength=\"400\" class=\"wpcf7-form-control wpcf7-text wpcf7-validates-as-required form-input\" aria-required=\"true\" aria-invalid=\"false\" placeholder=\"Pronom pr\u00e9f\u00e9r\u00e9\" value=\"\" type=\"text\" name=\"pronoun\" \/><\/span>\n\t\t<\/p>\n\t<\/div>\n<\/div>\n<div class=\"vc_row\">\n\t<div class=\"vc_col-sm-6\">\n\t\t<p><span class=\"wpcf7-form-control-wrap\" data-name=\"phone\"><input size=\"40\" maxlength=\"400\" class=\"wpcf7-form-control wpcf7-tel wpcf7-validates-as-required wpcf7-text wpcf7-validates-as-tel form-input\" aria-required=\"true\" aria-invalid=\"false\" placeholder=\"T\u00e9l\u00e9phone\" value=\"\" type=\"tel\" name=\"phone\" \/><\/span>\n\t\t<\/p>\n\t<\/div>\n\t<div class=\"vc_col-sm-6\">\n\t\t<p><span class=\"wpcf7-form-control-wrap\" data-name=\"your-email\"><input size=\"40\" maxlength=\"400\" class=\"wpcf7-form-control wpcf7-email wpcf7-validates-as-required wpcf7-text wpcf7-validates-as-email form-input\" autocomplete=\"email\" aria-required=\"true\" aria-invalid=\"false\" placeholder=\"Courriel\" value=\"\" type=\"email\" name=\"your-email\" \/><\/span>\n\t\t<\/p>\n\t<\/div>\n<\/div>\n<div class=\"vc_row\">\n\t<div class=\"vc_col-sm-6\">\n\t\t<p><span class=\"wpcf7-form-control-wrap\" data-name=\"program\"><input size=\"40\" maxlength=\"400\" class=\"wpcf7-form-control wpcf7-text wpcf7-validates-as-required form-input\" aria-required=\"true\" aria-invalid=\"false\" placeholder=\"Programme\" value=\"\" type=\"text\" name=\"program\" \/><\/span>\n\t\t<\/p>\n\t<\/div>\n\t<div class=\"vc_col-sm-6\">\n\t\t<p><span class=\"wpcf7-form-control-wrap\" data-name=\"year-study\"><input size=\"40\" maxlength=\"400\" class=\"wpcf7-form-control wpcf7-text wpcf7-validates-as-required form-input\" aria-required=\"true\" aria-invalid=\"false\" placeholder=\"Ann\u00e9e d\u2019\u00e9tudes\" value=\"\" type=\"text\" name=\"year-study\" \/><\/span>\n\t\t<\/p>\n\t<\/div>\n<\/div>\n<div class=\"vc_row\">\n\t<div class=\"vc_col-sm-12 marg-bot-20 text-left\">\n\t\t<p class=\"form-label\">Langues\n\t\t<\/p>\n\t\t<p><span class=\"wpcf7-form-control-wrap\" data-name=\"spoke-languages\"><span class=\"wpcf7-form-control wpcf7-checkbox\"><span class=\"wpcf7-list-item first\"><label><input type=\"checkbox\" name=\"spoke-languages[]\" value=\"Anglais\" \/><span class=\"wpcf7-list-item-label\">Anglais<\/span><\/label><\/span><span class=\"wpcf7-list-item\"><label><input type=\"checkbox\" name=\"spoke-languages[]\" value=\"Fran\u00e7ais\" \/><span class=\"wpcf7-list-item-label\">Fran\u00e7ais<\/span><\/label><\/span><span class=\"wpcf7-list-item last\"><label><input type=\"checkbox\" name=\"spoke-languages[]\" value=\"Autre\" \/><span class=\"wpcf7-list-item-label\">Autre<\/span><\/label><\/span><\/span><\/span>\n\t\t<\/p>\n\t<\/div>\n\t<div data-id=\"language-other\" data-orig_data_id=\"language-other\" data-disable_on_hide class=\"\" data-class=\"wpcf7cf_group\">\n\t\t<div class=\"vc_col-sm-12\">\n\t\t\t<p><span class=\"wpcf7-form-control-wrap\" data-name=\"language-specify\"><input size=\"40\" maxlength=\"400\" class=\"wpcf7-form-control wpcf7-text wpcf7-validates-as-required form-input\" autocomplete=\"name\" aria-required=\"true\" aria-invalid=\"false\" placeholder=\"Veuillez pr\u00e9ciser\" value=\"\" type=\"text\" name=\"language-specify\" \/><\/span>\n\t\t\t<\/p>\n\t\t<\/div>\n\t<\/div>\n<\/div>\n<div class=\"vc_row\">\n\t<div class=\"vc_col-sm-12 marg-bot-20\">\n\t\t<h3>Informations sur le stage\n\t\t<\/h3>\n\t<\/div>\n\t<div class=\"vc_col-sm-6\">\n\t\t<p class=\"form-label\">Date de d\u00e9but\n\t\t<\/p>\n\t\t<p><span class=\"wpcf7-form-control-wrap\" data-name=\"start-date\"><input class=\"wpcf7-form-control wpcf7-date wpcf7-validates-as-required wpcf7-validates-as-date form-input\" aria-required=\"true\" aria-invalid=\"false\" value=\"\" type=\"date\" name=\"start-date\" \/><\/span>\n\t\t<\/p>\n\t<\/div>\n\t<div class=\"vc_col-sm-6\">\n\t\t<p class=\"form-label\">Date de fin\n\t\t<\/p>\n\t\t<p><span class=\"wpcf7-form-control-wrap\" data-name=\"end-date\"><input class=\"wpcf7-form-control wpcf7-date wpcf7-validates-as-required wpcf7-validates-as-date form-input\" aria-required=\"true\" aria-invalid=\"false\" value=\"\" type=\"date\" name=\"end-date\" \/><\/span>\n\t\t<\/p>\n\t<\/div>\n\t<div class=\"vc_col-sm-12\">\n\t\t<p><span class=\"wpcf7-form-control-wrap\" data-name=\"hours-complete\"><input size=\"40\" maxlength=\"400\" class=\"wpcf7-form-control wpcf7-text wpcf7-validates-as-required form-input\" aria-required=\"true\" aria-invalid=\"false\" placeholder=\"Nombre d\u2019heures \u00e0 compl\u00e9ter\" value=\"\" type=\"text\" name=\"hours-complete\" \/><\/span>\n\t\t<\/p>\n\t<\/div>\n\t<div class=\"vc_col-sm-12 marg-bot-20 text-left\">\n\t\t<p class=\"form-label\">Quels jours serez-vous au Centre ?\n\t\t<\/p>\n\t\t<p><span class=\"wpcf7-form-control-wrap\" data-name=\"days-centre\"><span class=\"wpcf7-form-control wpcf7-checkbox\"><span class=\"wpcf7-list-item first\"><label><input type=\"checkbox\" name=\"days-centre[]\" value=\"Lundi\" \/><span class=\"wpcf7-list-item-label\">Lundi<\/span><\/label><\/span><span class=\"wpcf7-list-item\"><label><input type=\"checkbox\" name=\"days-centre[]\" value=\"Mardi\" \/><span class=\"wpcf7-list-item-label\">Mardi<\/span><\/label><\/span><span class=\"wpcf7-list-item\"><label><input type=\"checkbox\" name=\"days-centre[]\" value=\"Mercredi\" \/><span class=\"wpcf7-list-item-label\">Mercredi<\/span><\/label><\/span><span class=\"wpcf7-list-item\"><label><input type=\"checkbox\" name=\"days-centre[]\" value=\"Jeudi\" \/><span class=\"wpcf7-list-item-label\">Jeudi<\/span><\/label><\/span><span class=\"wpcf7-list-item last\"><label><input type=\"checkbox\" name=\"days-centre[]\" value=\"Vendredi\" \/><span class=\"wpcf7-list-item-label\">Vendredi<\/span><\/label><\/span><\/span><\/span>\n\t\t<\/p>\n\t<\/div>\n\t<div class=\"vc_col-sm-12\">\n\t\t<p><span class=\"wpcf7-form-control-wrap\" data-name=\"school-supervisor\"><input size=\"40\" maxlength=\"400\" class=\"wpcf7-form-control wpcf7-text wpcf7-validates-as-required form-input\" aria-required=\"true\" aria-invalid=\"false\" placeholder=\"Nom du superviseur scolaire\" value=\"\" type=\"text\" name=\"school-supervisor\" \/><\/span>\n\t\t<\/p>\n\t<\/div>\n\t<div class=\"vc_col-sm-12\">\n\t\t<p><span class=\"wpcf7-form-control-wrap\" data-name=\"contact-details\"><input size=\"40\" maxlength=\"400\" class=\"wpcf7-form-control wpcf7-text wpcf7-validates-as-required form-input\" aria-required=\"true\" aria-invalid=\"false\" placeholder=\"Coordonn\u00e9es\" value=\"\" type=\"text\" name=\"contact-details\" \/><\/span>\n\t\t<\/p>\n\t<\/div>\n<\/div>\n<div class=\"vc_row\">\n\t<div class=\"vc_col-sm-12 marg-bot-20 text-left\">\n\t\t<p class=\"form-label\">Dans quel programme souhaitez-vous effectuer votre stage ?\n\t\t<\/p>\n\t\t<p><span class=\"wpcf7-form-control-wrap\" data-name=\"interested-in\"><span class=\"wpcf7-form-control wpcf7-checkbox\"><span class=\"wpcf7-list-item first\"><label><input type=\"checkbox\" name=\"interested-in[]\" value=\"Violence fond\u00e9e sur le genre\" \/><span class=\"wpcf7-list-item-label\">Violence fond\u00e9e sur le genre<\/span><\/label><\/span><span class=\"wpcf7-list-item\"><label><input type=\"checkbox\" name=\"interested-in[]\" value=\"Programme de jour pour adultes a\u00een\u00e9s atteints de d\u00e9mence\" \/><span class=\"wpcf7-list-item-label\">Programme de jour pour adultes a\u00een\u00e9s atteints de d\u00e9mence<\/span><\/label><\/span><span class=\"wpcf7-list-item\"><label><input type=\"checkbox\" name=\"interested-in[]\" value=\"Enfants et jeunes\" \/><span class=\"wpcf7-list-item-label\">Enfants et jeunes<\/span><\/label><\/span><span class=\"wpcf7-list-item last\"><label><input type=\"checkbox\" name=\"interested-in[]\" value=\"Ressources et r\u00e9f\u00e9rences\" \/><span class=\"wpcf7-list-item-label\">Ressources et r\u00e9f\u00e9rences<\/span><\/label><\/span><\/span><\/span>\n\t\t<\/p>\n\t<\/div>\n<\/div>\n<div class=\"vc_row\">\n\t<div class=\"vc_col-sm-12\">\n\t\t<p><span class=\"wpcf7-form-control-wrap\" data-name=\"message\"><textarea cols=\"40\" rows=\"5\" maxlength=\"2000\" class=\"wpcf7-form-control wpcf7-textarea wpcf7-validates-as-required form-input\" aria-required=\"true\" aria-invalid=\"false\" placeholder=\"Message\" name=\"message\"><\/textarea><\/span>\n\t\t<\/p>\n\t<\/div>\n\t<div class=\"vc_col-sm-12\">\n\t\t<p class=\"form-label\">Veuillez t\u00e9l\u00e9charger votre CV, votre lettre de motivation et tout autre document pertinent (d\u00e9posez les fichiers ici ou s\u00e9lectionnez des fichiers)\n\t\t<\/p>\n\t\t<p><span class=\"wpcf7-form-control-wrap\" data-name=\"my-files\"><input size=\"40\" class=\"wpcf7-form-control wpcf7-multifile form-input\" accept=\"image\/*,.txt\" multiple=\"multiple\" aria-invalid=\"false\" type=\"file\" name=\"my-files[]\" \/><\/span>\n\t\t<\/p>\n\t<\/div>\n\t<div class=\"vc_col-sm-12 text-right\">\n\t\t<p><input class=\"wpcf7-form-control wpcf7-submit has-spinner form-btn\" type=\"submit\" value=\"Envoyer\" \/>\n\t\t<\/p>\n\t<\/div>\n<\/div><input type=\"hidden\" id=\"ct_checkjs_cf7_38db3aed920cf82ab059bfccbd02be6a\" name=\"ct_checkjs_cf7\" value=\"0\" \/><script >setTimeout(function(){var ct_input_name = \"ct_checkjs_cf7_38db3aed920cf82ab059bfccbd02be6a\";if (document.getElementById(ct_input_name) !== null) {var ct_input_value = document.getElementById(ct_input_name).value;document.getElementById(ct_input_name).value = document.getElementById(ct_input_name).value.replace(ct_input_value, '1482690600');}}, 1000);<\/script><input\n                    class=\"apbct_special_field apbct_email_id__wp_contact_form_7\"\n                    name=\"apbct__email_id__wp_contact_form_7\"\n                    aria-label=\"apbct__label_id__wp_contact_form_7\"\n                    type=\"text\" size=\"30\" maxlength=\"200\" autocomplete=\"off\"\n                    value=\"\"\n                \/><div class=\"wpcf7-response-output\" aria-hidden=\"true\"><\/div>\n<\/form>\n<\/div>\n[\/vc_column_inner][\/vc_row_inner][\/vc_column][\/vc_row]<\/p>\n<\/div>","protected":false},"excerpt":{"rendered":"<p>[vc_row type=\u00a0\u00bbin_grid\u00a0\u00bb text_align=\u00a0\u00bbcenter\u00a0\u00bb background_position=\u00a0\u00bb\u00a0\u00bb css=\u00a0\u00bb.vc_custom_1765307073720{background-image: url(https:\/\/eorc-creo.ca\/wp-content\/uploads\/2025\/12\/eorc-student-placements-title-bg.jpg?id=1024) !important;background-position: center !important;background-repeat: no-repeat !important;background-size: cover !important;}\u00a0\u00bb min_height=\u00a0\u00bb535&Prime; el_class=\u00a0\u00bblight-green-image-title-shape title-img-row shape-with-bar\u00a0\u00bb][vc_column][\/vc_column][\/vc_row][vc_row type=\u00a0\u00bbin_grid\u00a0\u00bb text_align=\u00a0\u00bbinherit\u00a0\u00bb background_position=\u00a0\u00bb\u00a0\u00bb el_class=\u00a0\u00bbimage-title-text-row padding-100&Prime; css=\u00a0\u00bb.vc_custom_1761751943953{background-color: #D1D082 !important;}\u00a0\u00bb][vc_column][vc_row_inner type=\u00a0\u00bbfull_width\u00a0\u00bb text_align=\u00a0\u00bbinherit\u00a0\u00bb background_position=\u00a0\u00bb\u00a0\u00bb el_class=\u00a0\u00bbimage-title-inner-text-row padding-b-50&Prime;][vc_column_inner el_class=\u00a0\u00bbmax-width-95&Prime;][vc_column_text css=\u00a0\u00bb\u00a0\u00bb el_class=\u00a0\u00bbline-after-h2&Prime;] Stages pour \u00e9tudiants [\/vc_column_text][vc_column_text css=\u00a0\u00bb\u00a0\u00bb el_class=\u00a0\u00bblarge\u00a0\u00bb]Acqu\u00e9rez une exp\u00e9rience pratique en travail social, counseling et services communautaires gr\u00e2ce \u00e0 nos programmes de stage. [&hellip;]<\/p>\n","protected":false},"author":1,"featured_media":0,"parent":1242,"menu_order":0,"comment_status":"closed","ping_status":"closed","template":"","meta":{"_acf_changed":false,"_seopress_robots_primary_cat":"","_seopress_titles_title":"","_seopress_titles_desc":"","_seopress_robots_index":"","footnotes":""},"class_list":["post-1252","page","type-page","status-publish","hentry"],"acf":[],"_links":{"self":[{"href":"https:\/\/eorc-creo.ca\/fr\/wp-json\/wp\/v2\/pages\/1252","targetHints":{"allow":["GET"]}}],"collection":[{"href":"https:\/\/eorc-creo.ca\/fr\/wp-json\/wp\/v2\/pages"}],"about":[{"href":"https:\/\/eorc-creo.ca\/fr\/wp-json\/wp\/v2\/types\/page"}],"author":[{"embeddable":true,"href":"https:\/\/eorc-creo.ca\/fr\/wp-json\/wp\/v2\/users\/1"}],"replies":[{"embeddable":true,"href":"https:\/\/eorc-creo.ca\/fr\/wp-json\/wp\/v2\/comments?post=1252"}],"version-history":[{"count":3,"href":"https:\/\/eorc-creo.ca\/fr\/wp-json\/wp\/v2\/pages\/1252\/revisions"}],"predecessor-version":[{"id":1383,"href":"https:\/\/eorc-creo.ca\/fr\/wp-json\/wp\/v2\/pages\/1252\/revisions\/1383"}],"up":[{"embeddable":true,"href":"https:\/\/eorc-creo.ca\/fr\/wp-json\/wp\/v2\/pages\/1242"}],"wp:attachment":[{"href":"https:\/\/eorc-creo.ca\/fr\/wp-json\/wp\/v2\/media?parent=1252"}],"curies":[{"name":"wp","href":"https:\/\/api.w.org\/{rel}","templated":true}]}}