{"id":1247,"date":"2025-10-29T11:37:52","date_gmt":"2025-10-29T15:37:52","guid":{"rendered":"https:\/\/eorc-creo.ca\/impliquez-vous\/make-a-donation\/"},"modified":"2026-04-16T15:23:21","modified_gmt":"2026-04-16T19:23:21","slug":"faire-un-don","status":"publish","type":"page","link":"https:\/\/eorc-creo.ca\/fr\/impliquez-vous\/faire-un-don\/","title":{"rendered":"Faire un don"},"content":{"rendered":"<div class=\"wpb-content-wrapper\"><p>[vc_row type=\u00a0\u00bbin_grid\u00a0\u00bb text_align=\u00a0\u00bbcenter\u00a0\u00bb background_position=\u00a0\u00bb\u00a0\u00bb css=\u00a0\u00bb.vc_custom_1765306841346{background-image: url(https:\/\/eorc-creo.ca\/wp-content\/uploads\/2025\/12\/eorc-donation-title-bg.jpg?id=1019) !important;background-position: center !important;background-repeat: no-repeat !important;background-size: cover !important;}\u00a0\u00bb min_height=\u00a0\u00bb535&Prime; el_class=\u00a0\u00bblight-green-image-title-shape title-img-row shape-with-bar\u00a0\u00bb][vc_column][\/vc_column][\/vc_row][vc_row type=\u00a0\u00bbin_grid\u00a0\u00bb text_align=\u00a0\u00bbinherit\u00a0\u00bb background_position=\u00a0\u00bb\u00a0\u00bb el_class=\u00a0\u00bbimage-title-text-row padding-100&Prime; css=\u00a0\u00bb.vc_custom_1761751943953{background-color: #D1D082 !important;}\u00a0\u00bb][vc_column][vc_row_inner type=\u00a0\u00bbfull_width\u00a0\u00bb text_align=\u00a0\u00bbinherit\u00a0\u00bb background_position=\u00a0\u00bb\u00a0\u00bb el_class=\u00a0\u00bbimage-title-inner-text-row\u00a0\u00bb][vc_column_inner el_class=\u00a0\u00bbmax-width-95&Prime;][vc_column_text css=\u00a0\u00bb\u00a0\u00bb el_class=\u00a0\u00bbline-after-h2&Prime;]<\/p>\n<h1>Faire un don<\/h1>\n<p>[\/vc_column_text][vc_column_text css=\u00a0\u00bb\u00a0\u00bb el_class=\u00a0\u00bblarge\u00a0\u00bb]Soutenez vos voisins, familles et la communaut\u00e9 dans le besoin. Votre contribution nous aide \u00e0 offrir des services essentiels aux r\u00e9sidents d\u2019Ottawa confront\u00e9s \u00e0 des situations de crise.[\/vc_column_text][\/vc_column_inner][\/vc_row_inner][\/vc_column][\/vc_row][vc_row type=\u00a0\u00bbin_grid\u00a0\u00bb text_align=\u00a0\u00bbinherit\u00a0\u00bb background_position=\u00a0\u00bb\u00a0\u00bb el_class=\u00a0\u00bbpadding-100&Prime;][vc_column][vc_row_inner type=\u00a0\u00bbfull_width\u00a0\u00bb text_align=\u00a0\u00bbcenter\u00a0\u00bb background_position=\u00a0\u00bb\u00a0\u00bb el_class=\u00a0\u00bbpadding-b-100&Prime;][vc_column_inner][vc_column_text css=\u00a0\u00bb\u00a0\u00bb el_class=\u00a0\u00bbline-after-h2-center line-after-h2&Prime;]<\/p>\n<h2>Votre impact fait une diff\u00e9rence<\/h2>\n<p>[\/vc_column_text][vc_column_text css=\u00a0\u00bb\u00a0\u00bb el_class=\u00a0\u00bblarge\u00a0\u00bb]Chaque don au CREO soutient directement les personnes et les familles de l\u2019Est d\u2019Ottawa. Votre g\u00e9n\u00e9rosit\u00e9 permet de financer des programmes et services communautaires essentiels, notamment : soutien aux a\u00een\u00e9s et aux adultes ayant une d\u00e9ficience physique, programmes de soutien \u00e0 la famille et de lutte contre la violence fond\u00e9e sur le genre, initiatives pour les enfants et les jeunes, intervention en situation de crise et efforts en mati\u00e8re de s\u00e9curit\u00e9 alimentaire. Ensemble, nous cr\u00e9ons un filet de s\u00e9curit\u00e9 pour les membres les plus vuln\u00e9rables de notre communaut\u00e9.[\/vc_column_text][\/vc_column_inner][\/vc_row_inner][vc_row_inner equal_height=\u00a0\u00bbyes\u00a0\u00bb type=\u00a0\u00bbfull_width\u00a0\u00bb text_align=\u00a0\u00bbinherit\u00a0\u00bb background_position=\u00a0\u00bb\u00a0\u00bb el_class=\u00a0\u00bbimpact-makes-difference-inner-row\u00a0\u00bb][vc_column_inner width=\u00a0\u00bb1\/3&Prime;][vc_column_text css=\u00a0\u00bb.vc_custom_1761753475206{margin-bottom: 20px !important;}\u00a0\u00bb]<\/p>\n<h4>$50<\/h4>\n<p>[\/vc_column_text][vc_column_text css=\u00a0\u00bb\u00a0\u00bb el_class=\u00a0\u00bbget-involved-text\u00a0\u00bb]Offre \u00e0 un a\u00een\u00e9 une semaine de repas chauds[\/vc_column_text][\/vc_column_inner][vc_column_inner width=\u00a0\u00bb1\/3&Prime;][vc_column_text css=\u00a0\u00bb.vc_custom_1761753478162{margin-bottom: 20px !important;}\u00a0\u00bb]<\/p>\n<h4>$100<\/h4>\n<p>[\/vc_column_text][vc_column_text css=\u00a0\u00bb\u00a0\u00bb el_class=\u00a0\u00bbget-involved-text\u00a0\u00bb]Fournit quelques jours de nourriture d\u2019urgence pour une famille de quatre personnes[\/vc_column_text][\/vc_column_inner][vc_column_inner width=\u00a0\u00bb1\/3&Prime;][vc_column_text css=\u00a0\u00bb.vc_custom_1761753481079{margin-bottom: 20px !important;}\u00a0\u00bb]<\/p>\n<h4>$250<\/h4>\n<p>[\/vc_column_text][vc_column_text css=\u00a0\u00bb\u00a0\u00bb el_class=\u00a0\u00bbget-involved-text\u00a0\u00bb]Finance huit s\u00e9ances de counseling pour des femmes fuyant la violence conjugale[\/vc_column_text][\/vc_column_inner][\/vc_row_inner][vc_row_inner type=\u00a0\u00bbfull_width\u00a0\u00bb text_align=\u00a0\u00bbinherit\u00a0\u00bb background_position=\u00a0\u00bb\u00a0\u00bb el_class=\u00a0\u00bbimpact-makes-difference-testimonial-row\u00a0\u00bb][vc_column_inner][vc_column_text css=\u00a0\u00bb.vc_custom_1769705917501{margin-bottom: 20px !important;}\u00a0\u00bb el_class=\u00a0\u00bbimpact-makes-difference-testimonial\u00a0\u00bb]<\/p>\n<p class=\"large\">\u00ab Je suis tellement reconnaissante envers vous tous pour m\u2019avoir aid\u00e9e durant une p\u00e9riode difficile en tant que nouvelle arrivante. Gr\u00e2ce \u00e0 vous et aux ressources que vous m\u2019avez fournies, j\u2019ai pu trouver un emploi et je fonctionne maintenant mieux. Vous continuez \u00e9galement \u00e0 m\u2019aider avec le programme alimentaire d\u2019urgence. \u00bb<\/p>\n<p><strong>\u2014 Membre de la communaut\u00e9, Programme de ressources, r\u00e9f\u00e9rences et liaison<\/strong>[\/vc_column_text][\/vc_column_inner][\/vc_row_inner][\/vc_column][\/vc_row][vc_row type=\u00a0\u00bbfull_width\u00a0\u00bb text_align=\u00a0\u00bbcenter\u00a0\u00bb background_position=\u00a0\u00bb\u00a0\u00bb css=\u00a0\u00bb.vc_custom_1761072250483{background-position: center !important;background-repeat: no-repeat !important;background-size: cover !important;}\u00a0\u00bb][vc_column]<div class=\"dist-shortcode-container wpb_content_element\">    <div class=\"color-line\">\r\n                    <span style=\"background:#f59cab\"><\/span>\r\n                    <span style=\"background:#e3e7e8\"><\/span>\r\n                    <span style=\"background:#fbb020\"><\/span>\r\n                    <span style=\"background:#ea5a4b\"><\/span>\r\n                    <span style=\"background:#2c4a48\"><\/span>\r\n                    <span style=\"background:#e9ebe7\"><\/span>\r\n                    <span style=\"background:#3b5654\"><\/span>\r\n                    <span style=\"background:#5a8f8a\"><\/span>\r\n                    <span style=\"background:#f0a017\"><\/span>\r\n                    <span style=\"background:#e1e7e9\"><\/span>\r\n                    <span style=\"background:#c8cf78\"><\/span>\r\n            <\/div>\r\n    <\/div>[\/vc_column][\/vc_row][vc_row type=\u00a0\u00bbin_grid\u00a0\u00bb text_align=\u00a0\u00bbcenter\u00a0\u00bb background_position=\u00a0\u00bb\u00a0\u00bb el_class=\u00a0\u00bbpadding-100&Prime; css=\u00a0\u00bb.vc_custom_1761754703291{background-color: #F7F8F6 !important;}\u00a0\u00bb][vc_column][vc_row_inner type=\u00a0\u00bbfull_width\u00a0\u00bb text_align=\u00a0\u00bbcenter\u00a0\u00bb background_position=\u00a0\u00bb\u00a0\u00bb el_class=\u00a0\u00bbpadding-b-50&Prime;][vc_column_inner][vc_column_text css=\u00a0\u00bb\u00a0\u00bb el_class=\u00a0\u00bbline-after-h2-center line-after-h2&Prime;]<\/p>\n<h2>Don en ligne s\u00e9curis\u00e9<\/h2>\n<p>[\/vc_column_text][\/vc_column_inner][\/vc_row_inner][vc_row_inner type=\u00a0\u00bbfull_width\u00a0\u00bb text_align=\u00a0\u00bbinherit\u00a0\u00bb background_position=\u00a0\u00bb\u00a0\u00bb][vc_column_inner][vc_column_text css=\u00a0\u00bb\u00a0\u00bb]<\/p>\n<div>\n<div data-zeffy-embed=\"\" data-form-url=\"\/embed\/donation-form\/8d4756c7-6218-4509-8629-d754a584524b\"><\/div>\n<div style=\"display: none;\" data-zeffy-embed-fallback=\"\">\n<div style=\"position: relative; overflow: hidden; height: 450px; width: 100%;\"><iframe style=\"position: absolute; border: 0; top: 0; left: 0; bottom: 0; right: 0; width: 100%; height: 100%;\" title=\"Donation form powered by Zeffy\" src=\"https:\/\/www.zeffy.com\/embed\/donation-form\/8d4756c7-6218-4509-8629-d754a584524b\"><br \/>\n<\/iframe><\/div>\n<\/div>\n<p><script src=\"https:\/\/www.zeffy.com\/embed\/v2\/zeffy-embed.js\" onerror=\"document.querySelectorAll('[data-zeffy-embed-fallback]').forEach(function(el){ el.style.display = 'block'; });\">\n  <\/script><\/p>\n<\/div>\n<p>[\/vc_column_text][\/vc_column_inner][\/vc_row_inner][\/vc_column][\/vc_row][vc_row type=\u00a0\u00bbin_grid\u00a0\u00bb text_align=\u00a0\u00bbinherit\u00a0\u00bb background_position=\u00a0\u00bb\u00a0\u00bb css=\u00a0\u00bb.vc_custom_1765306918153{background-image: url(https:\/\/eorc-creo.ca\/wp-content\/uploads\/2025\/12\/eorc-other-ways-give-bg.jpg?id=1021) !important;background-position: center !important;background-repeat: no-repeat !important;background-size: cover !important;}\u00a0\u00bb el_class=\u00a0\u00bbpadding-100&Prime;][vc_column][vc_row_inner type=\u00a0\u00bbfull_width\u00a0\u00bb text_align=\u00a0\u00bbcenter\u00a0\u00bb background_position=\u00a0\u00bb\u00a0\u00bb el_class=\u00a0\u00bbpadding-b-50&Prime;][vc_column_inner][vc_column_text css=\u00a0\u00bb\u00a0\u00bb el_class=\u00a0\u00bbline-after-h2-center line-after-h2 white-text\u00a0\u00bb]<\/p>\n<h2>Autres fa\u00e7ons de donner<\/h2>\n<p>[\/vc_column_text][\/vc_column_inner][\/vc_row_inner][vc_row_inner equal_height=\u00a0\u00bbyes\u00a0\u00bb type=\u00a0\u00bbfull_width\u00a0\u00bb text_align=\u00a0\u00bbinherit\u00a0\u00bb background_position=\u00a0\u00bb\u00a0\u00bb el_class=\u00a0\u00bbother-ways-to-give-inner-row\u00a0\u00bb][vc_column_inner width=\u00a0\u00bb1\/2&Prime;][vc_single_image image=\u00a0\u00bb782&Prime; img_size=\u00a0\u00bbfull\u00a0\u00bb alignment=\u00a0\u00bbright\u00a0\u00bb css=\u00a0\u00bb.vc_custom_1761159154767{margin-bottom: 5px !important;}\u00a0\u00bb][vc_column_text css=\u00a0\u00bb.vc_custom_1769705944001{margin-bottom: 10px !important;}\u00a0\u00bb]<\/p>\n<h4>Envoyer un ch\u00e8que<\/h4>\n<p>[\/vc_column_text][vc_column_text css=\u00a0\u00bb.vc_custom_1769705949986{margin-bottom: 20px !important;}\u00a0\u00bb el_class=\u00a0\u00bbget-involved-text\u00a0\u00bb]Envoyez vos dons par la poste \u00e0 l\u2019adresse s\u00e9curis\u00e9e :[\/vc_column_text][vc_column_text css=\u00a0\u00bb.vc_custom_1769705963197{margin-bottom: 20px !important;}\u00a0\u00bb]EORC-CREO<br \/>\n215-1980, chemin Ogilvie<br \/>\nGloucester (Ontario) K1J 9L3<br \/>\nCanada[\/vc_column_text][\/vc_column_inner][vc_column_inner width=\u00a0\u00bb1\/2&Prime;][vc_single_image image=\u00a0\u00bb796&Prime; img_size=\u00a0\u00bbfull\u00a0\u00bb alignment=\u00a0\u00bbright\u00a0\u00bb css=\u00a0\u00bb.vc_custom_1761747384920{margin-bottom: 5px !important;}\u00a0\u00bb][vc_column_text css=\u00a0\u00bb.vc_custom_1769705971260{margin-bottom: 10px !important;}\u00a0\u00bb]<\/p>\n<h4>Dons en nature<\/h4>\n<p>[\/vc_column_text][vc_column_text css=\u00a0\u00bb.vc_custom_1769705981114{margin-bottom: 20px !important;}\u00a0\u00bb el_class=\u00a0\u00bbget-involved-text\u00a0\u00bb]Faites don de biens, de services ou de comp\u00e9tences professionnelles.[\/vc_column_text]<a href=\"\" target=\"_self\" class=\"dist-btn type4\">Faites un don maintenant<\/a>[\/vc_column_inner][\/vc_row_inner][\/vc_column][\/vc_row][vc_row type=\u00a0\u00bbin_grid\u00a0\u00bb text_align=\u00a0\u00bbinherit\u00a0\u00bb background_position=\u00a0\u00bb\u00a0\u00bb el_class=\u00a0\u00bbpadding-100&Prime;][vc_column][vc_row_inner type=\u00a0\u00bbfull_width\u00a0\u00bb text_align=\u00a0\u00bbcenter\u00a0\u00bb background_position=\u00a0\u00bb\u00a0\u00bb el_class=\u00a0\u00bbbenefits-getting-involved-row\u00a0\u00bb][vc_column_inner][vc_raw_html css=\u00a0\u00bb\u00a0\u00bb el_class=\u00a0\u00bbty-generosity-icon\u00a0\u00bb]JTNDcCUzRSUzQ2klMjBjbGFzcyUzRCUyMmZhLXNvbGlkJTIwZmEtaGVhcnQlMjIlM0UlM0MlMkZpJTNFJTNDJTJGcCUzRQ==[\/vc_raw_html][vc_column_text css=\u00a0\u00bb\u00a0\u00bb el_class=\u00a0\u00bbline-after-h2-center line-after-h2&Prime;]<\/p>\n<h2>Merci pour votre g\u00e9n\u00e9rosit\u00e9<\/h2>\n<p>[\/vc_column_text][vc_column_text css=\u00a0\u00bb\u00a0\u00bb el_class=\u00a0\u00bblarge\u00a0\u00bb]Votre don a un impact imm\u00e9diat dans notre communaut\u00e9.<br \/>\nVous recevrez un courriel de confirmation contenant votre re\u00e7u fiscal d\u2019ici 24 heures.[\/vc_column_text][vc_column_text css=\u00a0\u00bb\u00a0\u00bb]Vous souhaitez rester inform\u00e9(e)? Abonnez-vous \u00e0 notre bulletin pour suivre comment votre contribution aide les familles \u00e0 reconstruire leur vie.[\/vc_column_text][\/vc_column_inner][\/vc_row_inner][\/vc_column][\/vc_row][vc_row type=\u00a0\u00bbfull_width\u00a0\u00bb text_align=\u00a0\u00bbinherit\u00a0\u00bb background_position=\u00a0\u00bb\u00a0\u00bb css=\u00a0\u00bb.vc_custom_1760984636792{margin-top: -26px !important;}\u00a0\u00bb][vc_column]<div class=\"dist-shortcode-container wpb_content_element\">  <div class=\"shape-ligne \">\r\n          <svg viewBox=\"0 0 2560 42\" preserveAspectRatio=\"xMaxYMid slice\" aria-hidden=\"true\" style=\"top: 0px;\">\r\n        <path d=\"M2560,25.4v16.5h-257.9c-9,0-16-.8-21.5-2-4.2-.9-7.5-2-10.1-3.3-4.1-1.9-6.8-4.1-9.2-6.4-2.5-2.3-4.4-4.9-6.2-7.7-.9-1.4-2.6-2.8-4.7-3.8-1.1-.4-2.2-.8-3.3-1-1.1-.3-2.2-.3-3.1-.3-2.2,0-3.9.4-5.3.9s-2.5,1.2-3.4,1.8c-6.5,4.9-12.3,8.6-17.7,11.4-4,2.2-7.9,3.8-12,5.2-5.9,2-12.3,3.3-19.9,4.2-7.6.8-16.5,1.2-27.4,1.2H836.7L0,42.4v-16.9h2158c10.9,0,19.8-.3,27.4-1.1,7.6-.9,13.8-2.2,19.9-4.2,4-1.4,7.9-3.1,12-5.2,5.4-2.8,11.2-6.5,17.7-11.4.9-.6,2-1.3,3.4-1.8,1.4-.5,3.1-.9,5.3-.9s2,0,3.1.3c1.1.1,2.2.5,3.3,1,2,.9,3.7,2.4,4.7,3.8,2,2.7,3.9,5.4,6.2,7.7,2.3,2.4,5.1,4.5,9.2,6.4,2.8,1.3,6.1,2.4,10.1,3.3h.3c5.4,1.3,12.4,2,21.5,2h257.9Z\" fill=\"#354F4A\"><\/path>\r\n      <\/svg>\r\n          <svg viewBox=\"0 0 2560 42\" preserveAspectRatio=\"xMaxYMid slice\" aria-hidden=\"true\" style=\"top: 15px;\">\r\n        <path d=\"M2560,25.4v16.5h-257.9c-9,0-16-.8-21.5-2-4.2-.9-7.5-2-10.1-3.3-4.1-1.9-6.8-4.1-9.2-6.4-2.5-2.3-4.4-4.9-6.2-7.7-.9-1.4-2.6-2.8-4.7-3.8-1.1-.4-2.2-.8-3.3-1-1.1-.3-2.2-.3-3.1-.3-2.2,0-3.9.4-5.3.9s-2.5,1.2-3.4,1.8c-6.5,4.9-12.3,8.6-17.7,11.4-4,2.2-7.9,3.8-12,5.2-5.9,2-12.3,3.3-19.9,4.2-7.6.8-16.5,1.2-27.4,1.2H836.7L0,42.4v-16.9h2158c10.9,0,19.8-.3,27.4-1.1,7.6-.9,13.8-2.2,19.9-4.2,4-1.4,7.9-3.1,12-5.2,5.4-2.8,11.2-6.5,17.7-11.4.9-.6,2-1.3,3.4-1.8,1.4-.5,3.1-.9,5.3-.9s2,0,3.1.3c1.1.1,2.2.5,3.3,1,2,.9,3.7,2.4,4.7,3.8,2,2.7,3.9,5.4,6.2,7.7,2.3,2.4,5.1,4.5,9.2,6.4,2.8,1.3,6.1,2.4,10.1,3.3h.3c5.4,1.3,12.4,2,21.5,2h257.9Z\" fill=\"#5A968B\"><\/path>\r\n      <\/svg>\r\n          <svg viewBox=\"0 0 2560 42\" preserveAspectRatio=\"xMaxYMid slice\" aria-hidden=\"true\" style=\"top: 30px;\">\r\n        <path d=\"M2560,25.4v16.5h-257.9c-9,0-16-.8-21.5-2-4.2-.9-7.5-2-10.1-3.3-4.1-1.9-6.8-4.1-9.2-6.4-2.5-2.3-4.4-4.9-6.2-7.7-.9-1.4-2.6-2.8-4.7-3.8-1.1-.4-2.2-.8-3.3-1-1.1-.3-2.2-.3-3.1-.3-2.2,0-3.9.4-5.3.9s-2.5,1.2-3.4,1.8c-6.5,4.9-12.3,8.6-17.7,11.4-4,2.2-7.9,3.8-12,5.2-5.9,2-12.3,3.3-19.9,4.2-7.6.8-16.5,1.2-27.4,1.2H836.7L0,42.4v-16.9h2158c10.9,0,19.8-.3,27.4-1.1,7.6-.9,13.8-2.2,19.9-4.2,4-1.4,7.9-3.1,12-5.2,5.4-2.8,11.2-6.5,17.7-11.4.9-.6,2-1.3,3.4-1.8,1.4-.5,3.1-.9,5.3-.9s2,0,3.1.3c1.1.1,2.2.5,3.3,1,2,.9,3.7,2.4,4.7,3.8,2,2.7,3.9,5.4,6.2,7.7,2.3,2.4,5.1,4.5,9.2,6.4,2.8,1.3,6.1,2.4,10.1,3.3h.3c5.4,1.3,12.4,2,21.5,2h257.9Z\" fill=\"#FBAF2C\"><\/path>\r\n      <\/svg>\r\n          <svg viewBox=\"0 0 2560 42\" preserveAspectRatio=\"xMaxYMid slice\" aria-hidden=\"true\" style=\"top: 45px;\">\r\n        <path d=\"M2560,25.4v16.5h-257.9c-9,0-16-.8-21.5-2-4.2-.9-7.5-2-10.1-3.3-4.1-1.9-6.8-4.1-9.2-6.4-2.5-2.3-4.4-4.9-6.2-7.7-.9-1.4-2.6-2.8-4.7-3.8-1.1-.4-2.2-.8-3.3-1-1.1-.3-2.2-.3-3.1-.3-2.2,0-3.9.4-5.3.9s-2.5,1.2-3.4,1.8c-6.5,4.9-12.3,8.6-17.7,11.4-4,2.2-7.9,3.8-12,5.2-5.9,2-12.3,3.3-19.9,4.2-7.6.8-16.5,1.2-27.4,1.2H836.7L0,42.4v-16.9h2158c10.9,0,19.8-.3,27.4-1.1,7.6-.9,13.8-2.2,19.9-4.2,4-1.4,7.9-3.1,12-5.2,5.4-2.8,11.2-6.5,17.7-11.4.9-.6,2-1.3,3.4-1.8,1.4-.5,3.1-.9,5.3-.9s2,0,3.1.3c1.1.1,2.2.5,3.3,1,2,.9,3.7,2.4,4.7,3.8,2,2.7,3.9,5.4,6.2,7.7,2.3,2.4,5.1,4.5,9.2,6.4,2.8,1.3,6.1,2.4,10.1,3.3h.3c5.4,1.3,12.4,2,21.5,2h257.9Z\" fill=\"#E5E2DA\"><\/path>\r\n      <\/svg>\r\n          <svg viewBox=\"0 0 2560 42\" preserveAspectRatio=\"xMaxYMid slice\" aria-hidden=\"true\" style=\"top: 60px;\">\r\n        <path d=\"M2560,25.4v16.5h-257.9c-9,0-16-.8-21.5-2-4.2-.9-7.5-2-10.1-3.3-4.1-1.9-6.8-4.1-9.2-6.4-2.5-2.3-4.4-4.9-6.2-7.7-.9-1.4-2.6-2.8-4.7-3.8-1.1-.4-2.2-.8-3.3-1-1.1-.3-2.2-.3-3.1-.3-2.2,0-3.9.4-5.3.9s-2.5,1.2-3.4,1.8c-6.5,4.9-12.3,8.6-17.7,11.4-4,2.2-7.9,3.8-12,5.2-5.9,2-12.3,3.3-19.9,4.2-7.6.8-16.5,1.2-27.4,1.2H836.7L0,42.4v-16.9h2158c10.9,0,19.8-.3,27.4-1.1,7.6-.9,13.8-2.2,19.9-4.2,4-1.4,7.9-3.1,12-5.2,5.4-2.8,11.2-6.5,17.7-11.4.9-.6,2-1.3,3.4-1.8,1.4-.5,3.1-.9,5.3-.9s2,0,3.1.3c1.1.1,2.2.5,3.3,1,2,.9,3.7,2.4,4.7,3.8,2,2.7,3.9,5.4,6.2,7.7,2.3,2.4,5.1,4.5,9.2,6.4,2.8,1.3,6.1,2.4,10.1,3.3h.3c5.4,1.3,12.4,2,21.5,2h257.9Z\" fill=\"#D1D082\"><\/path>\r\n      <\/svg>\r\n      <\/div>\r\n  <\/div>[\/vc_column][\/vc_row][vc_row type=\u00a0\u00bbin_grid\u00a0\u00bb text_align=\u00a0\u00bbinherit\u00a0\u00bb background_position=\u00a0\u00bb\u00a0\u00bb el_class=\u00a0\u00bbpadding-100&Prime; css=\u00a0\u00bb.vc_custom_1761749227246{margin-top: -30px !important;background-color: #D1D082 !important;}\u00a0\u00bb][vc_column][vc_row_inner type=\u00a0\u00bbfull_width\u00a0\u00bb text_align=\u00a0\u00bbcenter\u00a0\u00bb background_position=\u00a0\u00bb\u00a0\u00bb el_class=\u00a0\u00bbpadding-b-50&Prime;][vc_column_inner][vc_column_text css=\u00a0\u00bb\u00a0\u00bb el_class=\u00a0\u00bbline-after-h2-center line-after-h2&Prime;]<\/p>\n<h2>Vous voulez en faire plus?<\/h2>\n<p>[\/vc_column_text][vc_column_text css=\u00a0\u00bb\u00a0\u00bb el_class=\u00a0\u00bblarge\u00a0\u00bb]Votre soutien financier est pr\u00e9cieux, mais il existe d\u2019autres fa\u00e7ons significatives de contribuer \u00e0 notre mission et d\u2019aider les familles d\u2019Ottawa dans le besoin.[\/vc_column_text][\/vc_column_inner][\/vc_row_inner][vc_row_inner equal_height=\u00a0\u00bbyes\u00a0\u00bb type=\u00a0\u00bbfull_width\u00a0\u00bb text_align=\u00a0\u00bbcenter\u00a0\u00bb background_position=\u00a0\u00bb\u00a0\u00bb el_class=\u00a0\u00bbwant-to-do-more-inner-row\u00a0\u00bb][vc_column_inner width=\u00a0\u00bb1\/3&Prime;][vc_column_text css=\u00a0\u00bb.vc_custom_1769706405430{margin-bottom: 20px !important;}\u00a0\u00bb]<\/p>\n<h3>Offrez votre temps en b\u00e9n\u00e9volat<\/h3>\n<p>[\/vc_column_text][vc_column_text css=\u00a0\u00bb.vc_custom_1769706413442{margin-bottom: 20px !important;}\u00a0\u00bb]Joignez-vous \u00e0 notre \u00e9quipe de b\u00e9n\u00e9voles d\u00e9vou\u00e9s qui soutiennent nos programmes communautaires.[\/vc_column_text]<a href=\"\/fr\/impliquez-vous\/benevoles\/\" target=\"_self\" class=\"dist-btn type4\">Opportunit\u00e9s de b\u00e9n\u00e9volat<\/a>[\/vc_column_inner][vc_column_inner width=\u00a0\u00bb1\/3&Prime;][vc_column_text css=\u00a0\u00bb.vc_custom_1769706427315{margin-bottom: 20px !important;}\u00a0\u00bb]<\/p>\n<h3>Organisez une collecte de fonds<\/h3>\n<p>[\/vc_column_text][vc_column_text css=\u00a0\u00bb.vc_custom_1769706434953{margin-bottom: 20px !important;}\u00a0\u00bb]Organisez un \u00e9v\u00e9nement ou une campagne pour r\u00e9colter des fonds pour nos programmes.[\/vc_column_text]<a href=\"\" target=\"_self\" class=\"dist-btn type4\">Id\u00e9es de collecte de fonds<\/a>[\/vc_column_inner][vc_column_inner width=\u00a0\u00bb1\/3&Prime;][vc_column_text css=\u00a0\u00bb.vc_custom_1769706446014{margin-bottom: 20px !important;}\u00a0\u00bb]<\/p>\n<h3>Faites passer le mot<\/h3>\n<p>[\/vc_column_text][vc_column_text css=\u00a0\u00bb.vc_custom_1769706453095{margin-bottom: 20px !important;}\u00a0\u00bb]Partagez notre mission avec vos amis, votre famille et vos coll\u00e8gues.[\/vc_column_text]<a href=\"\/fr\/programmes\/ressources-references-et-liaison\/\" target=\"_self\" class=\"dist-btn type4\">Partager nos ressources<\/a>[\/vc_column_inner][\/vc_row_inner][\/vc_column][\/vc_row][vc_row type=\u00a0\u00bbin_grid\u00a0\u00bb text_align=\u00a0\u00bbinherit\u00a0\u00bb background_position=\u00a0\u00bb\u00a0\u00bb el_class=\u00a0\u00bbpadding-100&Prime; css=\u00a0\u00bb.vc_custom_1761749269250{background-color: #F7F8F6 !important;}\u00a0\u00bb][vc_column][vc_row_inner type=\u00a0\u00bbfull_width\u00a0\u00bb text_align=\u00a0\u00bbcenter\u00a0\u00bb background_position=\u00a0\u00bb\u00a0\u00bb el_class=\u00a0\u00bbpadding-b-50 ready-to-get-started-inner-row\u00a0\u00bb][vc_column_inner][vc_column_text css=\u00a0\u00bb\u00a0\u00bb el_class=\u00a0\u00bbline-after-h2-center line-after-h2&Prime;]<\/p>\n<h2>Explorez d\u2019autres fa\u00e7ons de vous impliquer<\/h2>\n<p>[\/vc_column_text][vc_column_text css=\u00a0\u00bb\u00a0\u00bb el_class=\u00a0\u00bblarge\u00a0\u00bb]D\u00e9couvrez toutes les fa\u00e7ons de soutenir les personnes et familles et de cr\u00e9er un impact durable dans votre communaut\u00e9.[\/vc_column_text][\/vc_column_inner][\/vc_row_inner][vc_row_inner type=\u00a0\u00bbfull_width\u00a0\u00bb text_align=\u00a0\u00bbinherit\u00a0\u00bb background_position=\u00a0\u00bb\u00a0\u00bb el_class=\u00a0\u00bbready-to-get-started-btn-row\u00a0\u00bb][vc_column_inner]<a href=\"\/fr\/impliquez-vous\/\" target=\"_self\" class=\"dist-btn type3 btn-fleche\">Retour \u00e0 Impliquez-vous<\/a><a href=\"\/fr\/nous-joindre\/\" target=\"_self\" class=\"dist-btn type2 btn-fleche\">Contactez notre \u00e9quipe<\/a>[\/vc_column_inner][\/vc_row_inner][\/vc_column][\/vc_row]<\/p>\n<\/div>","protected":false},"excerpt":{"rendered":"<p>[vc_row type=\u00a0\u00bbin_grid\u00a0\u00bb text_align=\u00a0\u00bbcenter\u00a0\u00bb background_position=\u00a0\u00bb\u00a0\u00bb css=\u00a0\u00bb.vc_custom_1765306841346{background-image: url(https:\/\/eorc-creo.ca\/wp-content\/uploads\/2025\/12\/eorc-donation-title-bg.jpg?id=1019) !important;background-position: center !important;background-repeat: no-repeat !important;background-size: cover !important;}\u00a0\u00bb min_height=\u00a0\u00bb535&Prime; el_class=\u00a0\u00bblight-green-image-title-shape title-img-row shape-with-bar\u00a0\u00bb][vc_column][\/vc_column][\/vc_row][vc_row type=\u00a0\u00bbin_grid\u00a0\u00bb text_align=\u00a0\u00bbinherit\u00a0\u00bb background_position=\u00a0\u00bb\u00a0\u00bb el_class=\u00a0\u00bbimage-title-text-row padding-100&Prime; css=\u00a0\u00bb.vc_custom_1761751943953{background-color: #D1D082 !important;}\u00a0\u00bb][vc_column][vc_row_inner type=\u00a0\u00bbfull_width\u00a0\u00bb text_align=\u00a0\u00bbinherit\u00a0\u00bb background_position=\u00a0\u00bb\u00a0\u00bb el_class=\u00a0\u00bbimage-title-inner-text-row\u00a0\u00bb][vc_column_inner el_class=\u00a0\u00bbmax-width-95&Prime;][vc_column_text css=\u00a0\u00bb\u00a0\u00bb el_class=\u00a0\u00bbline-after-h2&Prime;] Faire un don [\/vc_column_text][vc_column_text css=\u00a0\u00bb\u00a0\u00bb el_class=\u00a0\u00bblarge\u00a0\u00bb]Soutenez vos voisins, familles et la communaut\u00e9 dans le besoin. Votre contribution nous aide \u00e0 offrir des services [&hellip;]<\/p>\n","protected":false},"author":1,"featured_media":0,"parent":1242,"menu_order":0,"comment_status":"closed","ping_status":"closed","template":"","meta":{"_acf_changed":false,"_seopress_robots_primary_cat":"","_seopress_titles_title":"","_seopress_titles_desc":"","_seopress_robots_index":"","footnotes":""},"class_list":["post-1247","page","type-page","status-publish","hentry"],"acf":[],"_links":{"self":[{"href":"https:\/\/eorc-creo.ca\/fr\/wp-json\/wp\/v2\/pages\/1247","targetHints":{"allow":["GET"]}}],"collection":[{"href":"https:\/\/eorc-creo.ca\/fr\/wp-json\/wp\/v2\/pages"}],"about":[{"href":"https:\/\/eorc-creo.ca\/fr\/wp-json\/wp\/v2\/types\/page"}],"author":[{"embeddable":true,"href":"https:\/\/eorc-creo.ca\/fr\/wp-json\/wp\/v2\/users\/1"}],"replies":[{"embeddable":true,"href":"https:\/\/eorc-creo.ca\/fr\/wp-json\/wp\/v2\/comments?post=1247"}],"version-history":[{"count":8,"href":"https:\/\/eorc-creo.ca\/fr\/wp-json\/wp\/v2\/pages\/1247\/revisions"}],"predecessor-version":[{"id":1503,"href":"https:\/\/eorc-creo.ca\/fr\/wp-json\/wp\/v2\/pages\/1247\/revisions\/1503"}],"up":[{"embeddable":true,"href":"https:\/\/eorc-creo.ca\/fr\/wp-json\/wp\/v2\/pages\/1242"}],"wp:attachment":[{"href":"https:\/\/eorc-creo.ca\/fr\/wp-json\/wp\/v2\/media?parent=1247"}],"curies":[{"name":"wp","href":"https:\/\/api.w.org\/{rel}","templated":true}]}}