{"id":1242,"date":"2025-10-28T16:01:23","date_gmt":"2025-10-28T20:01:23","guid":{"rendered":"https:\/\/eorc-creo.ca\/?page_id=1242"},"modified":"2026-02-02T13:31:40","modified_gmt":"2026-02-02T18:31:40","slug":"impliquez-vous","status":"publish","type":"page","link":"https:\/\/eorc-creo.ca\/fr\/impliquez-vous\/","title":{"rendered":"Impliquez-vous"},"content":{"rendered":"<div class=\"wpb-content-wrapper\"><p>[vc_row type=\u00a0\u00bbin_grid\u00a0\u00bb text_align=\u00a0\u00bbcenter\u00a0\u00bb background_position=\u00a0\u00bb\u00a0\u00bb css=\u00a0\u00bb.vc_custom_1765306606042{background-image: url(https:\/\/eorc-creo.ca\/wp-content\/uploads\/2025\/12\/eorc-get-involved-title-bg.jpg?id=1012) !important;background-position: center !important;background-repeat: no-repeat !important;background-size: cover !important;}\u00a0\u00bb min_height=\u00a0\u00bb535&Prime; el_class=\u00a0\u00bblight-green-image-title-shape title-img-row shape-with-bar\u00a0\u00bb][vc_column][\/vc_column][\/vc_row][vc_row type=\u00a0\u00bbin_grid\u00a0\u00bb text_align=\u00a0\u00bbinherit\u00a0\u00bb background_position=\u00a0\u00bb\u00a0\u00bb el_class=\u00a0\u00bbimage-title-text-row padding-100&Prime; css=\u00a0\u00bb.vc_custom_1761751943953{background-color: #D1D082 !important;}\u00a0\u00bb][vc_column][vc_row_inner type=\u00a0\u00bbfull_width\u00a0\u00bb text_align=\u00a0\u00bbinherit\u00a0\u00bb background_position=\u00a0\u00bb\u00a0\u00bb el_class=\u00a0\u00bbimage-title-inner-text-row\u00a0\u00bb][vc_column_inner el_class=\u00a0\u00bbmax-width-95&Prime; width=\u00a0\u00bb7\/12&Prime;][vc_column_text css=\u00a0\u00bb\u00a0\u00bb el_class=\u00a0\u00bbline-after-h2&Prime;]<\/p>\n<h1>Faites une diff\u00e9rence<\/h1>\n<p>[\/vc_column_text][vc_column_text css=\u00a0\u00bb\u00a0\u00bb el_class=\u00a0\u00bblarge\u00a0\u00bb]Votre soutien nous aide \u00e0 offrir des services essentiels aux personnes qui en ont le plus besoin. Que ce soit par votre temps, vos comp\u00e9tences ou votre contribution financi\u00e8re, chaque geste contribue \u00e0 cr\u00e9er un changement positif dans notre communaut\u00e9.[\/vc_column_text][\/vc_column_inner][vc_column_inner el_class=\u00a0\u00bbmax-width-95 margin-0-auto\u00a0\u00bb width=\u00a0\u00bb5\/12&Prime;][vc_column_text css=\u00a0\u00bb\u00a0\u00bb el_class=\u00a0\u00bbcrisis-support-available-title\u00a0\u00bb]<\/p>\n<h4>Gr\u00e2ce \u00e0 votre soutien, nous avons rejoint 15 000 personnes \u00e0 Ottawa<\/h4>\n<p>[\/vc_column_text][vc_column_text css=\u00a0\u00bb.vc_custom_1769705277415{margin-bottom: 20px !important;}\u00a0\u00bb el_class=\u00a0\u00bblarge crisis-support-available-text\u00a0\u00bb]L\u2019an dernier, des personnes engag\u00e9es comme vous nous ont permis de soutenir plus de 15 000 personnes et familles \u00e0 travers Ottawa.[\/vc_column_text][\/vc_column_inner][\/vc_row_inner][\/vc_column][\/vc_row][vc_row type=\u00a0\u00bbin_grid\u00a0\u00bb text_align=\u00a0\u00bbinherit\u00a0\u00bb background_position=\u00a0\u00bb\u00a0\u00bb css=\u00a0\u00bb.vc_custom_1765306665843{background-image: url(https:\/\/eorc-creo.ca\/wp-content\/uploads\/2025\/12\/eorc-get-involved-bg.jpg?id=1003) !important;background-position: center !important;background-repeat: no-repeat !important;background-size: cover !important;}\u00a0\u00bb el_class=\u00a0\u00bbpadding-100&Prime;][vc_column][vc_row_inner type=\u00a0\u00bbfull_width\u00a0\u00bb text_align=\u00a0\u00bbcenter\u00a0\u00bb background_position=\u00a0\u00bb\u00a0\u00bb el_class=\u00a0\u00bbpadding-b-50&Prime;][vc_column_inner][vc_column_text css=\u00a0\u00bb\u00a0\u00bb el_class=\u00a0\u00bbline-after-h2-center line-after-h2 white-text\u00a0\u00bb]<\/p>\n<h2>Impliquez-vous<\/h2>\n<p>[\/vc_column_text][vc_column_text css=\u00a0\u00bb\u00a0\u00bb el_class=\u00a0\u00bbwhite-text large\u00a0\u00bb]Joignez-vous \u00e0 notre communaut\u00e9 de personnes engag\u00e9es qui contribuent \u00e0 cr\u00e9er un changement positif \u00e0 Ottawa.<br \/>\nIl existe de nombreuses fa\u00e7ons de soutenir notre mission.[\/vc_column_text][\/vc_column_inner][\/vc_row_inner][vc_row_inner equal_height=\u00a0\u00bbyes\u00a0\u00bb type=\u00a0\u00bbfull_width\u00a0\u00bb text_align=\u00a0\u00bbinherit\u00a0\u00bb background_position=\u00a0\u00bb\u00a0\u00bb el_class=\u00a0\u00bbget-involved-page-links-row\u00a0\u00bb][vc_column_inner width=\u00a0\u00bb1\/4&Prime;][vc_single_image image=\u00a0\u00bb782&Prime; img_size=\u00a0\u00bbfull\u00a0\u00bb alignment=\u00a0\u00bbright\u00a0\u00bb css=\u00a0\u00bb.vc_custom_1761159154767{margin-bottom: 5px !important;}\u00a0\u00bb][vc_column_text css=\u00a0\u00bb.vc_custom_1769705302068{margin-bottom: 10px !important;}\u00a0\u00bb]<\/p>\n<h4>Faire un don<\/h4>\n<p>[\/vc_column_text][vc_column_text css=\u00a0\u00bb.vc_custom_1769705314412{margin-bottom: 20px !important;}\u00a0\u00bb el_class=\u00a0\u00bbget-involved-text\u00a0\u00bb]Votre soutien financier nous permet de maintenir des programmes et des services essentiels. Chaque dollar a un impact direct sur une personne dans le besoin.[\/vc_column_text][vc_column_text css=\u00a0\u00bb.vc_custom_1769705357636{margin-bottom: 20px !important;}\u00a0\u00bb el_class=\u00a0\u00bbcheckmark-list\u00a0\u00bb]<\/p>\n<ul>\n<li>Don ponctuel ou mensuel<\/li>\n<li>Re\u00e7us fiscaux fournis<\/li>\n<li>Dons en ligne s\u00e9curis\u00e9s<\/li>\n<\/ul>\n<p>[\/vc_column_text]<a href=\"\/fr\/impliquez-vous\/faire-un-don\/\" target=\"_self\" class=\"dist-btn type4\">Faire un don<\/a><a href=\"\/fr\/impliquez-vous\/faire-un-don\/\" target=\"_self\" class=\"dist-btn type4\">En savoir plus<\/a>[\/vc_column_inner][vc_column_inner width=\u00a0\u00bb1\/4&Prime;][vc_single_image image=\u00a0\u00bb796&Prime; img_size=\u00a0\u00bbfull\u00a0\u00bb alignment=\u00a0\u00bbright\u00a0\u00bb css=\u00a0\u00bb.vc_custom_1761747384920{margin-bottom: 5px !important;}\u00a0\u00bb][vc_column_text css=\u00a0\u00bb.vc_custom_1769705376188{margin-bottom: 10px !important;}\u00a0\u00bb]<\/p>\n<h4>B\u00e9n\u00e9volat<\/h4>\n<p>[\/vc_column_text][vc_column_text css=\u00a0\u00bb.vc_custom_1769705383108{margin-bottom: 20px !important;}\u00a0\u00bb el_class=\u00a0\u00bbget-involved-text\u00a0\u00bb]Partagez votre temps et vos comp\u00e9tences pour soutenir directement nos programmes et les personnes que nous accompagnons dans la communaut\u00e9.[\/vc_column_text][vc_column_text css=\u00a0\u00bb.vc_custom_1769705405272{margin-bottom: 20px !important;}\u00a0\u00bb el_class=\u00a0\u00bbcheckmark-list\u00a0\u00bb]<\/p>\n<ul>\n<li>Horaires flexibles<\/li>\n<li>Formation et soutien offerts<\/li>\n<li>Divers r\u00f4les disponibles<\/li>\n<\/ul>\n<p>[\/vc_column_text]<a href=\"\/fr\/impliquez-vous\/benevoles\/\" target=\"_self\" class=\"dist-btn type4\">Rejoignez-nous<\/a><a href=\"\/fr\/impliquez-vous\/benevoles\/\" target=\"_self\" class=\"dist-btn type4\">Voir les possibilit\u00e9s<\/a>[\/vc_column_inner][vc_column_inner width=\u00a0\u00bb1\/4&Prime;][vc_single_image image=\u00a0\u00bb797&Prime; img_size=\u00a0\u00bbfull\u00a0\u00bb alignment=\u00a0\u00bbright\u00a0\u00bb css=\u00a0\u00bb.vc_custom_1761747392272{margin-bottom: 5px !important;}\u00a0\u00bb][vc_column_text css=\u00a0\u00bb.vc_custom_1769705424691{margin-bottom: 10px !important;}\u00a0\u00bb]<\/p>\n<h4>Carri\u00e8res<\/h4>\n<p>[\/vc_column_text][vc_column_text css=\u00a0\u00bb.vc_custom_1769705432356{margin-bottom: 20px !important;}\u00a0\u00bb el_class=\u00a0\u00bbget-involved-text\u00a0\u00bb]Joignez-vous \u00e0 notre \u00e9quipe professionnelle et b\u00e2tissez une carri\u00e8re enrichissante tout en ayant un impact durable dans le domaine des services sociaux.[\/vc_column_text][vc_column_text css=\u00a0\u00bb.vc_custom_1769705451460{margin-bottom: 20px !important;}\u00a0\u00bb el_class=\u00a0\u00bbcheckmark-list\u00a0\u00bb]<\/p>\n<ul>\n<li>Ensemble d\u2019avantages sociaux comp\u00e9titifs<\/li>\n<li>D\u00e9veloppement professionnel<\/li>\n<li>Milieu de travail bienveillant<\/li>\n<\/ul>\n<p>[\/vc_column_text]<a href=\"\/fr\/carrieres\/\" target=\"_self\" class=\"dist-btn type4\">Voir les postes<\/a><a href=\"\/fr\/carrieres\/\" target=\"_self\" class=\"dist-btn type4\">D\u00e9couvrir notre culture<\/a>[\/vc_column_inner][vc_column_inner width=\u00a0\u00bb1\/4&Prime;][vc_single_image image=\u00a0\u00bb798&Prime; img_size=\u00a0\u00bbfull\u00a0\u00bb alignment=\u00a0\u00bbright\u00a0\u00bb css=\u00a0\u00bb.vc_custom_1761747399504{margin-bottom: 5px !important;}\u00a0\u00bb][vc_column_text css=\u00a0\u00bb.vc_custom_1769705470557{margin-bottom: 10px !important;}\u00a0\u00bb]<\/p>\n<h4>\u00c9tudiants<\/h4>\n<p>[\/vc_column_text][vc_column_text css=\u00a0\u00bb.vc_custom_1769705478511{margin-bottom: 20px !important;}\u00a0\u00bb el_class=\u00a0\u00bbget-involved-text\u00a0\u00bb]Acqu\u00e9rez une exp\u00e9rience pratique en services sociaux tout en contribuant \u00e0 un travail communautaire significatif et enrichissant.[\/vc_column_text][vc_column_text css=\u00a0\u00bb.vc_custom_1769705495230{margin-bottom: 20px !important;}\u00a0\u00bb el_class=\u00a0\u00bbcheckmark-list\u00a0\u00bb]<\/p>\n<ul>\n<li>Possibilit\u00e9s de stages<\/li>\n<li>Plusieurs disciplines bienvenues<\/li>\n<\/ul>\n<p>[\/vc_column_text]<a href=\"\/fr\/impliquez-vous\/stages-pour-etudiants\/\" target=\"_self\" class=\"dist-btn type4\">Postuler maintenant<\/a><a href=\"\/fr\/impliquez-vous\/stages-pour-etudiants\/\" target=\"_self\" class=\"dist-btn type4\">D\u00e9tails du programme<\/a>[\/vc_column_inner][\/vc_row_inner][\/vc_column][\/vc_row][vc_row type=\u00a0\u00bbin_grid\u00a0\u00bb text_align=\u00a0\u00bbinherit\u00a0\u00bb background_position=\u00a0\u00bb\u00a0\u00bb el_class=\u00a0\u00bbpadding-100&Prime;][vc_column][vc_row_inner type=\u00a0\u00bbfull_width\u00a0\u00bb text_align=\u00a0\u00bbcenter\u00a0\u00bb background_position=\u00a0\u00bb\u00a0\u00bb el_class=\u00a0\u00bbpadding-b-50&Prime;][vc_column_inner][vc_column_text css=\u00a0\u00bb\u00a0\u00bb el_class=\u00a0\u00bbline-after-h2-center line-after-h2&Prime;]<\/p>\n<h2>Pourquoi s\u2019impliquer?<\/h2>\n<p>[\/vc_column_text][vc_column_text css=\u00a0\u00bb\u00a0\u00bb el_class=\u00a0\u00bblarge\u00a0\u00bb]En soutenant le CREO, vous devenez membre d\u2019une communaut\u00e9 engag\u00e9e \u00e0 cr\u00e9er un changement positif et \u00e0 offrir de l\u2019espoir \u00e0 celles et ceux qui en ont le plus besoin.[\/vc_column_text][\/vc_column_inner][\/vc_row_inner][vc_row_inner type=\u00a0\u00bbfull_width\u00a0\u00bb text_align=\u00a0\u00bbinherit\u00a0\u00bb background_position=\u00a0\u00bb\u00a0\u00bb el_class=\u00a0\u00bbbenefits-getting-involved-row\u00a0\u00bb][vc_column_inner][vc_column_text css=\u00a0\u00bb.vc_custom_1769705546390{margin-bottom: 50px !important;}\u00a0\u00bb el_class=\u00a0\u00bbtext-center\u00a0\u00bb]<\/p>\n<h3>Les avantages de s\u2019impliquer<\/h3>\n<p>[\/vc_column_text][vc_raw_html css=\u00a0\u00bb\u00a0\u00bb el_class=\u00a0\u00bbtext-center\u00a0\u00bb]JTNDZGl2JTIwY2xhc3MlM0QlMjJiZW5lZml0cy1nZXR0aW5nLWludm9sdmVkLTMtY29sLXJvdyUyMiUzRSUwRCUwQSUzQ2RpdiUyMGNsYXNzJTNEJTIyYmVuZWZpdHMtZ2V0dGluZy1pbnZvbHZlZC0zLWNvbCUyMiUzRSUwRCUwQSUzQ3AlMjBjbGFzcyUzRCUyMmJlbmVmaXRzLWdldHRpbmctaW52b2x2ZWQtMy1jb2wtaWNvbiUyMiUzRSUzQ2klMjBjbGFzcyUzRCUyMmZhLXNvbGlkJTIwZmEtdXNlcnMlMjIlM0UlM0MlMkZpJTNFJTNDJTJGcCUzRSUwRCUwQSUzQ2g0JTNFQ3IlQzMlQTllciUyMGRlcyUyMGxpZW5zJTIwY29tbXVuYXV0YWlyZXMlM0MlMkZoNCUzRSUwRCUwQUVudHJleiUyMGVuJTIwY29udGFjdCUyMGF2ZWMlMjBkZXMlMjBwZXJzb25uZXMlMjBxdWklMjBwYXJ0YWdlbnQlMjB2b3RyZSUyMGVuZ2FnZW1lbnQlMjAlQzMlQTAlMjBmYWlyZSUyMHVuZSUyMGRpZmYlQzMlQTlyZW5jZSUyMHBvc2l0aXZlJTIwZGFucyUyMHZvdHJlJTIwY29tbXVuYXV0JUMzJUE5LiUwRCUwQSUwRCUwQSUzQyUyRmRpdiUzRSUwRCUwQSUzQ2RpdiUyMGNsYXNzJTNEJTIyYmVuZWZpdHMtZ2V0dGluZy1pbnZvbHZlZC0zLWNvbCUyMiUzRSUwRCUwQSUyMCUyMCUyMCUyMCUzQ3AlMjBjbGFzcyUzRCUyMmJlbmVmaXRzLWdldHRpbmctaW52b2x2ZWQtMy1jb2wtaWNvbiUyMiUzRSUzQ2klMjBjbGFzcyUzRCUyMmZhLXNvbGlkJTIwZmEtY2hhcnQtbGluZSUyMiUzRSUzQyUyRmklM0UlM0MlMkZwJTNFJTBEJTBBJTNDaDQlM0VEJUMzJUE5dmVsb3BwZXIlMjBkZSUyMG5vdXZlbGxlcyUyMGNvbXAlQzMlQTl0ZW5jZXMlM0MlMkZoNCUzRSUwRCUwQUFjcXUlQzMlQTlyZXolMjBkZXMlMjBjb21wJUMzJUE5dGVuY2VzJTIwY29uY3IlQzMlQTh0ZXMlMjBlbiUyMHNvdXRpZW4lMjBhdXglMjBwZXJzb25uZXMlMjBldCUyMGF1eCUyMGZhbWlsbGVzJTJDJTIwZW4lMjBjb29yZGluYXRpb24lMjBkZSUyMHNlcnZpY2VzJTIwZXQlMjBlbiUyMG9yaWVudGF0aW9uJTIwdmVycyUyMGRlcyUyMHJlc3NvdXJjZXMlMjBjb21tdW5hdXRhaXJlcy4lMEQlMEElMEQlMEElM0MlMkZkaXYlM0UlMEQlMEElM0NkaXYlMjBjbGFzcyUzRCUyMmJlbmVmaXRzLWdldHRpbmctaW52b2x2ZWQtMy1jb2wlMjIlM0UlMEQlMEElMjAlMjAlMjAlMjAlM0NwJTIwY2xhc3MlM0QlMjJiZW5lZml0cy1nZXR0aW5nLWludm9sdmVkLTMtY29sLWljb24lMjIlM0UlM0NpJTIwY2xhc3MlM0QlMjJmYS1zb2xpZCUyMGZhLWhlYXJ0JTIyJTNFJTNDJTJGaSUzRSUzQyUyRnAlM0UlMEQlMEElM0NoNCUzRUF2b2lyJTIwdW4lMjBpbXBhY3QlMjBkaXJlY3QlM0MlMkZoNCUzRSUwRCUwQVZveWV6JTIwY29uY3IlQzMlQTh0ZW1lbnQlMjBjb21tZW50JTIwdm90cmUlMjBjb250cmlidXRpb24lMjBhaWRlJTIwbGVzJTIwcGVyc29ubmVzJTIwZXQlMjBsZXMlMjBmYW1pbGxlcyUyMCVDMyVBMCUyMHN1cm1vbnRlciUyMGRlcyUyMGQlQzMlQTlmaXMlMjBldCUyMCVDMyVBMCUyMGIlQzMlQTJ0aXIlMjB1biUyMGF2ZW5pciUyMG1laWxsZXVyLiUwRCUwQSUwRCUwQSUzQyUyRmRpdiUzRSUwRCUwQSUzQyUyRmRpdiUzRQ==[\/vc_raw_html][vc_column_text css=\u00a0\u00bb\u00a0\u00bb el_class=\u00a0\u00bbgetting-involved-testimonial\u00a0\u00bb]<\/p>\n<p class=\"testimonial-text\">\u00ab Je voulais simplement prendre un moment pour vous dire \u00e0 quel point j\u2019appr\u00e9cie pouvoir aider le CREO et votre service de livraison de repas. \u00bb<\/p>\n<p class=\"testimonial-participant\">B\u00e9n\u00e9vole \u2013 Chauffeur, Popote roulante<\/p>\n<p>[\/vc_column_text][\/vc_column_inner][\/vc_row_inner][\/vc_column][\/vc_row][vc_row type=\u00a0\u00bbfull_width\u00a0\u00bb text_align=\u00a0\u00bbinherit\u00a0\u00bb background_position=\u00a0\u00bb\u00a0\u00bb css=\u00a0\u00bb.vc_custom_1760984636792{margin-top: -26px !important;}\u00a0\u00bb][vc_column]<div class=\"dist-shortcode-container wpb_content_element\">  <div class=\"shape-ligne \">\r\n          <svg viewBox=\"0 0 2560 42\" preserveAspectRatio=\"xMaxYMid slice\" aria-hidden=\"true\" style=\"top: 0px;\">\r\n        <path d=\"M2560,25.4v16.5h-257.9c-9,0-16-.8-21.5-2-4.2-.9-7.5-2-10.1-3.3-4.1-1.9-6.8-4.1-9.2-6.4-2.5-2.3-4.4-4.9-6.2-7.7-.9-1.4-2.6-2.8-4.7-3.8-1.1-.4-2.2-.8-3.3-1-1.1-.3-2.2-.3-3.1-.3-2.2,0-3.9.4-5.3.9s-2.5,1.2-3.4,1.8c-6.5,4.9-12.3,8.6-17.7,11.4-4,2.2-7.9,3.8-12,5.2-5.9,2-12.3,3.3-19.9,4.2-7.6.8-16.5,1.2-27.4,1.2H836.7L0,42.4v-16.9h2158c10.9,0,19.8-.3,27.4-1.1,7.6-.9,13.8-2.2,19.9-4.2,4-1.4,7.9-3.1,12-5.2,5.4-2.8,11.2-6.5,17.7-11.4.9-.6,2-1.3,3.4-1.8,1.4-.5,3.1-.9,5.3-.9s2,0,3.1.3c1.1.1,2.2.5,3.3,1,2,.9,3.7,2.4,4.7,3.8,2,2.7,3.9,5.4,6.2,7.7,2.3,2.4,5.1,4.5,9.2,6.4,2.8,1.3,6.1,2.4,10.1,3.3h.3c5.4,1.3,12.4,2,21.5,2h257.9Z\" fill=\"#354F4A\"><\/path>\r\n      <\/svg>\r\n          <svg viewBox=\"0 0 2560 42\" preserveAspectRatio=\"xMaxYMid slice\" aria-hidden=\"true\" style=\"top: 15px;\">\r\n        <path d=\"M2560,25.4v16.5h-257.9c-9,0-16-.8-21.5-2-4.2-.9-7.5-2-10.1-3.3-4.1-1.9-6.8-4.1-9.2-6.4-2.5-2.3-4.4-4.9-6.2-7.7-.9-1.4-2.6-2.8-4.7-3.8-1.1-.4-2.2-.8-3.3-1-1.1-.3-2.2-.3-3.1-.3-2.2,0-3.9.4-5.3.9s-2.5,1.2-3.4,1.8c-6.5,4.9-12.3,8.6-17.7,11.4-4,2.2-7.9,3.8-12,5.2-5.9,2-12.3,3.3-19.9,4.2-7.6.8-16.5,1.2-27.4,1.2H836.7L0,42.4v-16.9h2158c10.9,0,19.8-.3,27.4-1.1,7.6-.9,13.8-2.2,19.9-4.2,4-1.4,7.9-3.1,12-5.2,5.4-2.8,11.2-6.5,17.7-11.4.9-.6,2-1.3,3.4-1.8,1.4-.5,3.1-.9,5.3-.9s2,0,3.1.3c1.1.1,2.2.5,3.3,1,2,.9,3.7,2.4,4.7,3.8,2,2.7,3.9,5.4,6.2,7.7,2.3,2.4,5.1,4.5,9.2,6.4,2.8,1.3,6.1,2.4,10.1,3.3h.3c5.4,1.3,12.4,2,21.5,2h257.9Z\" fill=\"#5A968B\"><\/path>\r\n      <\/svg>\r\n          <svg viewBox=\"0 0 2560 42\" preserveAspectRatio=\"xMaxYMid slice\" aria-hidden=\"true\" style=\"top: 30px;\">\r\n        <path d=\"M2560,25.4v16.5h-257.9c-9,0-16-.8-21.5-2-4.2-.9-7.5-2-10.1-3.3-4.1-1.9-6.8-4.1-9.2-6.4-2.5-2.3-4.4-4.9-6.2-7.7-.9-1.4-2.6-2.8-4.7-3.8-1.1-.4-2.2-.8-3.3-1-1.1-.3-2.2-.3-3.1-.3-2.2,0-3.9.4-5.3.9s-2.5,1.2-3.4,1.8c-6.5,4.9-12.3,8.6-17.7,11.4-4,2.2-7.9,3.8-12,5.2-5.9,2-12.3,3.3-19.9,4.2-7.6.8-16.5,1.2-27.4,1.2H836.7L0,42.4v-16.9h2158c10.9,0,19.8-.3,27.4-1.1,7.6-.9,13.8-2.2,19.9-4.2,4-1.4,7.9-3.1,12-5.2,5.4-2.8,11.2-6.5,17.7-11.4.9-.6,2-1.3,3.4-1.8,1.4-.5,3.1-.9,5.3-.9s2,0,3.1.3c1.1.1,2.2.5,3.3,1,2,.9,3.7,2.4,4.7,3.8,2,2.7,3.9,5.4,6.2,7.7,2.3,2.4,5.1,4.5,9.2,6.4,2.8,1.3,6.1,2.4,10.1,3.3h.3c5.4,1.3,12.4,2,21.5,2h257.9Z\" fill=\"#FBAF2C\"><\/path>\r\n      <\/svg>\r\n          <svg viewBox=\"0 0 2560 42\" preserveAspectRatio=\"xMaxYMid slice\" aria-hidden=\"true\" style=\"top: 45px;\">\r\n        <path d=\"M2560,25.4v16.5h-257.9c-9,0-16-.8-21.5-2-4.2-.9-7.5-2-10.1-3.3-4.1-1.9-6.8-4.1-9.2-6.4-2.5-2.3-4.4-4.9-6.2-7.7-.9-1.4-2.6-2.8-4.7-3.8-1.1-.4-2.2-.8-3.3-1-1.1-.3-2.2-.3-3.1-.3-2.2,0-3.9.4-5.3.9s-2.5,1.2-3.4,1.8c-6.5,4.9-12.3,8.6-17.7,11.4-4,2.2-7.9,3.8-12,5.2-5.9,2-12.3,3.3-19.9,4.2-7.6.8-16.5,1.2-27.4,1.2H836.7L0,42.4v-16.9h2158c10.9,0,19.8-.3,27.4-1.1,7.6-.9,13.8-2.2,19.9-4.2,4-1.4,7.9-3.1,12-5.2,5.4-2.8,11.2-6.5,17.7-11.4.9-.6,2-1.3,3.4-1.8,1.4-.5,3.1-.9,5.3-.9s2,0,3.1.3c1.1.1,2.2.5,3.3,1,2,.9,3.7,2.4,4.7,3.8,2,2.7,3.9,5.4,6.2,7.7,2.3,2.4,5.1,4.5,9.2,6.4,2.8,1.3,6.1,2.4,10.1,3.3h.3c5.4,1.3,12.4,2,21.5,2h257.9Z\" fill=\"#E5E2DA\"><\/path>\r\n      <\/svg>\r\n          <svg viewBox=\"0 0 2560 42\" preserveAspectRatio=\"xMaxYMid slice\" aria-hidden=\"true\" style=\"top: 60px;\">\r\n        <path d=\"M2560,25.4v16.5h-257.9c-9,0-16-.8-21.5-2-4.2-.9-7.5-2-10.1-3.3-4.1-1.9-6.8-4.1-9.2-6.4-2.5-2.3-4.4-4.9-6.2-7.7-.9-1.4-2.6-2.8-4.7-3.8-1.1-.4-2.2-.8-3.3-1-1.1-.3-2.2-.3-3.1-.3-2.2,0-3.9.4-5.3.9s-2.5,1.2-3.4,1.8c-6.5,4.9-12.3,8.6-17.7,11.4-4,2.2-7.9,3.8-12,5.2-5.9,2-12.3,3.3-19.9,4.2-7.6.8-16.5,1.2-27.4,1.2H836.7L0,42.4v-16.9h2158c10.9,0,19.8-.3,27.4-1.1,7.6-.9,13.8-2.2,19.9-4.2,4-1.4,7.9-3.1,12-5.2,5.4-2.8,11.2-6.5,17.7-11.4.9-.6,2-1.3,3.4-1.8,1.4-.5,3.1-.9,5.3-.9s2,0,3.1.3c1.1.1,2.2.5,3.3,1,2,.9,3.7,2.4,4.7,3.8,2,2.7,3.9,5.4,6.2,7.7,2.3,2.4,5.1,4.5,9.2,6.4,2.8,1.3,6.1,2.4,10.1,3.3h.3c5.4,1.3,12.4,2,21.5,2h257.9Z\" fill=\"#D1D082\"><\/path>\r\n      <\/svg>\r\n      <\/div>\r\n  <\/div>[\/vc_column][\/vc_row][vc_row type=\u00a0\u00bbin_grid\u00a0\u00bb text_align=\u00a0\u00bbinherit\u00a0\u00bb background_position=\u00a0\u00bb\u00a0\u00bb el_class=\u00a0\u00bbpadding-100&Prime; css=\u00a0\u00bb.vc_custom_1761749227246{margin-top: -30px !important;background-color: #D1D082 !important;}\u00a0\u00bb][vc_column][vc_row_inner type=\u00a0\u00bbfull_width\u00a0\u00bb text_align=\u00a0\u00bbcenter\u00a0\u00bb background_position=\u00a0\u00bb\u00a0\u00bb el_class=\u00a0\u00bbpadding-b-50&Prime;][vc_column_inner][vc_column_text css=\u00a0\u00bb\u00a0\u00bb el_class=\u00a0\u00bbline-after-h2-center line-after-h2&Prime;]<\/p>\n<h2>Votre soutien cr\u00e9e un v\u00e9ritable changement<\/h2>\n<p>[\/vc_column_text][vc_column_text css=\u00a0\u00bb\u00a0\u00bb el_class=\u00a0\u00bblarge\u00a0\u00bb]Voici comment l\u2019engagement communautaire a fait une diff\u00e9rence en 2024[\/vc_column_text][\/vc_column_inner][\/vc_row_inner][vc_row_inner equal_height=\u00a0\u00bbyes\u00a0\u00bb type=\u00a0\u00bbfull_width\u00a0\u00bb text_align=\u00a0\u00bbcenter\u00a0\u00bb background_position=\u00a0\u00bb\u00a0\u00bb el_class=\u00a0\u00bbsupport-create-real-change-inner-row\u00a0\u00bb][vc_column_inner width=\u00a0\u00bb1\/6&Prime;][vc_column_text css=\u00a0\u00bb.vc_custom_1761748948491{margin-bottom: 20px !important;}\u00a0\u00bb]<\/p>\n<h3><span class=\"numscroller\" data-min=\"1\" data-max=\"5000\" data-delay=\"10\" data-increment=\"10\">5,000<\/span>+<\/h3>\n<p>[\/vc_column_text][vc_column_text css=\u00a0\u00bb\u00a0\u00bb]Personnes soutenues[\/vc_column_text][\/vc_column_inner][vc_column_inner width=\u00a0\u00bb1\/6&Prime;][vc_column_text css=\u00a0\u00bb.vc_custom_1761748951665{margin-bottom: 20px !important;}\u00a0\u00bb]<\/p>\n<h3><span class=\"numscroller\" data-min=\"1\" data-max=\"200\" data-delay=\"10\" data-increment=\"5\">200<\/span>+<\/h3>\n<p>[\/vc_column_text][vc_column_text css=\u00a0\u00bb\u00a0\u00bb]B\u00e9n\u00e9voles actifs[\/vc_column_text][\/vc_column_inner][vc_column_inner width=\u00a0\u00bb1\/6&Prime;][vc_column_text css=\u00a0\u00bb.vc_custom_1761748954586{margin-bottom: 20px !important;}\u00a0\u00bb]<\/p>\n<h3><span class=\"numscroller\" data-min=\"1\" data-max=\"2500\" data-delay=\"10\" data-increment=\"5\">2,500<\/span>+<\/h3>\n<p>[\/vc_column_text][vc_column_text css=\u00a0\u00bb\u00a0\u00bb]Visites au comptoir alimentaire[\/vc_column_text][\/vc_column_inner][vc_column_inner width=\u00a0\u00bb1\/6&Prime;][vc_column_text css=\u00a0\u00bb.vc_custom_1761748962247{margin-bottom: 20px !important;}\u00a0\u00bb]<\/p>\n<h3><span class=\"numscroller\" data-min=\"1\" data-max=\"18000\" data-delay=\"10\" data-increment=\"35\">18,000<\/span>+<\/h3>\n<p>[\/vc_column_text][vc_column_text css=\u00a0\u00bb\u00a0\u00bb]Repas livr\u00e9s[\/vc_column_text][\/vc_column_inner][vc_column_inner width=\u00a0\u00bb1\/6&Prime;][vc_column_text css=\u00a0\u00bb.vc_custom_1761748965061{margin-bottom: 20px !important;}\u00a0\u00bb]<\/p>\n<h3><span class=\"numscroller\" data-min=\"1\" data-max=\"6000\" data-delay=\"10\" data-increment=\"12\">6,000<\/span>+<\/h3>\n<p>[\/vc_column_text][vc_column_text css=\u00a0\u00bb\u00a0\u00bb]D\u00e9placements offerts[\/vc_column_text][\/vc_column_inner][vc_column_inner width=\u00a0\u00bb1\/6&Prime;][vc_column_text css=\u00a0\u00bb.vc_custom_1761748967746{margin-bottom: 20px !important;}\u00a0\u00bb]<\/p>\n<h3><span class=\"numscroller\" data-min=\"1\" data-max=\"2000\" data-delay=\"10\" data-increment=\"5\">2,000<\/span>+<\/h3>\n<p>[\/vc_column_text][vc_column_text css=\u00a0\u00bb\u00a0\u00bb]Visites\/appels aupr\u00e8s d\u2019a\u00een\u00e9s isol\u00e9s[\/vc_column_text][\/vc_column_inner][\/vc_row_inner][\/vc_column][\/vc_row][vc_row type=\u00a0\u00bbin_grid\u00a0\u00bb text_align=\u00a0\u00bbinherit\u00a0\u00bb background_position=\u00a0\u00bb\u00a0\u00bb el_class=\u00a0\u00bbpadding-100&Prime; css=\u00a0\u00bb.vc_custom_1761749269250{background-color: #F7F8F6 !important;}\u00a0\u00bb][vc_column][vc_row_inner type=\u00a0\u00bbfull_width\u00a0\u00bb text_align=\u00a0\u00bbcenter\u00a0\u00bb background_position=\u00a0\u00bb\u00a0\u00bb el_class=\u00a0\u00bbpadding-b-50 ready-to-get-started-inner-row\u00a0\u00bb][vc_column_inner][vc_column_text css=\u00a0\u00bb\u00a0\u00bb el_class=\u00a0\u00bbline-after-h2-center line-after-h2&Prime;]<\/p>\n<h2>Pr\u00eat(e) \u00e0 vous lancer?<\/h2>\n<p>[\/vc_column_text][vc_column_text css=\u00a0\u00bb\u00a0\u00bb el_class=\u00a0\u00bblarge\u00a0\u00bb]Que vous ayez cinq minutes ou cinq heures, il existe une fa\u00e7on de contribuer de mani\u00e8re significative \u00e0 notre communaut\u00e9.[\/vc_column_text][\/vc_column_inner][\/vc_row_inner][vc_row_inner type=\u00a0\u00bbfull_width\u00a0\u00bb text_align=\u00a0\u00bbinherit\u00a0\u00bb background_position=\u00a0\u00bb\u00a0\u00bb el_class=\u00a0\u00bbready-to-get-started-btn-row\u00a0\u00bb][vc_column_inner]<a href=\"\/fr\/impliquez-vous\/benevoles\/\" target=\"_self\" class=\"dist-btn type3 btn-fleche\">Devenir b\u00e9n\u00e9vole<\/a><a href=\"\/fr\/impliquez-vous\/faire-un-don\/\" target=\"_self\" class=\"dist-btn type2 btn-fleche\">Faire un don<\/a><a href=\"\/fr\/carrieres\/\" target=\"_self\" class=\"dist-btn type2 btn-fleche\">Voir les offres d\u2019emploi<\/a>[\/vc_column_inner][\/vc_row_inner][\/vc_column][\/vc_row]<\/p>\n<\/div>","protected":false},"excerpt":{"rendered":"<p>[vc_row type=\u00a0\u00bbin_grid\u00a0\u00bb text_align=\u00a0\u00bbcenter\u00a0\u00bb background_position=\u00a0\u00bb\u00a0\u00bb css=\u00a0\u00bb.vc_custom_1765306606042{background-image: url(https:\/\/eorc-creo.ca\/wp-content\/uploads\/2025\/12\/eorc-get-involved-title-bg.jpg?id=1012) !important;background-position: center !important;background-repeat: no-repeat !important;background-size: cover !important;}\u00a0\u00bb min_height=\u00a0\u00bb535&Prime; el_class=\u00a0\u00bblight-green-image-title-shape title-img-row shape-with-bar\u00a0\u00bb][vc_column][\/vc_column][\/vc_row][vc_row type=\u00a0\u00bbin_grid\u00a0\u00bb text_align=\u00a0\u00bbinherit\u00a0\u00bb background_position=\u00a0\u00bb\u00a0\u00bb el_class=\u00a0\u00bbimage-title-text-row padding-100&Prime; css=\u00a0\u00bb.vc_custom_1761751943953{background-color: #D1D082 !important;}\u00a0\u00bb][vc_column][vc_row_inner type=\u00a0\u00bbfull_width\u00a0\u00bb text_align=\u00a0\u00bbinherit\u00a0\u00bb background_position=\u00a0\u00bb\u00a0\u00bb el_class=\u00a0\u00bbimage-title-inner-text-row\u00a0\u00bb][vc_column_inner el_class=\u00a0\u00bbmax-width-95&Prime; width=\u00a0\u00bb7\/12&Prime;][vc_column_text css=\u00a0\u00bb\u00a0\u00bb el_class=\u00a0\u00bbline-after-h2&Prime;] Faites une diff\u00e9rence [\/vc_column_text][vc_column_text css=\u00a0\u00bb\u00a0\u00bb el_class=\u00a0\u00bblarge\u00a0\u00bb]Votre soutien nous aide \u00e0 offrir des services essentiels aux personnes qui en ont le plus besoin. [&hellip;]<\/p>\n","protected":false},"author":1,"featured_media":0,"parent":0,"menu_order":0,"comment_status":"closed","ping_status":"closed","template":"","meta":{"_acf_changed":false,"_seopress_robots_primary_cat":"","_seopress_titles_title":"","_seopress_titles_desc":"","_seopress_robots_index":"","footnotes":""},"class_list":["post-1242","page","type-page","status-publish","hentry"],"acf":[],"_links":{"self":[{"href":"https:\/\/eorc-creo.ca\/fr\/wp-json\/wp\/v2\/pages\/1242","targetHints":{"allow":["GET"]}}],"collection":[{"href":"https:\/\/eorc-creo.ca\/fr\/wp-json\/wp\/v2\/pages"}],"about":[{"href":"https:\/\/eorc-creo.ca\/fr\/wp-json\/wp\/v2\/types\/page"}],"author":[{"embeddable":true,"href":"https:\/\/eorc-creo.ca\/fr\/wp-json\/wp\/v2\/users\/1"}],"replies":[{"embeddable":true,"href":"https:\/\/eorc-creo.ca\/fr\/wp-json\/wp\/v2\/comments?post=1242"}],"version-history":[{"count":5,"href":"https:\/\/eorc-creo.ca\/fr\/wp-json\/wp\/v2\/pages\/1242\/revisions"}],"predecessor-version":[{"id":1445,"href":"https:\/\/eorc-creo.ca\/fr\/wp-json\/wp\/v2\/pages\/1242\/revisions\/1445"}],"wp:attachment":[{"href":"https:\/\/eorc-creo.ca\/fr\/wp-json\/wp\/v2\/media?parent=1242"}],"curies":[{"name":"wp","href":"https:\/\/api.w.org\/{rel}","templated":true}]}}