{"id":1225,"date":"2025-11-14T08:43:51","date_gmt":"2025-11-14T13:43:51","guid":{"rendered":"https:\/\/eorc-creo.ca\/careers\/"},"modified":"2026-01-29T10:33:36","modified_gmt":"2026-01-29T15:33:36","slug":"carrieres","status":"publish","type":"page","link":"https:\/\/eorc-creo.ca\/fr\/carrieres\/","title":{"rendered":"Carri\u00e8res"},"content":{"rendered":"<div class=\"wpb-content-wrapper\"><p>[vc_row type=\u00a0\u00bbin_grid\u00a0\u00bb text_align=\u00a0\u00bbcenter\u00a0\u00bb background_position=\u00a0\u00bb\u00a0\u00bb css=\u00a0\u00bb.vc_custom_1765306766918{background-image: url(https:\/\/eorc-creo.ca\/wp-content\/uploads\/2025\/12\/eorc-careers-title-bg.jpg?id=1016) !important;background-position: center !important;background-repeat: no-repeat !important;background-size: cover !important;}\u00a0\u00bb min_height=\u00a0\u00bb535&Prime; el_class=\u00a0\u00bblight-green-image-title-shape title-img-row shape-with-bar\u00a0\u00bb][vc_column][\/vc_column][\/vc_row][vc_row type=\u00a0\u00bbin_grid\u00a0\u00bb text_align=\u00a0\u00bbinherit\u00a0\u00bb background_position=\u00a0\u00bb\u00a0\u00bb el_class=\u00a0\u00bbpadding-100&Prime; css=\u00a0\u00bb.vc_custom_1765306380941{background-color: #D1D082 !important;}\u00a0\u00bb][vc_column][vc_row_inner type=\u00a0\u00bbfull_width\u00a0\u00bb text_align=\u00a0\u00bbinherit\u00a0\u00bb background_position=\u00a0\u00bb\u00a0\u00bb][vc_column_inner el_class=\u00a0\u00bbmax-width-95&Prime;][vc_column_text css=\u00a0\u00bb\u00a0\u00bb el_class=\u00a0\u00bbline-after-h2&Prime;]<\/p>\n<h1>Carri\u00e8res<\/h1>\n<p>[\/vc_column_text][vc_column_text css=\u00a0\u00bb\u00a0\u00bb el_class=\u00a0\u00bblarge\u00a0\u00bb]Au CREO, nous travaillons en collaboration avec notre communaut\u00e9 afin de b\u00e2tir un avenir sain, \u00e9quitable et r\u00e9silient. Notre Centre offre des services inclusifs et valorisants qui soutiennent les personnes et les familles, avec un engagement ferme \u00e0 \u00e9liminer les obstacles, \u00e0 promouvoir la diversit\u00e9 et \u00e0 cr\u00e9er un environnement s\u00e9curitaire et accueillant o\u00f9 chacun et chacune peut acc\u00e9der au soutien n\u00e9cessaire pour s\u2019\u00e9panouir. Guid\u00e9s par nos valeurs fondamentales \u2014 services ax\u00e9s sur la client\u00e8le, empathie, responsabilit\u00e9, collaboration et innovation \u2014 nous nous engageons \u00e0 avoir un impact durable dans la vie des personnes que nous servons et au sein de la communaut\u00e9 que nous appelons chez nous. Si notre engagement envers la communaut\u00e9 vous inspire et que vous souhaitez faire une r\u00e9elle diff\u00e9rence, nous serions ravis de vous accueillir au sein de notre \u00e9quipe et de grandir avec vous.[\/vc_column_text][\/vc_column_inner][\/vc_row_inner][\/vc_column][\/vc_row][vc_row type=\u00a0\u00bbin_grid\u00a0\u00bb text_align=\u00a0\u00bbinherit\u00a0\u00bb background_position=\u00a0\u00bb\u00a0\u00bb el_class=\u00a0\u00bbpadding-100&Prime; css=\u00a0\u00bb.vc_custom_1765306492876{background-image: url(https:\/\/eorc-creo.ca\/wp-content\/uploads\/2025\/12\/eorc-like-about-us-bg.jpg?id=1009) !important;}\u00a0\u00bb][vc_column][vc_row_inner type=\u00a0\u00bbfull_width\u00a0\u00bb text_align=\u00a0\u00bbcenter\u00a0\u00bb background_position=\u00a0\u00bb\u00a0\u00bb el_class=\u00a0\u00bbpadding-b-50&Prime;][vc_column_inner][vc_column_text css=\u00a0\u00bb\u00a0\u00bb el_class=\u00a0\u00bbline-after-h2-center line-after-h2 white-text\u00a0\u00bb]<\/p>\n<h2>Ce que vous aimerez chez nous<\/h2>\n<p>[\/vc_column_text][\/vc_column_inner][\/vc_row_inner][vc_row_inner equal_height=\u00a0\u00bbyes\u00a0\u00bb type=\u00a0\u00bbfull_width\u00a0\u00bb text_align=\u00a0\u00bbinherit\u00a0\u00bb background_position=\u00a0\u00bb\u00a0\u00bb el_class=\u00a0\u00bbwhat-like-about-us-inner-row\u00a0\u00bb][vc_column_inner width=\u00a0\u00bb1\/3&Prime;][vc_column_text css=\u00a0\u00bb.vc_custom_1769700615547{margin-bottom: 20px !important;}\u00a0\u00bb]<\/p>\n<h4>Environnement collaboratif<\/h4>\n<p>[\/vc_column_text][vc_column_text css=\u00a0\u00bb\u00a0\u00bb el_class=\u00a0\u00bbget-involved-text\u00a0\u00bb]Un milieu de travail qui favorise la collaboration, les \u00e9changes et l\u2019inclusion.[\/vc_column_text][\/vc_column_inner][vc_column_inner width=\u00a0\u00bb1\/3&Prime;][vc_column_text css=\u00a0\u00bb.vc_custom_1769700630283{margin-bottom: 20px !important;}\u00a0\u00bb]<\/p>\n<h4>Couverture d\u2019assurance<\/h4>\n<p>[\/vc_column_text][vc_column_text css=\u00a0\u00bb\u00a0\u00bb el_class=\u00a0\u00bbget-involved-text\u00a0\u00bb]R\u00e9gime d\u2019assurance collective et programme d\u2019aide aux employ\u00e9s en vigueur trois mois apr\u00e8s l\u2019embauche.[\/vc_column_text][\/vc_column_inner][vc_column_inner width=\u00a0\u00bb1\/3&Prime;][vc_column_text css=\u00a0\u00bb.vc_custom_1769700645662{margin-bottom: 20px !important;}\u00a0\u00bb]<\/p>\n<h4>R\u00e9gime de retraite s\u00e9curis\u00e9<\/h4>\n<p>[\/vc_column_text][vc_column_text css=\u00a0\u00bb\u00a0\u00bb el_class=\u00a0\u00bbget-involved-text\u00a0\u00bb]Participation au r\u00e9gime de retraite \u00e0 prestations d\u00e9termin\u00e9es d\u2019OPTrust.[\/vc_column_text][\/vc_column_inner][vc_column_inner width=\u00a0\u00bb1\/3&Prime;][vc_column_text css=\u00a0\u00bb.vc_custom_1769700661928{margin-bottom: 20px !important;}\u00a0\u00bb]<\/p>\n<h4>Plus de temps pour ce qui compte<\/h4>\n<p>[\/vc_column_text][vc_column_text css=\u00a0\u00bb\u00a0\u00bb el_class=\u00a0\u00bbget-involved-text\u00a0\u00bb]En plus de quatre semaines de vacances : 5 jours de cong\u00e9 personnel, 15 jours de cong\u00e9 de maladie et 13 jours f\u00e9ri\u00e9s par ann\u00e9e.[\/vc_column_text][\/vc_column_inner][vc_column_inner width=\u00a0\u00bb1\/3&Prime;][vc_column_text css=\u00a0\u00bb.vc_custom_1769700702613{margin-bottom: 20px !important;}\u00a0\u00bb]<\/p>\n<h4>D\u00e9veloppement continu des comp\u00e9tences<\/h4>\n<p>[\/vc_column_text][vc_column_text css=\u00a0\u00bb\u00a0\u00bb el_class=\u00a0\u00bbget-involved-text\u00a0\u00bb]Occasions de formation professionnelle li\u00e9es \u00e0 un large \u00e9ventail de comp\u00e9tences transf\u00e9rables.[\/vc_column_text][\/vc_column_inner][vc_column_inner width=\u00a0\u00bb1\/3&Prime;][vc_column_text css=\u00a0\u00bb.vc_custom_1769700716688{margin-bottom: 20px !important;}\u00a0\u00bb]<\/p>\n<h4>Horaire flexible<\/h4>\n<p>[\/vc_column_text][vc_column_text css=\u00a0\u00bb\u00a0\u00bb el_class=\u00a0\u00bbget-involved-text\u00a0\u00bb]Heures r\u00e9duites durant l\u2019\u00e9t\u00e9 et fermeture du Centre sur l\u2019heure du d\u00eener.[\/vc_column_text][\/vc_column_inner][vc_column_inner width=\u00a0\u00bb1\/3&Prime;][vc_column_text css=\u00a0\u00bb.vc_custom_1769700748041{margin-bottom: 20px !important;}\u00a0\u00bb]<\/p>\n<h4>Stationnement simplifi\u00e9<\/h4>\n<p>[\/vc_column_text][vc_column_text css=\u00a0\u00bb\u00a0\u00bb el_class=\u00a0\u00bbget-involved-text\u00a0\u00bb]Acc\u00e8s \u00e0 un stationnement gratuit.[\/vc_column_text][\/vc_column_inner][\/vc_row_inner][\/vc_column][\/vc_row][vc_row type=\u00a0\u00bbfull_width\u00a0\u00bb text_align=\u00a0\u00bbinherit\u00a0\u00bb background_position=\u00a0\u00bb\u00a0\u00bb css=\u00a0\u00bb.vc_custom_1761671671544{margin-top: -26px !important;}\u00a0\u00bb][vc_column]<div class=\"dist-shortcode-container wpb_content_element\">  <div class=\"shape-ligne \">\r\n          <svg viewBox=\"0 0 2560 42\" preserveAspectRatio=\"xMaxYMid slice\" aria-hidden=\"true\" style=\"top: 0px;\">\r\n        <path d=\"M2560,25.4v16.5h-257.9c-9,0-16-.8-21.5-2-4.2-.9-7.5-2-10.1-3.3-4.1-1.9-6.8-4.1-9.2-6.4-2.5-2.3-4.4-4.9-6.2-7.7-.9-1.4-2.6-2.8-4.7-3.8-1.1-.4-2.2-.8-3.3-1-1.1-.3-2.2-.3-3.1-.3-2.2,0-3.9.4-5.3.9s-2.5,1.2-3.4,1.8c-6.5,4.9-12.3,8.6-17.7,11.4-4,2.2-7.9,3.8-12,5.2-5.9,2-12.3,3.3-19.9,4.2-7.6.8-16.5,1.2-27.4,1.2H836.7L0,42.4v-16.9h2158c10.9,0,19.8-.3,27.4-1.1,7.6-.9,13.8-2.2,19.9-4.2,4-1.4,7.9-3.1,12-5.2,5.4-2.8,11.2-6.5,17.7-11.4.9-.6,2-1.3,3.4-1.8,1.4-.5,3.1-.9,5.3-.9s2,0,3.1.3c1.1.1,2.2.5,3.3,1,2,.9,3.7,2.4,4.7,3.8,2,2.7,3.9,5.4,6.2,7.7,2.3,2.4,5.1,4.5,9.2,6.4,2.8,1.3,6.1,2.4,10.1,3.3h.3c5.4,1.3,12.4,2,21.5,2h257.9Z\" fill=\"#354F4A\"><\/path>\r\n      <\/svg>\r\n          <svg viewBox=\"0 0 2560 42\" preserveAspectRatio=\"xMaxYMid slice\" aria-hidden=\"true\" style=\"top: 15px;\">\r\n        <path d=\"M2560,25.4v16.5h-257.9c-9,0-16-.8-21.5-2-4.2-.9-7.5-2-10.1-3.3-4.1-1.9-6.8-4.1-9.2-6.4-2.5-2.3-4.4-4.9-6.2-7.7-.9-1.4-2.6-2.8-4.7-3.8-1.1-.4-2.2-.8-3.3-1-1.1-.3-2.2-.3-3.1-.3-2.2,0-3.9.4-5.3.9s-2.5,1.2-3.4,1.8c-6.5,4.9-12.3,8.6-17.7,11.4-4,2.2-7.9,3.8-12,5.2-5.9,2-12.3,3.3-19.9,4.2-7.6.8-16.5,1.2-27.4,1.2H836.7L0,42.4v-16.9h2158c10.9,0,19.8-.3,27.4-1.1,7.6-.9,13.8-2.2,19.9-4.2,4-1.4,7.9-3.1,12-5.2,5.4-2.8,11.2-6.5,17.7-11.4.9-.6,2-1.3,3.4-1.8,1.4-.5,3.1-.9,5.3-.9s2,0,3.1.3c1.1.1,2.2.5,3.3,1,2,.9,3.7,2.4,4.7,3.8,2,2.7,3.9,5.4,6.2,7.7,2.3,2.4,5.1,4.5,9.2,6.4,2.8,1.3,6.1,2.4,10.1,3.3h.3c5.4,1.3,12.4,2,21.5,2h257.9Z\" fill=\"#F06153\"><\/path>\r\n      <\/svg>\r\n          <svg viewBox=\"0 0 2560 42\" preserveAspectRatio=\"xMaxYMid slice\" aria-hidden=\"true\" style=\"top: 30px;\">\r\n        <path d=\"M2560,25.4v16.5h-257.9c-9,0-16-.8-21.5-2-4.2-.9-7.5-2-10.1-3.3-4.1-1.9-6.8-4.1-9.2-6.4-2.5-2.3-4.4-4.9-6.2-7.7-.9-1.4-2.6-2.8-4.7-3.8-1.1-.4-2.2-.8-3.3-1-1.1-.3-2.2-.3-3.1-.3-2.2,0-3.9.4-5.3.9s-2.5,1.2-3.4,1.8c-6.5,4.9-12.3,8.6-17.7,11.4-4,2.2-7.9,3.8-12,5.2-5.9,2-12.3,3.3-19.9,4.2-7.6.8-16.5,1.2-27.4,1.2H836.7L0,42.4v-16.9h2158c10.9,0,19.8-.3,27.4-1.1,7.6-.9,13.8-2.2,19.9-4.2,4-1.4,7.9-3.1,12-5.2,5.4-2.8,11.2-6.5,17.7-11.4.9-.6,2-1.3,3.4-1.8,1.4-.5,3.1-.9,5.3-.9s2,0,3.1.3c1.1.1,2.2.5,3.3,1,2,.9,3.7,2.4,4.7,3.8,2,2.7,3.9,5.4,6.2,7.7,2.3,2.4,5.1,4.5,9.2,6.4,2.8,1.3,6.1,2.4,10.1,3.3h.3c5.4,1.3,12.4,2,21.5,2h257.9Z\" fill=\"#FBAF2C\"><\/path>\r\n      <\/svg>\r\n          <svg viewBox=\"0 0 2560 42\" preserveAspectRatio=\"xMaxYMid slice\" aria-hidden=\"true\" style=\"top: 45px;\">\r\n        <path d=\"M2560,25.4v16.5h-257.9c-9,0-16-.8-21.5-2-4.2-.9-7.5-2-10.1-3.3-4.1-1.9-6.8-4.1-9.2-6.4-2.5-2.3-4.4-4.9-6.2-7.7-.9-1.4-2.6-2.8-4.7-3.8-1.1-.4-2.2-.8-3.3-1-1.1-.3-2.2-.3-3.1-.3-2.2,0-3.9.4-5.3.9s-2.5,1.2-3.4,1.8c-6.5,4.9-12.3,8.6-17.7,11.4-4,2.2-7.9,3.8-12,5.2-5.9,2-12.3,3.3-19.9,4.2-7.6.8-16.5,1.2-27.4,1.2H836.7L0,42.4v-16.9h2158c10.9,0,19.8-.3,27.4-1.1,7.6-.9,13.8-2.2,19.9-4.2,4-1.4,7.9-3.1,12-5.2,5.4-2.8,11.2-6.5,17.7-11.4.9-.6,2-1.3,3.4-1.8,1.4-.5,3.1-.9,5.3-.9s2,0,3.1.3c1.1.1,2.2.5,3.3,1,2,.9,3.7,2.4,4.7,3.8,2,2.7,3.9,5.4,6.2,7.7,2.3,2.4,5.1,4.5,9.2,6.4,2.8,1.3,6.1,2.4,10.1,3.3h.3c5.4,1.3,12.4,2,21.5,2h257.9Z\" fill=\"#E5E2DA\"><\/path>\r\n      <\/svg>\r\n          <svg viewBox=\"0 0 2560 42\" preserveAspectRatio=\"xMaxYMid slice\" aria-hidden=\"true\" style=\"top: 60px;\">\r\n        <path d=\"M2560,25.4v16.5h-257.9c-9,0-16-.8-21.5-2-4.2-.9-7.5-2-10.1-3.3-4.1-1.9-6.8-4.1-9.2-6.4-2.5-2.3-4.4-4.9-6.2-7.7-.9-1.4-2.6-2.8-4.7-3.8-1.1-.4-2.2-.8-3.3-1-1.1-.3-2.2-.3-3.1-.3-2.2,0-3.9.4-5.3.9s-2.5,1.2-3.4,1.8c-6.5,4.9-12.3,8.6-17.7,11.4-4,2.2-7.9,3.8-12,5.2-5.9,2-12.3,3.3-19.9,4.2-7.6.8-16.5,1.2-27.4,1.2H836.7L0,42.4v-16.9h2158c10.9,0,19.8-.3,27.4-1.1,7.6-.9,13.8-2.2,19.9-4.2,4-1.4,7.9-3.1,12-5.2,5.4-2.8,11.2-6.5,17.7-11.4.9-.6,2-1.3,3.4-1.8,1.4-.5,3.1-.9,5.3-.9s2,0,3.1.3c1.1.1,2.2.5,3.3,1,2,.9,3.7,2.4,4.7,3.8,2,2.7,3.9,5.4,6.2,7.7,2.3,2.4,5.1,4.5,9.2,6.4,2.8,1.3,6.1,2.4,10.1,3.3h.3c5.4,1.3,12.4,2,21.5,2h257.9Z\" fill=\"#F4A4B2\"><\/path>\r\n      <\/svg>\r\n      <\/div>\r\n  <\/div>[\/vc_column][\/vc_row][vc_row type=\u00a0\u00bbin_grid\u00a0\u00bb text_align=\u00a0\u00bbinherit\u00a0\u00bb background_position=\u00a0\u00bb\u00a0\u00bb el_class=\u00a0\u00bbcareer-opportunities-row padding-100&Prime;][vc_column][vc_row_inner type=\u00a0\u00bbin_grid\u00a0\u00bb text_align=\u00a0\u00bbcenter\u00a0\u00bb background_position=\u00a0\u00bb\u00a0\u00bb el_class=\u00a0\u00bbpadding-b-50&Prime;][vc_column_inner][vc_column_text css=\u00a0\u00bb\u00a0\u00bb el_class=\u00a0\u00bbline-after-h2-center line-after-h2&Prime;]<\/p>\n<h2>Possibilit\u00e9s de carri\u00e8re<\/h2>\n<p>[\/vc_column_text][vc_column_text css=\u00a0\u00bb\u00a0\u00bb el_class=\u00a0\u00bblarge\u00a0\u00bb]Notre \u00e9quipe r\u00e9unit des personnes comp\u00e9tentes, bienveillantes et engag\u00e9es afin de soutenir la communaut\u00e9 et de cr\u00e9er un impact significatif.<br \/>\nD\u00e9couvrez nos possibilit\u00e9s d\u2019emploi actuelles ci-dessous![\/vc_column_text][\/vc_column_inner][\/vc_row_inner][vc_row_inner type=\u00a0\u00bbfull_width\u00a0\u00bb text_align=\u00a0\u00bbinherit\u00a0\u00bb background_position=\u00a0\u00bb\u00a0\u00bb][vc_column_inner]<div class=\"dist-shortcode-container wpb_content_element\">    <div class=\"blog-listing-holder careers-listing-holder\">\r\n        <div class=\"container\">\r\n            <div class=\"blog-listing-inner\">\r\n                                    <article id=\"career-1229\" class=\"blog-listing-item color-1\">\r\n                        <div class=\"blog-listing-article-inner\">\r\n                            <div class=\"blog-listing-content\">\r\n                                <h4 class=\"blog-listing-title\">Intervenant(e) en services de soutien communautaire (pour les a\u00een\u00e9s et les adultes ayant une d\u00e9ficience physique)<\/h4>\r\n                                <p class=\"dist-btn\">En savoir plus<\/p>\r\n                            <\/div>\r\n                            <a class=\"career-link\" href=\"https:\/\/eorc-creo.ca\/fr\/careers\/intervenante-en-services-de-soutien-communautaire-pour-les-aines-et-les-adultes-ayant-une-deficience-physique\/\"><\/a>\r\n                        <\/div>\r\n                    <\/article>\r\n                                <\/div>\r\n        <\/div>\r\n    <\/div>\r\n    <\/div>[\/vc_column_inner][\/vc_row_inner][\/vc_column][\/vc_row][vc_row type=\u00a0\u00bbin_grid\u00a0\u00bb text_align=\u00a0\u00bbinherit\u00a0\u00bb background_position=\u00a0\u00bb\u00a0\u00bb el_class=\u00a0\u00bbpadding-100&Prime; css=\u00a0\u00bb.vc_custom_1763144882547{background-color: #D1D082 !important;}\u00a0\u00bb][vc_column][vc_row_inner type=\u00a0\u00bbfull_width\u00a0\u00bb text_align=\u00a0\u00bbcenter\u00a0\u00bb background_position=\u00a0\u00bb\u00a0\u00bb el_class=\u00a0\u00bbpadding-b-50&Prime;][vc_column_inner][vc_column_text css=\u00a0\u00bb\u00a0\u00bb el_class=\u00a0\u00bbline-after-h2-center line-after-h2&Prime;]<\/p>\n<h2>Le CREO demeure engag\u00e9 \u00e0 :<\/h2>\n<p>[\/vc_column_text][\/vc_column_inner][\/vc_row_inner][vc_row_inner type=\u00a0\u00bbfull_width\u00a0\u00bb text_align=\u00a0\u00bbinherit\u00a0\u00bb background_position=\u00a0\u00bb\u00a0\u00bb el_class=\u00a0\u00bbbenefits-getting-involved-row\u00a0\u00bb][vc_column_inner][vc_column_text css=\u00a0\u00bb\u00a0\u00bb el_class=\u00a0\u00bbcheckmark-list\u00a0\u00bb]<\/p>\n<ul>\n<li>Favoriser un environnement diversifi\u00e9, \u00e9quitable et inclusif o\u00f9 toutes les personnes, peu importe leur race, leur origine ethnique, leur genre, leur \u00e2ge, leur orientation sexuelle, leur religion, leurs capacit\u00e9s ou leur situation socio\u00e9conomique, se sentent valoris\u00e9es et respect\u00e9es. Nous croyons que la diversit\u00e9 renforce notre organisme et qu\u2019elle est essentielle \u00e0 la r\u00e9alisation de notre mission de soutien et d\u2019autonomisation des personnes dans le besoin vivant dans la r\u00e9gion de l\u2019Est d\u2019Ottawa.<\/li>\n<li>Offrir des possibilit\u00e9s d\u2019emploi et de b\u00e9n\u00e9volat \u00e9quitables \u00e0 toutes les personnes qualifi\u00e9es. Nous invitons les personnes provenant de milieux, d\u2019exp\u00e9riences et de perspectives diversifi\u00e9s \u00e0 poser leur candidature.<\/li>\n<li>Offrir des mesures d\u2019adaptation tout au long du processus de recrutement et de s\u00e9lection, conform\u00e9ment \u00e0 la Loi sur l\u2019accessibilit\u00e9 pour les personnes handicap\u00e9es de l\u2019Ontario (LAPHO). Si vous avez besoin de mesures d\u2019adaptation, veuillez-nous en informer lorsque vous serez contact\u00e9(e) pour une entrevue.<\/li>\n<\/ul>\n<p>[\/vc_column_text][\/vc_column_inner][\/vc_row_inner][\/vc_column][\/vc_row]<\/p>\n<\/div>","protected":false},"excerpt":{"rendered":"<p>[vc_row type=\u00a0\u00bbin_grid\u00a0\u00bb text_align=\u00a0\u00bbcenter\u00a0\u00bb background_position=\u00a0\u00bb\u00a0\u00bb css=\u00a0\u00bb.vc_custom_1765306766918{background-image: url(https:\/\/eorc-creo.ca\/wp-content\/uploads\/2025\/12\/eorc-careers-title-bg.jpg?id=1016) !important;background-position: center !important;background-repeat: no-repeat !important;background-size: cover !important;}\u00a0\u00bb min_height=\u00a0\u00bb535&Prime; el_class=\u00a0\u00bblight-green-image-title-shape title-img-row shape-with-bar\u00a0\u00bb][vc_column][\/vc_column][\/vc_row][vc_row type=\u00a0\u00bbin_grid\u00a0\u00bb text_align=\u00a0\u00bbinherit\u00a0\u00bb background_position=\u00a0\u00bb\u00a0\u00bb el_class=\u00a0\u00bbpadding-100&Prime; css=\u00a0\u00bb.vc_custom_1765306380941{background-color: #D1D082 !important;}\u00a0\u00bb][vc_column][vc_row_inner type=\u00a0\u00bbfull_width\u00a0\u00bb text_align=\u00a0\u00bbinherit\u00a0\u00bb background_position=\u00a0\u00bb\u00a0\u00bb][vc_column_inner el_class=\u00a0\u00bbmax-width-95&Prime;][vc_column_text css=\u00a0\u00bb\u00a0\u00bb el_class=\u00a0\u00bbline-after-h2&Prime;] Carri\u00e8res [\/vc_column_text][vc_column_text css=\u00a0\u00bb\u00a0\u00bb el_class=\u00a0\u00bblarge\u00a0\u00bb]Au CREO, nous travaillons en collaboration avec notre communaut\u00e9 afin de b\u00e2tir un avenir sain, \u00e9quitable et r\u00e9silient. Notre Centre offre des [&hellip;]<\/p>\n","protected":false},"author":1,"featured_media":0,"parent":0,"menu_order":0,"comment_status":"closed","ping_status":"closed","template":"","meta":{"_acf_changed":false,"_seopress_robots_primary_cat":"","_seopress_titles_title":"","_seopress_titles_desc":"","_seopress_robots_index":"","footnotes":""},"class_list":["post-1225","page","type-page","status-publish","hentry"],"acf":[],"_links":{"self":[{"href":"https:\/\/eorc-creo.ca\/fr\/wp-json\/wp\/v2\/pages\/1225","targetHints":{"allow":["GET"]}}],"collection":[{"href":"https:\/\/eorc-creo.ca\/fr\/wp-json\/wp\/v2\/pages"}],"about":[{"href":"https:\/\/eorc-creo.ca\/fr\/wp-json\/wp\/v2\/types\/page"}],"author":[{"embeddable":true,"href":"https:\/\/eorc-creo.ca\/fr\/wp-json\/wp\/v2\/users\/1"}],"replies":[{"embeddable":true,"href":"https:\/\/eorc-creo.ca\/fr\/wp-json\/wp\/v2\/comments?post=1225"}],"version-history":[{"count":2,"href":"https:\/\/eorc-creo.ca\/fr\/wp-json\/wp\/v2\/pages\/1225\/revisions"}],"predecessor-version":[{"id":1227,"href":"https:\/\/eorc-creo.ca\/fr\/wp-json\/wp\/v2\/pages\/1225\/revisions\/1227"}],"wp:attachment":[{"href":"https:\/\/eorc-creo.ca\/fr\/wp-json\/wp\/v2\/media?parent=1225"}],"curies":[{"name":"wp","href":"https:\/\/api.w.org\/{rel}","templated":true}]}}