{"id":1207,"date":"2025-11-13T09:41:27","date_gmt":"2025-11-13T14:41:27","guid":{"rendered":"https:\/\/eorc-creo.ca\/a-propos\/partners-supporters-funders\/"},"modified":"2026-01-29T09:21:11","modified_gmt":"2026-01-29T14:21:11","slug":"partenaires-donateurs-et-bailleurs-de-fonds","status":"publish","type":"page","link":"https:\/\/eorc-creo.ca\/fr\/a-propos\/partenaires-donateurs-et-bailleurs-de-fonds\/","title":{"rendered":"Partenaires, donateurs et bailleurs de fonds"},"content":{"rendered":"<div class=\"wpb-content-wrapper\"><p>[vc_row type=\u00a0\u00bbin_grid\u00a0\u00bb text_align=\u00a0\u00bbcenter\u00a0\u00bb background_position=\u00a0\u00bb\u00a0\u00bb css=\u00a0\u00bb.vc_custom_1765308383809{background-image: url(https:\/\/eorc-creo.ca\/wp-content\/uploads\/2025\/12\/eorc-partners-title-bg.jpg?id=1044) !important;background-position: center !important;background-repeat: no-repeat !important;background-size: cover !important;}\u00a0\u00bb min_height=\u00a0\u00bb535&Prime; el_class=\u00a0\u00bbpine-green-image-title-shape title-img-row shape-with-bar\u00a0\u00bb][vc_column][\/vc_column][\/vc_row][vc_row type=\u00a0\u00bbin_grid\u00a0\u00bb text_align=\u00a0\u00bbinherit\u00a0\u00bb background_position=\u00a0\u00bb\u00a0\u00bb el_class=\u00a0\u00bbarchive-programs-title-text-row image-title-text-row padding-100&Prime; css=\u00a0\u00bb.vc_custom_1765308362561{background-color: #5A968B !important;}\u00a0\u00bb][vc_column][vc_row_inner content_placement=\u00a0\u00bbbottom\u00a0\u00bb type=\u00a0\u00bbfull_width\u00a0\u00bb text_align=\u00a0\u00bbinherit\u00a0\u00bb background_position=\u00a0\u00bb\u00a0\u00bb el_class=\u00a0\u00bbimage-title-inner-text-row\u00a0\u00bb][vc_column_inner el_class=\u00a0\u00bbmax-width-95&Prime;][vc_column_text css=\u00a0\u00bb\u00a0\u00bb el_class=\u00a0\u00bbwhite-text line-after-h2&Prime;]<\/p>\n<h1>Partenaires, donateurs et bailleurs de fonds<\/h1>\n<p>[\/vc_column_text][vc_column_text css=\u00a0\u00bb\u00a0\u00bb el_class=\u00a0\u00bbwhite-text large\u00a0\u00bb]Au CREO, nous croyons que les changements durables reposent sur des relations solides. Nous sommes fiers de collaborer avec un r\u00e9seau diversifi\u00e9 de partenaires et de donateurs qui partagent notre engagement \u00e0 b\u00e2tir une communaut\u00e9 plus saine et plus \u00e9quitable. Qu\u2019il s\u2019agisse d\u2019alliances strat\u00e9giques, d\u2019initiatives conjointes ou de contributions g\u00e9n\u00e9reuses, ces collaborations nous permettent d\u2019\u00e9largir notre port\u00e9e, de renforcer nos programmes et de cr\u00e9er un impact durable pour les personnes que nous servons.[\/vc_column_text][\/vc_column_inner][\/vc_row_inner][\/vc_column][\/vc_row][vc_row type=\u00a0\u00bbin_grid\u00a0\u00bb text_align=\u00a0\u00bbinherit\u00a0\u00bb background_position=\u00a0\u00bb\u00a0\u00bb el_class=\u00a0\u00bbpadding-100&Prime; el_id=\u00a0\u00bbpartners\u00a0\u00bb][vc_column][vc_row_inner content_placement=\u00a0\u00bbbottom\u00a0\u00bb type=\u00a0\u00bbfull_width\u00a0\u00bb text_align=\u00a0\u00bbcenter\u00a0\u00bb background_position=\u00a0\u00bb\u00a0\u00bb el_class=\u00a0\u00bbpadding-b-50&Prime;][vc_column_inner el_class=\u00a0\u00bbmax-width-95&Prime;][vc_column_text css=\u00a0\u00bb\u00a0\u00bb el_class=\u00a0\u00bbline-after-h2&Prime;]<\/p>\n<h2>Partenaires<\/h2>\n<p>[\/vc_column_text][vc_column_text css=\u00a0\u00bb\u00a0\u00bb el_class=\u00a0\u00bblarge\u00a0\u00bb]Nous sommes fiers de travailler aux c\u00f4t\u00e9s d\u2019un r\u00e9seau diversifi\u00e9 de partenaires qui partagent notre engagement envers le changement positif dans la communaut\u00e9. Ensemble, nous bonifions nos programmes, \u00e9largissons notre port\u00e9e et cr\u00e9ons des occasions significatives pour les personnes que nous accompagnons.<\/p>\n<p>\u00c0 titre de membre de la Coalition des <a href=\"https:\/\/coalitionottawa.ca\/\"> centres de sant\u00e9 et de ressources communautaires d\u2019Ottawa<\/a>, nous collaborons \u00e9galement avec d\u2019autres centres de sant\u00e9 et de ressources \u00e0 travers la ville afin de renforcer les liens et de b\u00e2tir des communaut\u00e9s plus saines.<\/p>\n<p>Nous remercions sinc\u00e8rement l\u2019ensemble de nos partenaires pour leur soutien et leur collaboration continus.[\/vc_column_text][\/vc_column_inner][\/vc_row_inner][vc_row_inner type=\u00a0\u00bbfull_width\u00a0\u00bb text_align=\u00a0\u00bbinherit\u00a0\u00bb background_position=\u00a0\u00bb\u00a0\u00bb][vc_column_inner]<div class=\"dist-shortcode-container wpb_content_element\">    <div class=\"org-logos-row\">\r\n                        <div class=\"org-logo\">\r\n                    <a href=\"https:\/\/giftsinkindottawa.ca\/\" target=\"_blank\" rel=\"noopener\">\r\n                        <div class=\"logo-bg\" style=\"background-image: url('https:\/\/eorc-creo.ca\/wp-content\/uploads\/2025\/12\/eorc-gik-logo.jpg');\"><\/div>\r\n                    <\/a>\r\n                <\/div>\r\n\r\n                    <\/div>\r\n    <\/div>[\/vc_column_inner][\/vc_row_inner][\/vc_column][\/vc_row][vc_row type=\u00a0\u00bbfull_width\u00a0\u00bb text_align=\u00a0\u00bbinherit\u00a0\u00bb background_position=\u00a0\u00bb\u00a0\u00bb css=\u00a0\u00bb.vc_custom_1760984636792{margin-top: -26px !important;}\u00a0\u00bb][vc_column]<div class=\"dist-shortcode-container wpb_content_element\">  <div class=\"shape-ligne \">\r\n          <svg viewBox=\"0 0 2560 42\" preserveAspectRatio=\"xMaxYMid slice\" aria-hidden=\"true\" style=\"top: 0px;\">\r\n        <path d=\"M2560,25.4v16.5h-257.9c-9,0-16-.8-21.5-2-4.2-.9-7.5-2-10.1-3.3-4.1-1.9-6.8-4.1-9.2-6.4-2.5-2.3-4.4-4.9-6.2-7.7-.9-1.4-2.6-2.8-4.7-3.8-1.1-.4-2.2-.8-3.3-1-1.1-.3-2.2-.3-3.1-.3-2.2,0-3.9.4-5.3.9s-2.5,1.2-3.4,1.8c-6.5,4.9-12.3,8.6-17.7,11.4-4,2.2-7.9,3.8-12,5.2-5.9,2-12.3,3.3-19.9,4.2-7.6.8-16.5,1.2-27.4,1.2H836.7L0,42.4v-16.9h2158c10.9,0,19.8-.3,27.4-1.1,7.6-.9,13.8-2.2,19.9-4.2,4-1.4,7.9-3.1,12-5.2,5.4-2.8,11.2-6.5,17.7-11.4.9-.6,2-1.3,3.4-1.8,1.4-.5,3.1-.9,5.3-.9s2,0,3.1.3c1.1.1,2.2.5,3.3,1,2,.9,3.7,2.4,4.7,3.8,2,2.7,3.9,5.4,6.2,7.7,2.3,2.4,5.1,4.5,9.2,6.4,2.8,1.3,6.1,2.4,10.1,3.3h.3c5.4,1.3,12.4,2,21.5,2h257.9Z\" fill=\"#354F4A\"><\/path>\r\n      <\/svg>\r\n          <svg viewBox=\"0 0 2560 42\" preserveAspectRatio=\"xMaxYMid slice\" aria-hidden=\"true\" style=\"top: 15px;\">\r\n        <path d=\"M2560,25.4v16.5h-257.9c-9,0-16-.8-21.5-2-4.2-.9-7.5-2-10.1-3.3-4.1-1.9-6.8-4.1-9.2-6.4-2.5-2.3-4.4-4.9-6.2-7.7-.9-1.4-2.6-2.8-4.7-3.8-1.1-.4-2.2-.8-3.3-1-1.1-.3-2.2-.3-3.1-.3-2.2,0-3.9.4-5.3.9s-2.5,1.2-3.4,1.8c-6.5,4.9-12.3,8.6-17.7,11.4-4,2.2-7.9,3.8-12,5.2-5.9,2-12.3,3.3-19.9,4.2-7.6.8-16.5,1.2-27.4,1.2H836.7L0,42.4v-16.9h2158c10.9,0,19.8-.3,27.4-1.1,7.6-.9,13.8-2.2,19.9-4.2,4-1.4,7.9-3.1,12-5.2,5.4-2.8,11.2-6.5,17.7-11.4.9-.6,2-1.3,3.4-1.8,1.4-.5,3.1-.9,5.3-.9s2,0,3.1.3c1.1.1,2.2.5,3.3,1,2,.9,3.7,2.4,4.7,3.8,2,2.7,3.9,5.4,6.2,7.7,2.3,2.4,5.1,4.5,9.2,6.4,2.8,1.3,6.1,2.4,10.1,3.3h.3c5.4,1.3,12.4,2,21.5,2h257.9Z\" fill=\"#5A968B\"><\/path>\r\n      <\/svg>\r\n          <svg viewBox=\"0 0 2560 42\" preserveAspectRatio=\"xMaxYMid slice\" aria-hidden=\"true\" style=\"top: 30px;\">\r\n        <path d=\"M2560,25.4v16.5h-257.9c-9,0-16-.8-21.5-2-4.2-.9-7.5-2-10.1-3.3-4.1-1.9-6.8-4.1-9.2-6.4-2.5-2.3-4.4-4.9-6.2-7.7-.9-1.4-2.6-2.8-4.7-3.8-1.1-.4-2.2-.8-3.3-1-1.1-.3-2.2-.3-3.1-.3-2.2,0-3.9.4-5.3.9s-2.5,1.2-3.4,1.8c-6.5,4.9-12.3,8.6-17.7,11.4-4,2.2-7.9,3.8-12,5.2-5.9,2-12.3,3.3-19.9,4.2-7.6.8-16.5,1.2-27.4,1.2H836.7L0,42.4v-16.9h2158c10.9,0,19.8-.3,27.4-1.1,7.6-.9,13.8-2.2,19.9-4.2,4-1.4,7.9-3.1,12-5.2,5.4-2.8,11.2-6.5,17.7-11.4.9-.6,2-1.3,3.4-1.8,1.4-.5,3.1-.9,5.3-.9s2,0,3.1.3c1.1.1,2.2.5,3.3,1,2,.9,3.7,2.4,4.7,3.8,2,2.7,3.9,5.4,6.2,7.7,2.3,2.4,5.1,4.5,9.2,6.4,2.8,1.3,6.1,2.4,10.1,3.3h.3c5.4,1.3,12.4,2,21.5,2h257.9Z\" fill=\"#FBAF2C\"><\/path>\r\n      <\/svg>\r\n          <svg viewBox=\"0 0 2560 42\" preserveAspectRatio=\"xMaxYMid slice\" aria-hidden=\"true\" style=\"top: 45px;\">\r\n        <path d=\"M2560,25.4v16.5h-257.9c-9,0-16-.8-21.5-2-4.2-.9-7.5-2-10.1-3.3-4.1-1.9-6.8-4.1-9.2-6.4-2.5-2.3-4.4-4.9-6.2-7.7-.9-1.4-2.6-2.8-4.7-3.8-1.1-.4-2.2-.8-3.3-1-1.1-.3-2.2-.3-3.1-.3-2.2,0-3.9.4-5.3.9s-2.5,1.2-3.4,1.8c-6.5,4.9-12.3,8.6-17.7,11.4-4,2.2-7.9,3.8-12,5.2-5.9,2-12.3,3.3-19.9,4.2-7.6.8-16.5,1.2-27.4,1.2H836.7L0,42.4v-16.9h2158c10.9,0,19.8-.3,27.4-1.1,7.6-.9,13.8-2.2,19.9-4.2,4-1.4,7.9-3.1,12-5.2,5.4-2.8,11.2-6.5,17.7-11.4.9-.6,2-1.3,3.4-1.8,1.4-.5,3.1-.9,5.3-.9s2,0,3.1.3c1.1.1,2.2.5,3.3,1,2,.9,3.7,2.4,4.7,3.8,2,2.7,3.9,5.4,6.2,7.7,2.3,2.4,5.1,4.5,9.2,6.4,2.8,1.3,6.1,2.4,10.1,3.3h.3c5.4,1.3,12.4,2,21.5,2h257.9Z\" fill=\"#E5E2DA\"><\/path>\r\n      <\/svg>\r\n          <svg viewBox=\"0 0 2560 42\" preserveAspectRatio=\"xMaxYMid slice\" aria-hidden=\"true\" style=\"top: 60px;\">\r\n        <path d=\"M2560,25.4v16.5h-257.9c-9,0-16-.8-21.5-2-4.2-.9-7.5-2-10.1-3.3-4.1-1.9-6.8-4.1-9.2-6.4-2.5-2.3-4.4-4.9-6.2-7.7-.9-1.4-2.6-2.8-4.7-3.8-1.1-.4-2.2-.8-3.3-1-1.1-.3-2.2-.3-3.1-.3-2.2,0-3.9.4-5.3.9s-2.5,1.2-3.4,1.8c-6.5,4.9-12.3,8.6-17.7,11.4-4,2.2-7.9,3.8-12,5.2-5.9,2-12.3,3.3-19.9,4.2-7.6.8-16.5,1.2-27.4,1.2H836.7L0,42.4v-16.9h2158c10.9,0,19.8-.3,27.4-1.1,7.6-.9,13.8-2.2,19.9-4.2,4-1.4,7.9-3.1,12-5.2,5.4-2.8,11.2-6.5,17.7-11.4.9-.6,2-1.3,3.4-1.8,1.4-.5,3.1-.9,5.3-.9s2,0,3.1.3c1.1.1,2.2.5,3.3,1,2,.9,3.7,2.4,4.7,3.8,2,2.7,3.9,5.4,6.2,7.7,2.3,2.4,5.1,4.5,9.2,6.4,2.8,1.3,6.1,2.4,10.1,3.3h.3c5.4,1.3,12.4,2,21.5,2h257.9Z\" fill=\"#D1D082\"><\/path>\r\n      <\/svg>\r\n      <\/div>\r\n  <\/div>[\/vc_column][\/vc_row][vc_row type=\u00a0\u00bbin_grid\u00a0\u00bb text_align=\u00a0\u00bbinherit\u00a0\u00bb background_position=\u00a0\u00bb\u00a0\u00bb el_class=\u00a0\u00bbsupporters-row padding-100&Prime; css=\u00a0\u00bb.vc_custom_1763585783036{margin-top: -30px !important;background-color: #FFFFFF !important;}\u00a0\u00bb el_id=\u00a0\u00bbsupporters\u00a0\u00bb][vc_column][vc_row_inner type=\u00a0\u00bbfull_width\u00a0\u00bb text_align=\u00a0\u00bbinherit\u00a0\u00bb background_position=\u00a0\u00bb\u00a0\u00bb el_class=\u00a0\u00bbsupporters-title-row padding-b-50&Prime;][vc_column_inner][vc_column_text css=\u00a0\u00bb\u00a0\u00bb el_class=\u00a0\u00bbline-after-h2&Prime;]<\/p>\n<h2>Donateurs<\/h2>\n<p>[\/vc_column_text][vc_column_text css=\u00a0\u00bb\u00a0\u00bb el_class=\u00a0\u00bblarge\u00a0\u00bb]Nos donateurs jouent un r\u00f4le essentiel dans l\u2019avancement de notre mission gr\u00e2ce \u00e0 leurs contributions g\u00e9n\u00e9reuses et \u00e0 leur engagement actif. Leur appui nous permet de maintenir des services essentiels et de lancer de nouvelles initiatives qui am\u00e9liorent concr\u00e8tement la qualit\u00e9 de vie au quotidien. Nous sommes profond\u00e9ment reconnaissants envers nos commanditaires pour leur engagement constant et pour l\u2019impact qu\u2019ils nous aident \u00e0 r\u00e9aliser.[\/vc_column_text][\/vc_column_inner][\/vc_row_inner][vc_row_inner type=\u00a0\u00bbfull_width\u00a0\u00bb text_align=\u00a0\u00bbinherit\u00a0\u00bb background_position=\u00a0\u00bb\u00a0\u00bb el_class=\u00a0\u00bbpadding-b-50&Prime;][vc_column_inner]<div class=\"dist-shortcode-container wpb_content_element\">    <div class=\"org-logos-row\">\r\n                        <div class=\"org-logo\">\r\n                    <a href=\"\" target=\"_blank\" rel=\"noopener\">\r\n                        <div class=\"logo-bg\" style=\"background-image: url('https:\/\/eorc-creo.ca\/wp-content\/uploads\/2025\/12\/eorc-club-optimiste-logo.jpg');\"><\/div>\r\n                    <\/a>\r\n                <\/div>\r\n\r\n                    <\/div>\r\n    <\/div>[\/vc_column_inner][\/vc_row_inner][vc_row_inner type=\u00a0\u00bbfull_width\u00a0\u00bb text_align=\u00a0\u00bbinherit\u00a0\u00bb background_position=\u00a0\u00bb\u00a0\u00bb el_class=\u00a0\u00bbsupporters-inner-row\u00a0\u00bb][vc_column_inner width=\u00a0\u00bb1\/2&Prime;][vc_column_text css=\u00a0\u00bb\u00a0\u00bb]<\/p>\n<div class=\"cgcg-cg-logos-row\">\n<div class=\"cgcg-cg-logo\"><img alt=\"\" loading=\"lazy\" decoding=\"async\" width=\"1579\" height=\"779\" class=\"alignnone size-medium wp-image-557\" src=\"https:\/\/eorc-creo.ca\/wp-content\/uploads\/2025\/11\/eorc-CGCG-logo.png\" alt=\"\" srcset=\"https:\/\/eorc-creo.ca\/wp-content\/uploads\/2025\/11\/eorc-CGCG-logo.png 1579w, https:\/\/eorc-creo.ca\/wp-content\/uploads\/2025\/11\/eorc-CGCG-logo-300x148.png 300w, https:\/\/eorc-creo.ca\/wp-content\/uploads\/2025\/11\/eorc-CGCG-logo-1024x505.png 1024w, https:\/\/eorc-creo.ca\/wp-content\/uploads\/2025\/11\/eorc-CGCG-logo-768x379.png 768w, https:\/\/eorc-creo.ca\/wp-content\/uploads\/2025\/11\/eorc-CGCG-logo-1536x758.png 1536w\" sizes=\"auto, (max-width: 1579px) 100vw, 1579px\" \/><\/div>\n<div class=\"cgcg-cg-logo\"><img alt=\"\" loading=\"lazy\" decoding=\"async\" width=\"1976\" height=\"1976\" class=\"alignnone size-medium wp-image-558\" src=\"https:\/\/eorc-creo.ca\/wp-content\/uploads\/2025\/11\/eorc-capital-gaming-logo.jpg\" alt=\"\" srcset=\"https:\/\/eorc-creo.ca\/wp-content\/uploads\/2025\/11\/eorc-capital-gaming-logo.jpg 1976w, https:\/\/eorc-creo.ca\/wp-content\/uploads\/2025\/11\/eorc-capital-gaming-logo-300x300.jpg 300w, https:\/\/eorc-creo.ca\/wp-content\/uploads\/2025\/11\/eorc-capital-gaming-logo-1024x1024.jpg 1024w, https:\/\/eorc-creo.ca\/wp-content\/uploads\/2025\/11\/eorc-capital-gaming-logo-150x150.jpg 150w, https:\/\/eorc-creo.ca\/wp-content\/uploads\/2025\/11\/eorc-capital-gaming-logo-768x768.jpg 768w, https:\/\/eorc-creo.ca\/wp-content\/uploads\/2025\/11\/eorc-capital-gaming-logo-1536x1536.jpg 1536w\" sizes=\"auto, (max-width: 1976px) 100vw, 1976px\" \/><\/div>\n<\/div>\n<p>[\/vc_column_text][vc_column_text css=\u00a0\u00bb\u00a0\u00bb]L\u2019EORC a \u00e9galement la chance d\u2019\u00eatre un organisme de bienfaisance membre de la Lola Charitable Gaming Association au Capital Gaming Centre. \u00c0 ce titre, nous recevons des revenus mensuels du centre de jeux. Ces fonds nous aident \u00e0 atteindre nos objectifs de soutien aux personnes vuln\u00e9rables de notre communaut\u00e9.[\/vc_column_text][\/vc_column_inner][vc_column_inner width=\u00a0\u00bb1\/2&Prime;][vc_video link=\u00a0\u00bbhttps:\/\/www.youtube.com\/watch?v=xmSPwXQzhTQ\u00a0\u00bb css=\u00a0\u00bb\u00a0\u00bb][\/vc_column_inner][\/vc_row_inner][\/vc_column][\/vc_row][vc_row type=\u00a0\u00bbfull_width\u00a0\u00bb text_align=\u00a0\u00bbcenter\u00a0\u00bb background_position=\u00a0\u00bb\u00a0\u00bb css=\u00a0\u00bb.vc_custom_1761072250483{background-position: center !important;background-repeat: no-repeat !important;background-size: cover !important;}\u00a0\u00bb][vc_column]<div class=\"dist-shortcode-container wpb_content_element\">    <div class=\"color-line\">\r\n                    <span style=\"background:#f59cab\"><\/span>\r\n                    <span style=\"background:#e3e7e8\"><\/span>\r\n                    <span style=\"background:#fbb020\"><\/span>\r\n                    <span style=\"background:#ea5a4b\"><\/span>\r\n                    <span style=\"background:#2c4a48\"><\/span>\r\n                    <span style=\"background:#e9ebe7\"><\/span>\r\n                    <span style=\"background:#3b5654\"><\/span>\r\n                    <span style=\"background:#5a8f8a\"><\/span>\r\n                    <span style=\"background:#f0a017\"><\/span>\r\n                    <span style=\"background:#e1e7e9\"><\/span>\r\n                    <span style=\"background:#c8cf78\"><\/span>\r\n            <\/div>\r\n    <\/div>[\/vc_column][\/vc_row][vc_row type=\u00a0\u00bbin_grid\u00a0\u00bb text_align=\u00a0\u00bbinherit\u00a0\u00bb background_position=\u00a0\u00bb\u00a0\u00bb el_class=\u00a0\u00bbpadding-100&Prime; css=\u00a0\u00bb.vc_custom_1763046951620{background-color: #F7F8F6 !important;}\u00a0\u00bb el_id=\u00a0\u00bbfunders\u00a0\u00bb][vc_column][vc_row_inner type=\u00a0\u00bbfull_width\u00a0\u00bb text_align=\u00a0\u00bbcenter\u00a0\u00bb background_position=\u00a0\u00bb\u00a0\u00bb el_class=\u00a0\u00bbpadding-b-50&Prime;][vc_column_inner][vc_column_text css=\u00a0\u00bb\u00a0\u00bb el_class=\u00a0\u00bbline-after-h2&Prime;]<\/p>\n<h2>Bailleurs de fonds<\/h2>\n<p>[\/vc_column_text][vc_column_text css=\u00a0\u00bb\u00a0\u00bb el_class=\u00a0\u00bblarge\u00a0\u00bb]Nous exprimons notre sinc\u00e8re reconnaissance aux organismes et aux instances gouvernementales dont le soutien financier rend notre travail possible. Gr\u00e2ce \u00e0 leurs investissements dans nos programmes et services, nos bailleurs de fonds nous permettent de r\u00e9pondre aux besoins de la communaut\u00e9, d\u2019am\u00e9liorer la qualit\u00e9 des services et d\u2019\u00e9largir l\u2019acc\u00e8s \u00e0 des soutiens essentiels pour les personnes et les familles d\u2019Ottawa.<\/p>\n<p>Leur partenariat nous permet d\u2019innover, de maintenir des services essentiels et de cr\u00e9er un impact durable dans la vie des personnes que nous servons. Nous remercions chaleureusement l\u2019ensemble de nos bailleurs de fonds pour leur confiance, leur collaboration et leur engagement envers une communaut\u00e9 plus forte et en meilleure sant\u00e9.[\/vc_column_text][\/vc_column_inner][\/vc_row_inner][vc_row_inner type=\u00a0\u00bbfull_width\u00a0\u00bb text_align=\u00a0\u00bbinherit\u00a0\u00bb background_position=\u00a0\u00bb\u00a0\u00bb][vc_column_inner]<div class=\"dist-shortcode-container wpb_content_element\">    <div class=\"org-logos-row\">\r\n                        <div class=\"org-logo\">\r\n                    <a href=\"https:\/\/ottawa.ca\/fr\" target=\"_blank\" rel=\"noopener\">\r\n                        <div class=\"logo-bg\" style=\"background-image: url('https:\/\/eorc-creo.ca\/wp-content\/uploads\/2025\/12\/eorc-ottawa-logo.jpg');\"><\/div>\r\n                    <\/a>\r\n                <\/div>\r\n\r\n                                <div class=\"org-logo\">\r\n                    <a href=\"https:\/\/www.ottawafoodbank.ca\/fr\/\" target=\"_blank\" rel=\"noopener\">\r\n                        <div class=\"logo-bg\" style=\"background-image: url('https:\/\/eorc-creo.ca\/wp-content\/uploads\/2025\/12\/eorc-ottawa-food-bank.jpg');\"><\/div>\r\n                    <\/a>\r\n                <\/div>\r\n\r\n                                <div class=\"org-logo\">\r\n                    <a href=\"https:\/\/www.ontario.ca\/fr\/page\/gouvernement-de-lontario\" target=\"_blank\" rel=\"noopener\">\r\n                        <div class=\"logo-bg\" style=\"background-image: url('https:\/\/eorc-creo.ca\/wp-content\/uploads\/2025\/12\/eorc-ontario-logo.jpg');\"><\/div>\r\n                    <\/a>\r\n                <\/div>\r\n\r\n                    <\/div>\r\n    <\/div>[\/vc_column_inner][\/vc_row_inner][\/vc_column][\/vc_row]<\/p>\n<\/div>","protected":false},"excerpt":{"rendered":"<p>[vc_row type=\u00a0\u00bbin_grid\u00a0\u00bb text_align=\u00a0\u00bbcenter\u00a0\u00bb background_position=\u00a0\u00bb\u00a0\u00bb css=\u00a0\u00bb.vc_custom_1765308383809{background-image: url(https:\/\/eorc-creo.ca\/wp-content\/uploads\/2025\/12\/eorc-partners-title-bg.jpg?id=1044) !important;background-position: center !important;background-repeat: no-repeat !important;background-size: cover !important;}\u00a0\u00bb min_height=\u00a0\u00bb535&Prime; el_class=\u00a0\u00bbpine-green-image-title-shape title-img-row shape-with-bar\u00a0\u00bb][vc_column][\/vc_column][\/vc_row][vc_row type=\u00a0\u00bbin_grid\u00a0\u00bb text_align=\u00a0\u00bbinherit\u00a0\u00bb background_position=\u00a0\u00bb\u00a0\u00bb el_class=\u00a0\u00bbarchive-programs-title-text-row image-title-text-row padding-100&Prime; css=\u00a0\u00bb.vc_custom_1765308362561{background-color: #5A968B !important;}\u00a0\u00bb][vc_column][vc_row_inner content_placement=\u00a0\u00bbbottom\u00a0\u00bb type=\u00a0\u00bbfull_width\u00a0\u00bb text_align=\u00a0\u00bbinherit\u00a0\u00bb background_position=\u00a0\u00bb\u00a0\u00bb el_class=\u00a0\u00bbimage-title-inner-text-row\u00a0\u00bb][vc_column_inner el_class=\u00a0\u00bbmax-width-95&Prime;][vc_column_text css=\u00a0\u00bb\u00a0\u00bb el_class=\u00a0\u00bbwhite-text line-after-h2&Prime;] Partenaires, donateurs et bailleurs de fonds [\/vc_column_text][vc_column_text css=\u00a0\u00bb\u00a0\u00bb el_class=\u00a0\u00bbwhite-text large\u00a0\u00bb]Au CREO, nous croyons que les changements durables reposent sur des [&hellip;]<\/p>\n","protected":false},"author":1,"featured_media":0,"parent":1147,"menu_order":0,"comment_status":"closed","ping_status":"closed","template":"","meta":{"_acf_changed":false,"_seopress_robots_primary_cat":"","_seopress_titles_title":"","_seopress_titles_desc":"","_seopress_robots_index":"","footnotes":""},"class_list":["post-1207","page","type-page","status-publish","hentry"],"acf":[],"_links":{"self":[{"href":"https:\/\/eorc-creo.ca\/fr\/wp-json\/wp\/v2\/pages\/1207","targetHints":{"allow":["GET"]}}],"collection":[{"href":"https:\/\/eorc-creo.ca\/fr\/wp-json\/wp\/v2\/pages"}],"about":[{"href":"https:\/\/eorc-creo.ca\/fr\/wp-json\/wp\/v2\/types\/page"}],"author":[{"embeddable":true,"href":"https:\/\/eorc-creo.ca\/fr\/wp-json\/wp\/v2\/users\/1"}],"replies":[{"embeddable":true,"href":"https:\/\/eorc-creo.ca\/fr\/wp-json\/wp\/v2\/comments?post=1207"}],"version-history":[{"count":4,"href":"https:\/\/eorc-creo.ca\/fr\/wp-json\/wp\/v2\/pages\/1207\/revisions"}],"predecessor-version":[{"id":1211,"href":"https:\/\/eorc-creo.ca\/fr\/wp-json\/wp\/v2\/pages\/1207\/revisions\/1211"}],"up":[{"embeddable":true,"href":"https:\/\/eorc-creo.ca\/fr\/wp-json\/wp\/v2\/pages\/1147"}],"wp:attachment":[{"href":"https:\/\/eorc-creo.ca\/fr\/wp-json\/wp\/v2\/media?parent=1207"}],"curies":[{"name":"wp","href":"https:\/\/api.w.org\/{rel}","templated":true}]}}