{"id":1147,"date":"2025-10-29T15:04:06","date_gmt":"2025-10-29T19:04:06","guid":{"rendered":"https:\/\/eorc-creo.ca\/about-us\/"},"modified":"2026-02-02T13:23:34","modified_gmt":"2026-02-02T18:23:34","slug":"a-propos","status":"publish","type":"page","link":"https:\/\/eorc-creo.ca\/fr\/a-propos\/","title":{"rendered":"\u00c0 propos"},"content":{"rendered":"<div class=\"wpb-content-wrapper\"><p>[vc_row type=\u00a0\u00bbin_grid\u00a0\u00bb text_align=\u00a0\u00bbcenter\u00a0\u00bb background_position=\u00a0\u00bb\u00a0\u00bb css=\u00a0\u00bb.vc_custom_1765307825599{background-image: url(https:\/\/eorc-creo.ca\/wp-content\/uploads\/2025\/12\/eorc-about-title-bg.jpg?id=1036) !important;background-position: center !important;background-repeat: no-repeat !important;background-size: cover !important;}\u00a0\u00bb min_height=\u00a0\u00bb535&Prime; el_class=\u00a0\u00bbpine-green-image-title-shape title-img-row shape-with-bar\u00a0\u00bb][vc_column][\/vc_column][\/vc_row][vc_row type=\u00a0\u00bbin_grid\u00a0\u00bb text_align=\u00a0\u00bbinherit\u00a0\u00bb background_position=\u00a0\u00bb\u00a0\u00bb el_class=\u00a0\u00bbarchive-programs-title-text-row image-title-text-row padding-100&Prime; css=\u00a0\u00bb.vc_custom_1765307923784{background-color: #5A968B !important;}\u00a0\u00bb][vc_column][vc_row_inner content_placement=\u00a0\u00bbbottom\u00a0\u00bb type=\u00a0\u00bbfull_width\u00a0\u00bb text_align=\u00a0\u00bbinherit\u00a0\u00bb background_position=\u00a0\u00bb\u00a0\u00bb el_class=\u00a0\u00bbimage-title-inner-text-row\u00a0\u00bb][vc_column_inner el_class=\u00a0\u00bbmax-width-95&Prime; width=\u00a0\u00bb7\/12&Prime;][vc_column_text css=\u00a0\u00bb\u00a0\u00bb el_class=\u00a0\u00bbwhite-text line-after-h2&Prime;]<\/p>\n<h1>\u00c0 propos du CREO<\/h1>\n<p>[\/vc_column_text][vc_column_text css=\u00a0\u00bb\u00a0\u00bb el_class=\u00a0\u00bbwhite-text large\u00a0\u00bb]Depuis plus de 45 ans, nous nous engageons \u00e0 offrir des services de soutien compatissants et confidentiels aux personnes et aux familles d\u2019Ottawa. Notre mission est de cr\u00e9er des espaces s\u00e9curitaires o\u00f9 chacun et chacune peut acc\u00e9der \u00e0 l\u2019aide dont il ou elle a besoin.[\/vc_column_text][\/vc_column_inner][vc_column_inner el_class=\u00a0\u00bbmax-width-95 margin-0-auto\u00a0\u00bb width=\u00a0\u00bb5\/12&Prime;][vc_raw_html css=\u00a0\u00bb.vc_custom_1761764881213{margin-bottom: 20px !important;}\u00a0\u00bb]JTNDcCUzRSUzQ2klMjBjbGFzcyUzRCUyMmZhLXNvbGlkJTIwZmEtY2FsZW5kYXIlMjIlM0UlM0MlMkZpJTNFJTNDJTJGcCUzRQ==[\/vc_raw_html][vc_column_text css=\u00a0\u00bb.vc_custom_1769694636705{margin-bottom: 24px !important;}\u00a0\u00bb]<\/p>\n<h3>Au service d\u2019Ottawa depuis 1979<\/h3>\n<p>[\/vc_column_text][\/vc_column_inner][\/vc_row_inner][\/vc_column][\/vc_row][vc_row type=\u00a0\u00bbin_grid\u00a0\u00bb text_align=\u00a0\u00bbinherit\u00a0\u00bb background_position=\u00a0\u00bb\u00a0\u00bb el_class=\u00a0\u00bblearn-more-about-organization-row padding-100&Prime;][vc_column][vc_row_inner type=\u00a0\u00bbfull_width\u00a0\u00bb text_align=\u00a0\u00bbcenter\u00a0\u00bb background_position=\u00a0\u00bb\u00a0\u00bb el_class=\u00a0\u00bbpadding-b-50&Prime;][vc_column_inner][vc_column_text css=\u00a0\u00bb\u00a0\u00bb el_class=\u00a0\u00bbline-after-h2-center line-after-h2&Prime;]<\/p>\n<h2>En savoir plus sur notre organisme<\/h2>\n<p>[\/vc_column_text][\/vc_column_inner][\/vc_row_inner][vc_row_inner equal_height=\u00a0\u00bbyes\u00a0\u00bb type=\u00a0\u00bbfull_width\u00a0\u00bb text_align=\u00a0\u00bbinherit\u00a0\u00bb background_position=\u00a0\u00bb\u00a0\u00bb el_class=\u00a0\u00bblearn-more-about-organization-inner-row\u00a0\u00bb][vc_column_inner width=\u00a0\u00bb1\/3&Prime;][vc_column_text css=\u00a0\u00bb.vc_custom_1769694672399{margin-bottom: 20px !important;}\u00a0\u00bb]<\/p>\n<h4>Mission, vision et valeurs<\/h4>\n<p>[\/vc_column_text][vc_column_text css=\u00a0\u00bb.vc_custom_1769694681263{margin-bottom: 20px !important;}\u00a0\u00bb]Nos valeurs fondamentales, notre \u00e9nonc\u00e9 de mission et notre vision pour l\u2019avenir de notre communaut\u00e9.[\/vc_column_text]<a href=\"\/fr\/a-propos\/vision-mission-values\/\" target=\"_self\" class=\"dist-btn learn-more-organization-link\">En savoir plus<\/a>[\/vc_column_inner][vc_column_inner width=\u00a0\u00bb1\/3&Prime;][vc_column_text css=\u00a0\u00bb.vc_custom_1769694747442{margin-bottom: 20px !important;}\u00a0\u00bb]<\/p>\n<h4>Plan strat\u00e9gique<\/h4>\n<p>[\/vc_column_text][vc_column_text css=\u00a0\u00bb.vc_custom_1769694754483{margin-bottom: 20px !important;}\u00a0\u00bb]Notre feuille de route pour la croissance, l\u2019innovation et le renforcement du soutien communautaire au cours des cinq prochaines ann\u00e9es.[\/vc_column_text]<a href=\"\/fr\/a-propos\/vision-mission-values\/#strategicPlans\" target=\"_self\" class=\"dist-btn learn-more-organization-link\">En savoir plus<\/a>[\/vc_column_inner][vc_column_inner width=\u00a0\u00bb1\/3&Prime;][vc_column_text css=\u00a0\u00bb.vc_custom_1769694760733{margin-bottom: 20px !important;}\u00a0\u00bb]<\/p>\n<h4>Notre \u00e9quipe<\/h4>\n<p>[\/vc_column_text][vc_column_text css=\u00a0\u00bb.vc_custom_1769694766971{margin-bottom: 20px !important;}\u00a0\u00bb]Faites connaissance avec les membres de notre conseil d\u2019administration et notre \u00e9quipe de gestion d\u00e9vou\u00e9e.[\/vc_column_text]<a href=\"\/fr\/a-propos\/notre-equipe\/\" target=\"_self\" class=\"dist-btn learn-more-organization-link\">En savoir plus<\/a>[\/vc_column_inner][vc_column_inner width=\u00a0\u00bb1\/3&Prime;][vc_column_text css=\u00a0\u00bb.vc_custom_1769694774797{margin-bottom: 20px !important;}\u00a0\u00bb]<\/p>\n<h4>Partenaires, bailleurs de fonds et donateurs<\/h4>\n<p>[\/vc_column_text][vc_column_text css=\u00a0\u00bb.vc_custom_1769694782772{margin-bottom: 20px !important;}\u00a0\u00bb]Les partenaires communautaires, bailleurs de fonds et commanditaires qui rendent notre travail possible.[\/vc_column_text]<a href=\"\/fr\/a-propos\/partenaires-donateurs-et-bailleurs-de-fonds\/#partners\" target=\"_self\" class=\"dist-btn learn-more-organization-link\">En savoir plus<\/a>[\/vc_column_inner][vc_column_inner width=\u00a0\u00bb1\/3&Prime;][vc_column_text css=\u00a0\u00bb.vc_custom_1769694791096{margin-bottom: 20px !important;}\u00a0\u00bb]<\/p>\n<h4>Rapports annuels<\/h4>\n<p>[\/vc_column_text][vc_column_text css=\u00a0\u00bb.vc_custom_1769694798258{margin-bottom: 20px !important;}\u00a0\u00bb]Faits saillants op\u00e9rationnels, r\u00e9sultats des programmes et rapports sur l\u2019impact communautaire.[\/vc_column_text]<a href=\"\/fr\/a-propos\/transparence-et-reddition-de-comptes\/#annualReports\" target=\"_self\" class=\"dist-btn learn-more-organization-link\">En savoir plus<\/a>[\/vc_column_inner][vc_column_inner width=\u00a0\u00bb1\/3&Prime;][vc_column_text css=\u00a0\u00bb.vc_custom_1769694803860{margin-bottom: 20px !important;}\u00a0\u00bb]<\/p>\n<h4>\u00c9tats financiers<\/h4>\n<p>[\/vc_column_text][vc_column_text css=\u00a0\u00bb.vc_custom_1769694809860{margin-bottom: 20px !important;}\u00a0\u00bb]Transparence financi\u00e8re, aper\u00e7u et reddition de comptes.[\/vc_column_text]<a href=\"\/fr\/a-propos\/transparence-et-reddition-de-comptes\/#financialStatements\" target=\"_self\" class=\"dist-btn learn-more-organization-link\">En savoir plus<\/a>[\/vc_column_inner][vc_column_inner width=\u00a0\u00bb1\/3&Prime;][vc_column_text css=\u00a0\u00bb.vc_custom_1769694818335{margin-bottom: 20px !important;}\u00a0\u00bb]<\/p>\n<h4>Transparence et reddition de comptes<\/h4>\n<p>[\/vc_column_text][vc_column_text css=\u00a0\u00bb.vc_custom_1769694826713{margin-bottom: 20px !important;}\u00a0\u00bb]Accord de responsabilit\u00e9 de services multi-secteurs et engagements de financement.[\/vc_column_text]<a href=\"\/fr\/a-propos\/transparence-et-reddition-de-comptes\/\" target=\"_self\" class=\"dist-btn learn-more-organization-link\">En savoir plus<\/a>[\/vc_column_inner][vc_column_inner width=\u00a0\u00bb1\/3&Prime;][vc_column_text css=\u00a0\u00bb.vc_custom_1769694834319{margin-bottom: 20px !important;}\u00a0\u00bb]<\/p>\n<h4>Statuts et r\u00e8glements<\/h4>\n<p>[\/vc_column_text][vc_column_text css=\u00a0\u00bb.vc_custom_1769694840222{margin-bottom: 20px !important;}\u00a0\u00bb]Cadre de gouvernance, structure organisationnelle et lignes directrices.[\/vc_column_text]<a href=\"\/fr\/a-propos\/transparence-et-reddition-de-comptes\/#corporateBylaws\" target=\"_self\" class=\"dist-btn learn-more-organization-link\">En savoir plus<\/a>[\/vc_column_inner][\/vc_row_inner][\/vc_column][\/vc_row][vc_row type=\u00a0\u00bbfull_width\u00a0\u00bb text_align=\u00a0\u00bbcenter\u00a0\u00bb background_position=\u00a0\u00bb\u00a0\u00bb css=\u00a0\u00bb.vc_custom_1761072250483{background-position: center !important;background-repeat: no-repeat !important;background-size: cover !important;}\u00a0\u00bb][vc_column]<div class=\"dist-shortcode-container wpb_content_element\">    <div class=\"color-line\">\r\n                    <span style=\"background:#f59cab\"><\/span>\r\n                    <span style=\"background:#e3e7e8\"><\/span>\r\n                    <span style=\"background:#fbb020\"><\/span>\r\n                    <span style=\"background:#ea5a4b\"><\/span>\r\n                    <span style=\"background:#2c4a48\"><\/span>\r\n                    <span style=\"background:#e9ebe7\"><\/span>\r\n                    <span style=\"background:#3b5654\"><\/span>\r\n                    <span style=\"background:#5a8f8a\"><\/span>\r\n                    <span style=\"background:#f0a017\"><\/span>\r\n                    <span style=\"background:#e1e7e9\"><\/span>\r\n                    <span style=\"background:#c8cf78\"><\/span>\r\n            <\/div>\r\n    <\/div>[\/vc_column][\/vc_row][vc_row type=\u00a0\u00bbin_grid\u00a0\u00bb text_align=\u00a0\u00bbcenter\u00a0\u00bb background_position=\u00a0\u00bb\u00a0\u00bb el_class=\u00a0\u00bbpadding-100&Prime; css=\u00a0\u00bb.vc_custom_1761765002791{margin-top: 0px !important;background-color: #F7F8F6 !important;}\u00a0\u00bb][vc_column][vc_row_inner type=\u00a0\u00bbfull_width\u00a0\u00bb text_align=\u00a0\u00bbcenter\u00a0\u00bb background_position=\u00a0\u00bb\u00a0\u00bb el_class=\u00a0\u00bbpadding-b-50&Prime;][vc_column_inner][vc_column_text css=\u00a0\u00bb\u00a0\u00bb el_class=\u00a0\u00bbline-after-h2-center line-after-h2&Prime;]<\/p>\n<h2>Notre parcours<\/h2>\n<p>[\/vc_column_text][\/vc_column_inner][\/vc_row_inner][vc_row_inner type=\u00a0\u00bbfull_width\u00a0\u00bb text_align=\u00a0\u00bbinherit\u00a0\u00bb background_position=\u00a0\u00bb\u00a0\u00bb el_class=\u00a0\u00bbour-journey-timeline-row\u00a0\u00bb][vc_column_inner]\t\t\t<!-- Cool Timeline Free V3.3.0 -->\n\t\t\t<div class=\"ctl-wrapper\" role=\"region\" aria-label=\"Timeline\">\n\t\t\t\t\t\t\t\t<div id=\"cool_timeline_1\" class=\"cool-timeline-wrapper ctl-one-sided ctl-vertical-wrapper ctl-clean-skin\" >\n\t\t\t\t\t<div class=\"ctl-start\"><\/div>\n\t\t\t\t\t<!-- Timeline Container -->\n\t\t\t\t\t<div class=\"ctl-timeline ctl-timeline-container\" data-animation=\"none\">\n\t\t\t\t\t\t<!-- Center Line -->\n\t\t\t\t\t\t<div class=\"ctl-inner-line\" role=\"presentation\"><\/div>\n\t\t\t\t\t\t\t\t\t\t\t\t<!-- Timeline Content --><div  id=\"ctl-story-1126\" class=\"ctl-story ctl-story-icon odd ctl-story-right\" data-aos=\"none\"   data-story-index=\"1\" role=\"article\"><!-- Story Date --><div class=\"ctl-labels\"><div class=\"ctl-label-big story-date\">1979<\/div><\/div><!-- Story Icon --><div class=\"ctl-icon\"><i class=\"fa fa-clock-o\" aria-hidden=\"true\"><\/i><\/div> <!-- Story Content --><div class=\"ctl-content\"><!-- Story Title --><div class=\"ctl-title story-1126\" aria-label=\"2\">Fondation<\/div><!-- Story Description --><div class=\"ctl-description\"><p>Ouverture sous le nom de Centre de ressources communautaires de Gloucester, au service des r\u00e9sidents de l\u2019ancienne Ville de Gloucester.<\/p>\n<\/div><\/div><\/div><!-- Timeline Content --><div  id=\"ctl-story-1136\" class=\"ctl-story ctl-story-icon even ctl-story-right\" data-aos=\"none\"   data-story-index=\"2\" role=\"article\"><!-- Story Date --><div class=\"ctl-labels\"><div class=\"ctl-label-big story-date\">1985<\/div><\/div><!-- Story Icon --><div class=\"ctl-icon\"><i class=\"fa fa-clock-o\" aria-hidden=\"true\"><\/i><\/div> <!-- Story Content --><div class=\"ctl-content\"><!-- Story Title --><div class=\"ctl-title story-1136\" aria-label=\"2\">Expansion<\/div><!-- Story Description --><div class=\"ctl-description\"><p>Ajout de programmes sp\u00e9cialis\u00e9s pour les enfants, les jeunes, les a\u00een\u00e9s et les familles touch\u00e9es par la violence et les traumatismes.<\/p>\n<\/div><\/div><\/div><!-- Timeline Content --><div  id=\"ctl-story-1137\" class=\"ctl-story ctl-story-icon odd ctl-story-right\" data-aos=\"none\"   data-story-index=\"3\" role=\"article\"><!-- Story Date --><div class=\"ctl-labels\"><div class=\"ctl-label-big story-date\">1992<\/div><\/div><!-- Story Icon --><div class=\"ctl-icon\"><i class=\"fa fa-clock-o\" aria-hidden=\"true\"><\/i><\/div> <!-- Story Content --><div class=\"ctl-content\"><!-- Story Title --><div class=\"ctl-title story-1137\" aria-label=\"2\">Engagement envers les services en fran\u00e7ais<\/div><!-- Story Description --><div class=\"ctl-description\"><p>Obtention de la d\u00e9signation de services en fran\u00e7ais en vertu de la Loi 8.<\/p>\n<\/div><\/div><\/div><!-- Timeline Content --><div  id=\"ctl-story-1138\" class=\"ctl-story ctl-story-icon even ctl-story-right\" data-aos=\"none\"   data-story-index=\"4\" role=\"article\"><!-- Story Date --><div class=\"ctl-labels\"><div class=\"ctl-label-big story-date\">2004<\/div><\/div><!-- Story Icon --><div class=\"ctl-icon\"><i class=\"fa fa-clock-o\" aria-hidden=\"true\"><\/i><\/div> <!-- Story Content --><div class=\"ctl-content\"><!-- Story Title --><div class=\"ctl-title story-1138\" aria-label=\"2\">Mandat \u00e9largi<\/div><!-- Story Description --><div class=\"ctl-description\"><p>Co-d\u00e9veloppement de la ligne d\u2019\u00e9coute francophone Femme \u00e0 l\u2019\u00e9coute et adoption du nom Centre des ressources de l\u2019Est d\u2019Ottawa (EORC) afin de refl\u00e9ter l\u2019\u00e9largissement des services dans l\u2019est de la ville.<\/p>\n<\/div><\/div><\/div><!-- Timeline Content --><div  id=\"ctl-story-1139\" class=\"ctl-story ctl-story-icon odd ctl-story-right\" data-aos=\"none\"   data-story-index=\"5\" role=\"article\"><!-- Story Date --><div class=\"ctl-labels\"><div class=\"ctl-label-big story-date\">2007<\/div><\/div><!-- Story Icon --><div class=\"ctl-icon\"><i class=\"fa fa-clock-o\" aria-hidden=\"true\"><\/i><\/div> <!-- Story Content --><div class=\"ctl-content\"><!-- Story Title --><div class=\"ctl-title story-1139\" aria-label=\"2\">Soutien aux a\u00een\u00e9s<\/div><!-- Story Description --><div class=\"ctl-description\"><p>Int\u00e9gration du programme de soutien \u00e0 domicile de Cumberland, incluant le programme de jour pour adultes, le transport, l\u2019aide \u00e0 domicile et les services de r\u00e9pit.<\/p>\n<\/div><\/div><\/div><!-- Timeline Content --><div  id=\"ctl-story-1140\" class=\"ctl-story ctl-story-icon even ctl-story-right\" data-aos=\"none\"   data-story-index=\"6\" role=\"article\"><!-- Story Date --><div class=\"ctl-labels\"><div class=\"ctl-label-big story-date\">2013<\/div><\/div><!-- Story Icon --><div class=\"ctl-icon\"><i class=\"fa fa-clock-o\" aria-hidden=\"true\"><\/i><\/div> <!-- Story Content --><div class=\"ctl-content\"><!-- Story Title --><div class=\"ctl-title story-1140\" aria-label=\"2\">Prix d\u2019excellence en affaires<\/div><!-- Story Description --><div class=\"ctl-description\"><p>R\u00e9ception du Prix d\u2019excellence en affaires de la Chambre de commerce d\u2019Orl\u00e9ans, en reconnaissance de notre engagement envers la qualit\u00e9 des services et l\u2019impact communautaire.<\/p>\n<\/div><\/div><\/div><!-- Timeline Content --><div  id=\"ctl-story-1141\" class=\"ctl-story ctl-story-icon odd ctl-story-right\" data-aos=\"none\"   data-story-index=\"7\" role=\"article\"><!-- Story Date --><div class=\"ctl-labels\"><div class=\"ctl-label-big story-date\">2016<\/div><\/div><!-- Story Icon --><div class=\"ctl-icon\"><i class=\"fa fa-clock-o\" aria-hidden=\"true\"><\/i><\/div> <!-- Story Content --><div class=\"ctl-content\"><!-- Story Title --><div class=\"ctl-title story-1141\" aria-label=\"2\">Un nouveau chez-soi<\/div><!-- Story Description --><div class=\"ctl-description\"><p>Transition d\u2019un petit bureau communautaire vers le Centre commercial de Gloucester, am\u00e9liorant l\u2019accessibilit\u00e9 et la capacit\u00e9 des programmes.<\/p>\n<\/div><\/div><\/div><!-- Timeline Content --><div  id=\"ctl-story-1142\" class=\"ctl-story ctl-story-icon even ctl-story-right\" data-aos=\"none\"   data-story-index=\"8\" role=\"article\"><!-- Story Date --><div class=\"ctl-labels\"><div class=\"ctl-label-big story-date\">2021<\/div><\/div><!-- Story Icon --><div class=\"ctl-icon\"><i class=\"fa fa-clock-o\" aria-hidden=\"true\"><\/i><\/div> <!-- Story Content --><div class=\"ctl-content\"><!-- Story Title --><div class=\"ctl-title story-1142\" aria-label=\"2\">Ouverture d\u2019un bureau satellite<\/div><!-- Story Description --><div class=\"ctl-description\"><p>Ouverture d\u2019un bureau satellite au Carrefour sant\u00e9 Aline-Chr\u00e9tien, augmentant la port\u00e9e et la commodit\u00e9 pour la communaut\u00e9.<\/p>\n<\/div><\/div><\/div><!-- Timeline Content --><div  id=\"ctl-story-1143\" class=\"ctl-story ctl-story-icon odd ctl-story-right\" data-aos=\"none\"   data-story-index=\"9\" role=\"article\"><!-- Story Date --><div class=\"ctl-labels\"><div class=\"ctl-label-big story-date\">2022<\/div><\/div><!-- Story Icon --><div class=\"ctl-icon\"><i class=\"fa fa-clock-o\" aria-hidden=\"true\"><\/i><\/div> <!-- Story Content --><div class=\"ctl-content\"><!-- Story Title --><div class=\"ctl-title story-1143\" aria-label=\"2\">Accr\u00e9ditation obtenue<\/div><!-- Story Description --><div class=\"ctl-description\"><p>Obtention de notre premi\u00e8re accr\u00e9ditation de quatre ans de FOCUS Accreditation, t\u00e9moignant de l\u2019excellence de la qualit\u00e9 des services et des normes organisationnelles.<\/p>\n<\/div><\/div><\/div><!-- Timeline Content --><div  id=\"ctl-story-1144\" class=\"ctl-story ctl-story-icon even ctl-story-right\" data-aos=\"none\"   data-story-index=\"10\" role=\"article\"><!-- Story Date --><div class=\"ctl-labels\"><div class=\"ctl-label-big story-date\">2025<\/div><\/div><!-- Story Icon --><div class=\"ctl-icon\"><i class=\"fa fa-clock-o\" aria-hidden=\"true\"><\/i><\/div> <!-- Story Content --><div class=\"ctl-content\"><!-- Story Title --><div class=\"ctl-title story-1144\" aria-label=\"2\">Repositionnement de la marque et modernisation<\/div><!-- Story Description --><div class=\"ctl-description\"><p>Mise \u00e0 jour de l\u2019image de marque de l\u2019organisme et actualisation du nom fran\u00e7ais afin de mieux refl\u00e9ter notre identit\u00e9 contemporaine.<\/p>\n<\/div><\/div><\/div>\t\t\t\t\t<\/div>\n\t\t\t\t\t<div class=\"ctl-end\"><\/div>\n\t\t\t\t\t\t\t\t\t<\/div>\n\t\t\t<\/div>\n\t\t\t[\/vc_column_inner][\/vc_row_inner][\/vc_column][\/vc_row]<\/p>\n<\/div>","protected":false},"excerpt":{"rendered":"<p>[vc_row type=\u00a0\u00bbin_grid\u00a0\u00bb text_align=\u00a0\u00bbcenter\u00a0\u00bb background_position=\u00a0\u00bb\u00a0\u00bb css=\u00a0\u00bb.vc_custom_1765307825599{background-image: url(https:\/\/eorc-creo.ca\/wp-content\/uploads\/2025\/12\/eorc-about-title-bg.jpg?id=1036) !important;background-position: center !important;background-repeat: no-repeat !important;background-size: cover !important;}\u00a0\u00bb min_height=\u00a0\u00bb535&Prime; el_class=\u00a0\u00bbpine-green-image-title-shape title-img-row shape-with-bar\u00a0\u00bb][vc_column][\/vc_column][\/vc_row][vc_row type=\u00a0\u00bbin_grid\u00a0\u00bb text_align=\u00a0\u00bbinherit\u00a0\u00bb background_position=\u00a0\u00bb\u00a0\u00bb el_class=\u00a0\u00bbarchive-programs-title-text-row image-title-text-row padding-100&Prime; css=\u00a0\u00bb.vc_custom_1765307923784{background-color: #5A968B !important;}\u00a0\u00bb][vc_column][vc_row_inner content_placement=\u00a0\u00bbbottom\u00a0\u00bb type=\u00a0\u00bbfull_width\u00a0\u00bb text_align=\u00a0\u00bbinherit\u00a0\u00bb background_position=\u00a0\u00bb\u00a0\u00bb el_class=\u00a0\u00bbimage-title-inner-text-row\u00a0\u00bb][vc_column_inner el_class=\u00a0\u00bbmax-width-95&Prime; width=\u00a0\u00bb7\/12&Prime;][vc_column_text css=\u00a0\u00bb\u00a0\u00bb el_class=\u00a0\u00bbwhite-text line-after-h2&Prime;] \u00c0 propos du CREO [\/vc_column_text][vc_column_text css=\u00a0\u00bb\u00a0\u00bb el_class=\u00a0\u00bbwhite-text large\u00a0\u00bb]Depuis plus de 45 ans, nous nous engageons \u00e0 offrir des services [&hellip;]<\/p>\n","protected":false},"author":1,"featured_media":0,"parent":0,"menu_order":0,"comment_status":"closed","ping_status":"closed","template":"","meta":{"_acf_changed":false,"_seopress_robots_primary_cat":"","_seopress_titles_title":"","_seopress_titles_desc":"","_seopress_robots_index":"","footnotes":""},"class_list":["post-1147","page","type-page","status-publish","hentry"],"acf":[],"_links":{"self":[{"href":"https:\/\/eorc-creo.ca\/fr\/wp-json\/wp\/v2\/pages\/1147","targetHints":{"allow":["GET"]}}],"collection":[{"href":"https:\/\/eorc-creo.ca\/fr\/wp-json\/wp\/v2\/pages"}],"about":[{"href":"https:\/\/eorc-creo.ca\/fr\/wp-json\/wp\/v2\/types\/page"}],"author":[{"embeddable":true,"href":"https:\/\/eorc-creo.ca\/fr\/wp-json\/wp\/v2\/users\/1"}],"replies":[{"embeddable":true,"href":"https:\/\/eorc-creo.ca\/fr\/wp-json\/wp\/v2\/comments?post=1147"}],"version-history":[{"count":5,"href":"https:\/\/eorc-creo.ca\/fr\/wp-json\/wp\/v2\/pages\/1147\/revisions"}],"predecessor-version":[{"id":1442,"href":"https:\/\/eorc-creo.ca\/fr\/wp-json\/wp\/v2\/pages\/1147\/revisions\/1442"}],"wp:attachment":[{"href":"https:\/\/eorc-creo.ca\/fr\/wp-json\/wp\/v2\/media?parent=1147"}],"curies":[{"name":"wp","href":"https:\/\/api.w.org\/{rel}","templated":true}]}}